{"id":105,"date":"2022-12-27T22:02:46","date_gmt":"2022-12-27T22:02:46","guid":{"rendered":"https:\/\/apellismedicalhub.ca\/fr\/?page_id=105"},"modified":"2024-03-01T16:58:15","modified_gmt":"2024-03-01T16:58:15","slug":"our-pipeline","status":"publish","type":"page","link":"https:\/\/apellismedicalhub.ca\/fr\/science\/our-pipeline\/","title":{"rendered":"Pipeline"},"content":{"rendered":"<div id='av_section_1'  class='avia-section av-s2wtt-4975513322acef3a75aac3c461490bfe main_color avia-section-no-padding avia-no-border-styling  avia-builder-el-0  el_before_av_section  avia-builder-el-first  header-img avia-bg-style-scroll container_wrap fullsize'  ><div class='container av-section-cont-open' ><main  role=\"main\" itemprop=\"mainContentOfPage\"  class='template-page content  av-content-full alpha units'><div class='post-entry post-entry-type-page post-entry-105'><div class='entry-content-wrapper clearfix'>\n\n<style type=\"text\/css\" data-created_by=\"avia_inline_auto\" id=\"style-css-av-lc6rwodu-c785a28acddc6446c69f567df5977d88\">\n.avia-image-container.av-lc6rwodu-c785a28acddc6446c69f567df5977d88 img.avia_image{\nbox-shadow:none;\n}\n.avia-image-container.av-lc6rwodu-c785a28acddc6446c69f567df5977d88 .av-image-caption-overlay-center{\ncolor:#ffffff;\n}\n<\/style>\n<div  class='avia-image-container av-lc6rwodu-c785a28acddc6446c69f567df5977d88 av-styling-no-styling avia-align-center  avia-builder-el-1  avia-builder-el-no-sibling '   itemprop=\"image\" itemscope=\"itemscope\" itemtype=\"https:\/\/schema.org\/ImageObject\" ><div class=\"avia-image-container-inner\"><div class=\"avia-image-overlay-wrap\"><img decoding=\"async\" fetchpriority=\"high\" class='wp-image-106 avia-img-lazy-loading-not-106 avia_image ' src=\"https:\/\/apellismedicalhub.ca\/fr\/wp-content\/uploads\/2022\/12\/hero-l-pipeline.jpg\" alt='' title='hero-l-pipeline'  height=\"500\" width=\"1440\"  itemprop=\"thumbnailUrl\" srcset=\"https:\/\/apellismedicalhub.ca\/fr\/wp-content\/uploads\/2022\/12\/hero-l-pipeline.jpg 1440w, https:\/\/apellismedicalhub.ca\/fr\/wp-content\/uploads\/2022\/12\/hero-l-pipeline-300x104.jpg 300w, https:\/\/apellismedicalhub.ca\/fr\/wp-content\/uploads\/2022\/12\/hero-l-pipeline-1030x358.jpg 1030w, https:\/\/apellismedicalhub.ca\/fr\/wp-content\/uploads\/2022\/12\/hero-l-pipeline-768x267.jpg 768w, https:\/\/apellismedicalhub.ca\/fr\/wp-content\/uploads\/2022\/12\/hero-l-pipeline-705x245.jpg 705w\" sizes=\"(max-width: 1440px) 100vw, 1440px\" \/><\/div><\/div><\/div>\n\n<\/div><\/div><\/main><!-- close content main element --><\/div><\/div><div id='av_section_2'  class='avia-section av-iummx-0f71cb1eb46bf51a5b46bc204d9dfe0b main_color avia-section-large avia-no-border-styling  avia-builder-el-2  el_after_av_section  avia-builder-el-last  science-template avia-bg-style-scroll container_wrap fullsize'  ><div class='container av-section-cont-open' ><div class='template-page content  av-content-full alpha units'><div class='post-entry post-entry-type-page post-entry-105'><div class='entry-content-wrapper clearfix'>\n\n<style type=\"text\/css\" data-created_by=\"avia_inline_auto\" id=\"style-css-av-lc6rwe4y-d6af7a838f5424973ef1a122b469c744\">\n#top .av-special-heading.av-lc6rwe4y-d6af7a838f5424973ef1a122b469c744{\npadding-bottom:30px;\n}\nbody .av-special-heading.av-lc6rwe4y-d6af7a838f5424973ef1a122b469c744 .av-special-heading-tag .heading-char{\nfont-size:25px;\n}\n.av-special-heading.av-lc6rwe4y-d6af7a838f5424973ef1a122b469c744 .av-subheading{\nfont-size:15px;\n}\n<\/style>\n<div  class='av-special-heading av-lc6rwe4y-d6af7a838f5424973ef1a122b469c744 av-special-heading-h1 blockquote modern-quote  avia-builder-el-3  el_before_av_textblock  avia-builder-el-first '><h1 class='av-special-heading-tag'  itemprop=\"headline\"  >Notre portefeuille de produits<\/h1><div class=\"special-heading-border\"><div class=\"special-heading-inner-border\"><\/div><\/div><\/div>\n<section  class='av_textblock_section av-lc6rxlx9-5a0ad20ccd004e20cb04af4063ccadfc '   itemscope=\"itemscope\" itemtype=\"https:\/\/schema.org\/CreativeWork\" ><div class='avia_textblock'  itemprop=\"text\" ><p>Les efforts d\u2019Apellis sont ax\u00e9s sur la mise au point d\u2019immunoth\u00e9rapies ciblant le compl\u00e9ment. Nous pensons que cette approche peut entra\u00eener une grande inhibition des voies principales du syst\u00e8me de compl\u00e9ment et a le potentiel de contr\u00f4ler efficacement un large \u00e9ventail de maladies graves.<\/p>\n<p><strong>L\u2019innocuit\u00e9 et l&rsquo;efficacit\u00e9 des produits pour les indications \u00e0 l&rsquo;\u00e9tude n&rsquo;ont pas \u00e9t\u00e9 \u00e9tablies. Il n&rsquo;y a aucune garantie que les r\u00e9sultats de ces \u00e9tudes aboutiront \u00e0 l&rsquo;approbation de Sant\u00e9 Canada.<\/strong><\/p>\n<\/div><\/section>\n\n<style type=\"text\/css\" data-created_by=\"avia_inline_auto\" id=\"style-css-av-lcqq6bb4-b18a8b6895fafd88b9c101809790f59c\">\n#top .hr.hr-invisible.av-lcqq6bb4-b18a8b6895fafd88b9c101809790f59c{\nheight:30px;\n}\n<\/style>\n<div  class='hr av-lcqq6bb4-b18a8b6895fafd88b9c101809790f59c hr-invisible  avia-builder-el-5  el_after_av_textblock  el_before_av_image '><span class='hr-inner '><span class=\"hr-inner-style\"><\/span><\/span><\/div>\n\n<style type=\"text\/css\" data-created_by=\"avia_inline_auto\" id=\"style-css-av-lcqpwe2g-57e71a54f99f37a15c51529e917ef3de\">\n.avia-image-container.av-lcqpwe2g-57e71a54f99f37a15c51529e917ef3de img.avia_image{\nbox-shadow:none;\n}\n.avia-image-container.av-lcqpwe2g-57e71a54f99f37a15c51529e917ef3de .av-image-caption-overlay-center{\ncolor:#ffffff;\n}\n<\/style>\n<div  class='avia-image-container av-lcqpwe2g-57e71a54f99f37a15c51529e917ef3de av-styling-no-styling avia-align-center  avia-builder-el-6  el_after_av_hr  el_before_av_hr '   itemprop=\"image\" itemscope=\"itemscope\" itemtype=\"https:\/\/schema.org\/ImageObject\" ><div class=\"avia-image-container-inner\"><div class=\"avia-image-overlay-wrap\"><img decoding=\"async\" fetchpriority=\"high\" class='wp-image-2754 avia-img-lazy-loading-not-2754 avia_image ' src=\"https:\/\/apellismedicalhub.ca\/fr\/wp-content\/uploads\/2024\/03\/240229_Pipeline-Update-Feb-2024-e1709302984110-1030x857.png\" alt='' title='240229_Pipeline Update Feb 2024'  height=\"857\" width=\"1030\"  itemprop=\"thumbnailUrl\" srcset=\"https:\/\/apellismedicalhub.ca\/fr\/wp-content\/uploads\/2024\/03\/240229_Pipeline-Update-Feb-2024-e1709302984110-1030x857.png 1030w, https:\/\/apellismedicalhub.ca\/fr\/wp-content\/uploads\/2024\/03\/240229_Pipeline-Update-Feb-2024-e1709302984110-300x249.png 300w, https:\/\/apellismedicalhub.ca\/fr\/wp-content\/uploads\/2024\/03\/240229_Pipeline-Update-Feb-2024-e1709302984110-768x639.png 768w, https:\/\/apellismedicalhub.ca\/fr\/wp-content\/uploads\/2024\/03\/240229_Pipeline-Update-Feb-2024-e1709302984110-1536x1277.png 1536w, https:\/\/apellismedicalhub.ca\/fr\/wp-content\/uploads\/2024\/03\/240229_Pipeline-Update-Feb-2024-e1709302984110-2048x1703.png 2048w, https:\/\/apellismedicalhub.ca\/fr\/wp-content\/uploads\/2024\/03\/240229_Pipeline-Update-Feb-2024-e1709302984110-1500x1247.png 1500w, https:\/\/apellismedicalhub.ca\/fr\/wp-content\/uploads\/2024\/03\/240229_Pipeline-Update-Feb-2024-e1709302984110-705x586.png 705w\" sizes=\"(max-width: 1030px) 100vw, 1030px\" \/><\/div><\/div><\/div>\n\n<style type=\"text\/css\" data-created_by=\"avia_inline_auto\" id=\"style-css-av-rwpl-734c414f8161acd593fa7812bb968297\">\n#top .hr.hr-invisible.av-rwpl-734c414f8161acd593fa7812bb968297{\nheight:30px;\n}\n<\/style>\n<div  class='hr av-rwpl-734c414f8161acd593fa7812bb968297 hr-invisible  avia-builder-el-7  el_after_av_image  el_before_av_textblock '><span class='hr-inner '><span class=\"hr-inner-style\"><\/span><\/span><\/div>\n\n<style type=\"text\/css\" data-created_by=\"avia_inline_auto\" id=\"style-css-av-lc6rxwvq-47cb5298c29642dbc682619e3cafbe2c\">\n#top .av_textblock_section.av-lc6rxwvq-47cb5298c29642dbc682619e3cafbe2c .avia_textblock{\nfont-size:13px;\n}\n<\/style>\n<section  class='av_textblock_section av-lc6rxwvq-47cb5298c29642dbc682619e3cafbe2c '   itemscope=\"itemscope\" itemtype=\"https:\/\/schema.org\/CreativeWork\" ><div class='avia_textblock'  itemprop=\"text\" ><div class=\"c-pipeline\">\n<p class=\"c-pipeline__smallprint\">*Sobi d\u00e9tient des droits de co-d\u00e9veloppement mondial et de commercialisation hors \u00c9tats-Unis pour le pegc\u00e9tacoplan syst\u00e9mique<\/p>\n<\/div>\n<\/div><\/section>\n<section  class='av_textblock_section av-lfcjw8q2-6a9cb852f475a24bb7004d5129a8aa32 '   itemscope=\"itemscope\" itemtype=\"https:\/\/schema.org\/CreativeWork\" ><div class='avia_textblock'  itemprop=\"text\" ><div class=\"c-pipeline\">\n<p>Pour en savoir plus sur les essais cliniques d\u2019Apellis, consultez le site (en anglais seulement) :\u00a0<a href=\"http:\/\/www.clinicaltrials.gov\">www.clinicaltrials.gov<\/a><\/p>\n<\/div>\n<p>Pour en savoir plus sur Sobi, visitez <a href=\"http:\/\/www.sobi.ca\">www.sobi.ca<\/a><\/p>\n<\/div><\/section>\n\n","protected":false},"excerpt":{"rendered":"","protected":false},"author":3,"featured_media":0,"parent":44,"menu_order":0,"comment_status":"closed","ping_status":"closed","template":"","meta":{"footnotes":""},"class_list":["post-105","page","type-page","status-publish","hentry"],"yoast_head":"<!-- This site is optimized with the Yoast SEO plugin v27.3 - https:\/\/yoast.com\/product\/yoast-seo-wordpress\/ -->\n<title>Pipeline - Apellis Medical Hub Canada<\/title>\n<meta name=\"robots\" content=\"index, follow, max-snippet:-1, max-image-preview:large, max-video-preview:-1\" \/>\n<link rel=\"canonical\" href=\"https:\/\/apellismedicalhub.ca\/fr\/science\/our-pipeline\/\" \/>\n<meta property=\"og:locale\" content=\"fr_FR\" \/>\n<meta property=\"og:type\" content=\"article\" \/>\n<meta property=\"og:title\" content=\"Pipeline - Apellis Medical Hub Canada\" \/>\n<meta property=\"og:url\" content=\"https:\/\/apellismedicalhub.ca\/fr\/science\/our-pipeline\/\" \/>\n<meta property=\"og:site_name\" content=\"Apellis Medical Hub Canada\" \/>\n<meta property=\"article:modified_time\" content=\"2024-03-01T16:58:15+00:00\" \/>\n<meta name=\"twitter:card\" content=\"summary_large_image\" \/>\n<meta name=\"twitter:label1\" content=\"Dur\u00e9e de lecture estim\u00e9e\" \/>\n\t<meta name=\"twitter:data1\" content=\"2 minutes\" \/>\n<script type=\"application\/ld+json\" class=\"yoast-schema-graph\">{\"@context\":\"https:\\\/\\\/schema.org\",\"@graph\":[{\"@type\":\"WebPage\",\"@id\":\"https:\\\/\\\/apellismedicalhub.ca\\\/fr\\\/science\\\/our-pipeline\\\/\",\"url\":\"https:\\\/\\\/apellismedicalhub.ca\\\/fr\\\/science\\\/our-pipeline\\\/\",\"name\":\"Pipeline - Apellis Medical Hub Canada\",\"isPartOf\":{\"@id\":\"https:\\\/\\\/apellismedicalhub.ca\\\/fr\\\/#website\"},\"datePublished\":\"2022-12-27T22:02:46+00:00\",\"dateModified\":\"2024-03-01T16:58:15+00:00\",\"breadcrumb\":{\"@id\":\"https:\\\/\\\/apellismedicalhub.ca\\\/fr\\\/science\\\/our-pipeline\\\/#breadcrumb\"},\"inLanguage\":\"fr-FR\",\"potentialAction\":[{\"@type\":\"ReadAction\",\"target\":[\"https:\\\/\\\/apellismedicalhub.ca\\\/fr\\\/science\\\/our-pipeline\\\/\"]}]},{\"@type\":\"BreadcrumbList\",\"@id\":\"https:\\\/\\\/apellismedicalhub.ca\\\/fr\\\/science\\\/our-pipeline\\\/#breadcrumb\",\"itemListElement\":[{\"@type\":\"ListItem\",\"position\":1,\"name\":\"Home\",\"item\":\"https:\\\/\\\/apellismedicalhub.ca\\\/fr\\\/home\\\/\"},{\"@type\":\"ListItem\",\"position\":2,\"name\":\"Science\",\"item\":\"https:\\\/\\\/apellismedicalhub.ca\\\/fr\\\/science\\\/\"},{\"@type\":\"ListItem\",\"position\":3,\"name\":\"Pipeline\"}]},{\"@type\":\"WebSite\",\"@id\":\"https:\\\/\\\/apellismedicalhub.ca\\\/fr\\\/#website\",\"url\":\"https:\\\/\\\/apellismedicalhub.ca\\\/fr\\\/\",\"name\":\"Apellis Medical Hub Canada\",\"description\":\"\",\"potentialAction\":[{\"@type\":\"SearchAction\",\"target\":{\"@type\":\"EntryPoint\",\"urlTemplate\":\"https:\\\/\\\/apellismedicalhub.ca\\\/fr\\\/?s={search_term_string}\"},\"query-input\":{\"@type\":\"PropertyValueSpecification\",\"valueRequired\":true,\"valueName\":\"search_term_string\"}}],\"inLanguage\":\"fr-FR\"}]}<\/script>\n<!-- \/ Yoast SEO plugin. -->","yoast_head_json":{"title":"Pipeline - Apellis Medical Hub Canada","robots":{"index":"index","follow":"follow","max-snippet":"max-snippet:-1","max-image-preview":"max-image-preview:large","max-video-preview":"max-video-preview:-1"},"canonical":"https:\/\/apellismedicalhub.ca\/fr\/science\/our-pipeline\/","og_locale":"fr_FR","og_type":"article","og_title":"Pipeline - Apellis Medical Hub Canada","og_url":"https:\/\/apellismedicalhub.ca\/fr\/science\/our-pipeline\/","og_site_name":"Apellis Medical Hub Canada","article_modified_time":"2024-03-01T16:58:15+00:00","twitter_card":"summary_large_image","twitter_misc":{"Dur\u00e9e de lecture estim\u00e9e":"2 minutes"},"schema":{"@context":"https:\/\/schema.org","@graph":[{"@type":"WebPage","@id":"https:\/\/apellismedicalhub.ca\/fr\/science\/our-pipeline\/","url":"https:\/\/apellismedicalhub.ca\/fr\/science\/our-pipeline\/","name":"Pipeline - Apellis Medical Hub Canada","isPartOf":{"@id":"https:\/\/apellismedicalhub.ca\/fr\/#website"},"datePublished":"2022-12-27T22:02:46+00:00","dateModified":"2024-03-01T16:58:15+00:00","breadcrumb":{"@id":"https:\/\/apellismedicalhub.ca\/fr\/science\/our-pipeline\/#breadcrumb"},"inLanguage":"fr-FR","potentialAction":[{"@type":"ReadAction","target":["https:\/\/apellismedicalhub.ca\/fr\/science\/our-pipeline\/"]}]},{"@type":"BreadcrumbList","@id":"https:\/\/apellismedicalhub.ca\/fr\/science\/our-pipeline\/#breadcrumb","itemListElement":[{"@type":"ListItem","position":1,"name":"Home","item":"https:\/\/apellismedicalhub.ca\/fr\/home\/"},{"@type":"ListItem","position":2,"name":"Science","item":"https:\/\/apellismedicalhub.ca\/fr\/science\/"},{"@type":"ListItem","position":3,"name":"Pipeline"}]},{"@type":"WebSite","@id":"https:\/\/apellismedicalhub.ca\/fr\/#website","url":"https:\/\/apellismedicalhub.ca\/fr\/","name":"Apellis Medical Hub Canada","description":"","potentialAction":[{"@type":"SearchAction","target":{"@type":"EntryPoint","urlTemplate":"https:\/\/apellismedicalhub.ca\/fr\/?s={search_term_string}"},"query-input":{"@type":"PropertyValueSpecification","valueRequired":true,"valueName":"search_term_string"}}],"inLanguage":"fr-FR"}]}},"_links":{"self":[{"href":"https:\/\/apellismedicalhub.ca\/fr\/wp-json\/wp\/v2\/pages\/105","targetHints":{"allow":["GET"]}}],"collection":[{"href":"https:\/\/apellismedicalhub.ca\/fr\/wp-json\/wp\/v2\/pages"}],"about":[{"href":"https:\/\/apellismedicalhub.ca\/fr\/wp-json\/wp\/v2\/types\/page"}],"author":[{"embeddable":true,"href":"https:\/\/apellismedicalhub.ca\/fr\/wp-json\/wp\/v2\/users\/3"}],"replies":[{"embeddable":true,"href":"https:\/\/apellismedicalhub.ca\/fr\/wp-json\/wp\/v2\/comments?post=105"}],"version-history":[{"count":0,"href":"https:\/\/apellismedicalhub.ca\/fr\/wp-json\/wp\/v2\/pages\/105\/revisions"}],"up":[{"embeddable":true,"href":"https:\/\/apellismedicalhub.ca\/fr\/wp-json\/wp\/v2\/pages\/44"}],"wp:attachment":[{"href":"https:\/\/apellismedicalhub.ca\/fr\/wp-json\/wp\/v2\/media?parent=105"}],"curies":[{"name":"wp","href":"https:\/\/api.w.org\/{rel}","templated":true}]}}