{"id":111,"date":"2022-12-27T22:18:44","date_gmt":"2022-12-27T22:18:44","guid":{"rendered":"https:\/\/apellismedicalhub.ca\/fr\/?page_id=111"},"modified":"2024-01-16T21:03:25","modified_gmt":"2024-01-16T21:03:25","slug":"manuscripts","status":"publish","type":"page","link":"https:\/\/apellismedicalhub.ca\/fr\/congress-manuscripts\/manuscripts\/","title":{"rendered":"Manuscripts"},"content":{"rendered":"<div id='av_section_1'  class='avia-section av-27ywin-ebec317f49812d438cc92fae5a685cd1 main_color avia-section-no-padding avia-no-border-styling  avia-builder-el-0  el_before_av_section  avia-builder-el-first  header-img avia-bg-style-scroll container_wrap fullsize'  ><div class='container av-section-cont-open' ><main  role=\"main\" itemprop=\"mainContentOfPage\"  class='template-page content  av-content-full alpha units'><div class='post-entry post-entry-type-page post-entry-111'><div class='entry-content-wrapper clearfix'>\n\n<style type=\"text\/css\" data-created_by=\"avia_inline_auto\" id=\"style-css-av-lcs29f2w-830cee7a2068448a1a714b1e2b9f6098\">\n.avia-image-container.av-lcs29f2w-830cee7a2068448a1a714b1e2b9f6098 img.avia_image{\nbox-shadow:none;\n}\n.avia-image-container.av-lcs29f2w-830cee7a2068448a1a714b1e2b9f6098 .av-image-caption-overlay-center{\ncolor:#ffffff;\n}\n<\/style>\n<div  class='avia-image-container av-lcs29f2w-830cee7a2068448a1a714b1e2b9f6098 av-styling-no-styling avia-align-center  avia-builder-el-1  avia-builder-el-no-sibling '   itemprop=\"image\" itemscope=\"itemscope\" itemtype=\"https:\/\/schema.org\/ImageObject\" ><div class=\"avia-image-container-inner\"><div class=\"avia-image-overlay-wrap\"><img decoding=\"async\" fetchpriority=\"high\" class='wp-image-372 avia-img-lazy-loading-not-372 avia_image ' src=\"https:\/\/apellismedicalhub.ca\/fr\/wp-content\/uploads\/2023\/01\/hero-l-manuscripts.jpeg\" alt='' title=''  height=\"500\" width=\"1440\"  itemprop=\"thumbnailUrl\" srcset=\"https:\/\/apellismedicalhub.ca\/fr\/wp-content\/uploads\/2023\/01\/hero-l-manuscripts.jpeg 1440w, https:\/\/apellismedicalhub.ca\/fr\/wp-content\/uploads\/2023\/01\/hero-l-manuscripts-300x104.jpeg 300w, https:\/\/apellismedicalhub.ca\/fr\/wp-content\/uploads\/2023\/01\/hero-l-manuscripts-1030x358.jpeg 1030w, https:\/\/apellismedicalhub.ca\/fr\/wp-content\/uploads\/2023\/01\/hero-l-manuscripts-768x267.jpeg 768w, https:\/\/apellismedicalhub.ca\/fr\/wp-content\/uploads\/2023\/01\/hero-l-manuscripts-705x245.jpeg 705w\" sizes=\"(max-width: 1440px) 100vw, 1440px\" \/><\/div><\/div><\/div>\n\n<\/div><\/div><\/main><!-- close content main element --><\/div><\/div><div id='av_section_2'  class='avia-section av-21f6en-61e8833a841a00ed0d316f3e92f5de4d main_color avia-section-large avia-no-border-styling  avia-builder-el-2  el_after_av_section  avia-builder-el-last  science-template avia-bg-style-scroll container_wrap fullsize'  ><div class='container av-section-cont-open' ><div class='template-page content  av-content-full alpha units'><div class='post-entry post-entry-type-page post-entry-111'><div class='entry-content-wrapper clearfix'>\n\n<style type=\"text\/css\" data-created_by=\"avia_inline_auto\" id=\"style-css-av-lcs2a4dl-c844db4d162f913165ac161c6b6c77e9\">\n#top .av-special-heading.av-lcs2a4dl-c844db4d162f913165ac161c6b6c77e9{\npadding-bottom:30px;\n}\nbody .av-special-heading.av-lcs2a4dl-c844db4d162f913165ac161c6b6c77e9 .av-special-heading-tag .heading-char{\nfont-size:25px;\n}\n.av-special-heading.av-lcs2a4dl-c844db4d162f913165ac161c6b6c77e9 .av-subheading{\nfont-size:15px;\n}\n<\/style>\n<div  class='av-special-heading av-lcs2a4dl-c844db4d162f913165ac161c6b6c77e9 av-special-heading-h1 blockquote modern-quote  avia-builder-el-3  el_before_av_textblock  avia-builder-el-first '><h1 class='av-special-heading-tag'  itemprop=\"headline\"  >Manuscrits<\/h1><div class=\"special-heading-border\"><div class=\"special-heading-inner-border\"><\/div><\/div><\/div>\n<section  class='av_textblock_section av-lcs2agp4-7bf3be1d257c7f1990e35ac3d39d31ad '   itemscope=\"itemscope\" itemtype=\"https:\/\/schema.org\/CreativeWork\" ><div class='avia_textblock'  itemprop=\"text\" ><p>Les renseignements suivants \u00e0 l\u2019intention des professionnels de la sant\u00e9 canadiens comprennent des liens vers des essais cliniques commandit\u00e9s par Apellis qui ont \u00e9t\u00e9 publi\u00e9s dans des revues \u00e9valu\u00e9es par les pairs. La liste des publications ci-dessous peut contenir des renseignements sur les doses, les utilisations, les formulations et les populations diff\u00e9rentes de l\u2019\u00e9tiquetage du produit ou des renseignements sur des compos\u00e9s exp\u00e9rimentaux ou des utilisations non approuv\u00e9s par un organisme de r\u00e9glementation. La liste de publications qui suit n\u2019est ni d\u00e9taill\u00e9e ni exhaustive en ce qui concerne un sujet particulier. Apellis ne sugg\u00e8re ni ne recommande l&rsquo;utilisation de ses produits d&rsquo;une mani\u00e8re autre que celle d\u00e9crite dans la monographie du produit. Veuillez consulter la monographie compl\u00e8te du produit.<\/p>\n<\/div><\/section>\n\n<style type=\"text\/css\" data-created_by=\"avia_inline_auto\" id=\"style-css-av-lcs2c5hn-19884f505dc5b13926a63cb92350654e\">\n#top .av-special-heading.av-lcs2c5hn-19884f505dc5b13926a63cb92350654e{\npadding-bottom:10px;\n}\nbody .av-special-heading.av-lcs2c5hn-19884f505dc5b13926a63cb92350654e .av-special-heading-tag .heading-char{\nfont-size:25px;\n}\n.av-special-heading.av-lcs2c5hn-19884f505dc5b13926a63cb92350654e .av-subheading{\nfont-size:15px;\n}\n<\/style>\n<div  class='av-special-heading av-lcs2c5hn-19884f505dc5b13926a63cb92350654e av-special-heading-h4 custom-color-heading blockquote modern-quote  avia-builder-el-5  el_after_av_textblock  el_before_av_toggle_container  questions-title'><h4 class='av-special-heading-tag'  itemprop=\"headline\"  >S\u00e9lectionnez une maladie<\/h4><div class='av-subheading av-subheading_below'><p>En d\u00e9roulant le menu, vous confirmez que votre requ\u00eate n&rsquo;est pas sollicit\u00e9e.<\/p>\n<\/div><div class=\"special-heading-border\"><div class=\"special-heading-inner-border\"><\/div><\/div><\/div>\n\n<style type=\"text\/css\" data-created_by=\"avia_inline_auto\" id=\"style-css-av-lcs2cogi-e52360b57abf7282955a6c30d5e3bdb9\">\n#top .togglecontainer.av-lcs2cogi-e52360b57abf7282955a6c30d5e3bdb9 p.toggler .toggle_icon{\ncolor:#ff681d;\nborder-color:#ff681d;\n}\n#top .togglecontainer.av-lcs2cogi-e52360b57abf7282955a6c30d5e3bdb9 p.toggler .toggle_icon > span{\ncolor:#ff681d;\nborder-color:#ff681d;\n}\n<\/style>\n<div  id=\"common-questions\"  class='togglecontainer av-lcs2cogi-e52360b57abf7282955a6c30d5e3bdb9 av-elegant-toggle  avia-builder-el-6  el_after_av_heading  avia-builder-el-last  toggle_close_all' >\n<section class='av_toggle_section av-1xk507-3-9f424e1f69d9b0a66d3c632fab3d12db'  itemscope=\"itemscope\" itemtype=\"https:\/\/schema.org\/CreativeWork\" ><div role=\"tablist\" class=\"single_toggle\" data-tags=\"{Tout} \"  ><p data-fake-id='#toggle-id-1' class='toggler   '  itemprop=\"headline\"  role='tab' tabindex='0' aria-controls='toggle-id-1'>Atrophie g\u00e9ographique (AG)<span class=\"toggle_icon\"><span class=\"vert_icon\"><\/span><span class=\"hor_icon\"><\/span><\/span><\/p><div id='toggle-id-1' class='toggle_wrap  '  ><div class='toggle_content invers-color '  itemprop=\"text\" ><ul>\n<li><a href=\"https:\/\/www.thelancet.com\/journals\/lancet\/article\/PIIS0140-6736(23)01520-9\/fulltext\">Pegcetacoplan for the treatment of geographic atrophy secondary to age-related macular degeneration (OAKS and DERBY): two multicentre, randomised, double-masked, sham-controlled, phase 3 trials<\/a>\n<ul>\n<li>Heier JS, Lad EM, Holz FG, et al. Pegcetacoplan for the treatment of geographic atrophy secondary to age-related macular degeneration (OAKS and DERBY): two multicentre, randomised, double-masked, sham-controlled, phase 3 trials. Lancet. 2023;402(10411):1434-1448. doi:10.1016\/S0140-6736(23)01520-9.<\/li>\n<\/ul>\n<\/li>\n<li><a class=\"pum-trigger\" href=\"https:\/\/journals.healio.com\/doi\/10.3928\/23258160-20230824-01\" target=\"_blank\" rel=\"noopener\">Diagnosis and Management of Patients With Geographic Atrophy Secondary to Age-Related Macular Degeneration: A Delphi Consensus Exercise<\/a>\n<ul>\n<li>Singh R, Amoaku W, Bandello F, et al. Diagnosis and Management of Patients With Geographic Atrophy Secondary to Age-Related Macular Degeneration: A Delphi Consensus Exercise. Ophthalmic Surg Lasers Imaging Retina 2023;54:589\u2013598 doi: 10.3928\/23258160-20230824-01.<\/li>\n<\/ul>\n<\/li>\n<li><a href=\"https:\/\/www.dovepress.com\/humanistic-and-economic-burden-of-geographic-atrophy-a-systematic-lite-peer-reviewed-fulltext-article-OPTH\" target=\"_blank\" rel=\"noopener\">Humanistic and Economic Burden of Geographic Atrophy: A Systematic Literature Review<\/a>\n<ul>\n<li>Sarda, Sujata &amp; Heyes, Anne &amp; Bektas, Meryem &amp; Thakur, Tanvee &amp; Chao, Wendy &amp; Intorcia, Michele &amp; Wronski, Samantha &amp; Jones, Daniel. (2021). Humanistic and Economic Burden of Geographic Atrophy: A Systematic Literature Review. <em>Clinical ophthalmology<\/em> (Auckland, N.-Z.). 2021. 4629\u20134644. 10.2147\/OPTH.S338253.<\/li>\n<\/ul>\n<\/li>\n<li><a href=\"https:\/\/www.aaojournal.org\/article\/S0161-6420(21)00163-9\/fulltext\" target=\"_blank\" rel=\"noopener\">Characterizing New-Onset Exudation in the Randomized Phase 2 FILLY Trial of Complement Inhibitor Pegcetacoplan for Geographic Atrophy<\/a>\n<ul>\n<li>Wykoff CC, Rosenfeld PJ, Waheed NK, <em>et\u00a0al.<\/em> Characterizing New-Onset Exudation in the Randomized Phase\u00a02 FILLY Trial of Complement Inhibitor Pegcetacoplan for Geographic Atrophy. <em>Ophthalmology.<\/em> 2021;128(9):1325-1336. doi:10.1016\/j.ophtha.2021.02.025.<\/li>\n<\/ul>\n<\/li>\n<li><a href=\"https:\/\/www.futuremedicine.com\/doi\/full\/10.2217\/imt-2022-0078?rfr_dat=cr_pub++0pubmed&amp;url_ver=Z39.88-2003&amp;rfr_id=ori%3Arid%3Acrossref.org\" target=\"_blank\" rel=\"noopener\">Pegcetacoplan treatment for geographic atrophy due to age-related macular degeneration: a plain language summary of the FILLY study<\/a>\n<ul>\n<li>Liao DS, Metlapally R, Joshi P. Pegcetacoplan treatment for geographic atrophy due to age-related macular degeneration: a plain language summary of the FILLY study. Immunotherapy. 2022;14:13, 995-1006. doi:10.2217\/imt-2022-0078.<\/li>\n<\/ul>\n<\/li>\n<li><a href=\"https:\/\/www.ajo.com\/article\/S0002-9394(21)00096-9\/fulltext\" target=\"_blank\" rel=\"noopener\">Impact of Baseline Characteristics on Geographic Atrophy Progression in the FILLY Trial Evaluating the Complement C<span class=\"three\">3<\/span> Inhibitor Pegcetacoplan<\/a>\n<ul>\n<li>Steinle NC, Pearce I, Mon\u00e9s J, <em>et\u00a0al.<\/em> Impact of Baseline Characteristics on Geographic Atrophy Progression in the FILLY Trial Evaluating the Complement C<span class=\"three\">3<\/span> Inhibitor Pegcetacoplan. <em>Am J Ophthalmol.<\/em> 2021;227:116-124. doi:10.1016\/j.ajo.2021.02.031<\/li>\n<\/ul>\n<\/li>\n<li><a href=\"https:\/\/www.aaojournal.org\/article\/S0161-6420(18)33132-4\/fulltext\" target=\"_blank\" rel=\"noopener\">Complement C<span class=\"three\">3<\/span> Inhibitor Pegcetacoplan for Geographic Atrophy Secondary to Age-Related Macular Degeneration: A Randomized Phase 2 Trial<\/a>\n<ul>\n<li>Liao DS, Grossi FV, El Mehdi D, <em>et\u00a0al.<\/em> Complement C<span class=\"three\">3<\/span> Inhibitor Pegcetacoplan for Geographic Atrophy Secondary to Age-Related Macular Degeneration: A Randomized Phase\u00a02 Trial. <em>Ophthalmology.<\/em> 2020;127(2):186-195. doi:10.1016\/j.ophtha.2019.07.011.<\/li>\n<\/ul>\n<\/li>\n<\/ul>\n<\/div><\/div><\/div><\/section>\n<\/div>\n\n","protected":false},"excerpt":{"rendered":"","protected":false},"author":3,"featured_media":0,"parent":114,"menu_order":0,"comment_status":"closed","ping_status":"closed","template":"","meta":{"footnotes":""},"class_list":["post-111","page","type-page","status-publish","hentry"],"yoast_head":"<!-- This site is optimized with the Yoast SEO plugin v27.3 - https:\/\/yoast.com\/product\/yoast-seo-wordpress\/ -->\n<title>Manuscripts - Apellis Medical Hub Canada<\/title>\n<meta name=\"robots\" content=\"index, follow, max-snippet:-1, max-image-preview:large, max-video-preview:-1\" \/>\n<link rel=\"canonical\" href=\"https:\/\/apellismedicalhub.ca\/fr\/congress-manuscripts\/manuscripts\/\" \/>\n<meta property=\"og:locale\" content=\"fr_FR\" \/>\n<meta property=\"og:type\" content=\"article\" \/>\n<meta property=\"og:title\" content=\"Manuscripts - Apellis Medical Hub Canada\" \/>\n<meta property=\"og:url\" content=\"https:\/\/apellismedicalhub.ca\/fr\/congress-manuscripts\/manuscripts\/\" \/>\n<meta property=\"og:site_name\" content=\"Apellis Medical Hub Canada\" \/>\n<meta property=\"article:modified_time\" content=\"2024-01-16T21:03:25+00:00\" \/>\n<meta name=\"twitter:card\" content=\"summary_large_image\" \/>\n<script type=\"application\/ld+json\" class=\"yoast-schema-graph\">{\"@context\":\"https:\\\/\\\/schema.org\",\"@graph\":[{\"@type\":\"WebPage\",\"@id\":\"https:\\\/\\\/apellismedicalhub.ca\\\/fr\\\/congress-manuscripts\\\/manuscripts\\\/\",\"url\":\"https:\\\/\\\/apellismedicalhub.ca\\\/fr\\\/congress-manuscripts\\\/manuscripts\\\/\",\"name\":\"Manuscripts - Apellis Medical Hub Canada\",\"isPartOf\":{\"@id\":\"https:\\\/\\\/apellismedicalhub.ca\\\/fr\\\/#website\"},\"datePublished\":\"2022-12-27T22:18:44+00:00\",\"dateModified\":\"2024-01-16T21:03:25+00:00\",\"breadcrumb\":{\"@id\":\"https:\\\/\\\/apellismedicalhub.ca\\\/fr\\\/congress-manuscripts\\\/manuscripts\\\/#breadcrumb\"},\"inLanguage\":\"fr-FR\",\"potentialAction\":[{\"@type\":\"ReadAction\",\"target\":[\"https:\\\/\\\/apellismedicalhub.ca\\\/fr\\\/congress-manuscripts\\\/manuscripts\\\/\"]}]},{\"@type\":\"BreadcrumbList\",\"@id\":\"https:\\\/\\\/apellismedicalhub.ca\\\/fr\\\/congress-manuscripts\\\/manuscripts\\\/#breadcrumb\",\"itemListElement\":[{\"@type\":\"ListItem\",\"position\":1,\"name\":\"Home\",\"item\":\"https:\\\/\\\/apellismedicalhub.ca\\\/fr\\\/home\\\/\"},{\"@type\":\"ListItem\",\"position\":2,\"name\":\"Congress Manuscripts\",\"item\":\"https:\\\/\\\/apellismedicalhub.ca\\\/fr\\\/congress-manuscripts\\\/\"},{\"@type\":\"ListItem\",\"position\":3,\"name\":\"Manuscripts\"}]},{\"@type\":\"WebSite\",\"@id\":\"https:\\\/\\\/apellismedicalhub.ca\\\/fr\\\/#website\",\"url\":\"https:\\\/\\\/apellismedicalhub.ca\\\/fr\\\/\",\"name\":\"Apellis Medical Hub Canada\",\"description\":\"\",\"potentialAction\":[{\"@type\":\"SearchAction\",\"target\":{\"@type\":\"EntryPoint\",\"urlTemplate\":\"https:\\\/\\\/apellismedicalhub.ca\\\/fr\\\/?s={search_term_string}\"},\"query-input\":{\"@type\":\"PropertyValueSpecification\",\"valueRequired\":true,\"valueName\":\"search_term_string\"}}],\"inLanguage\":\"fr-FR\"}]}<\/script>\n<!-- \/ Yoast SEO plugin. -->","yoast_head_json":{"title":"Manuscripts - Apellis Medical Hub Canada","robots":{"index":"index","follow":"follow","max-snippet":"max-snippet:-1","max-image-preview":"max-image-preview:large","max-video-preview":"max-video-preview:-1"},"canonical":"https:\/\/apellismedicalhub.ca\/fr\/congress-manuscripts\/manuscripts\/","og_locale":"fr_FR","og_type":"article","og_title":"Manuscripts - Apellis Medical Hub Canada","og_url":"https:\/\/apellismedicalhub.ca\/fr\/congress-manuscripts\/manuscripts\/","og_site_name":"Apellis Medical Hub Canada","article_modified_time":"2024-01-16T21:03:25+00:00","twitter_card":"summary_large_image","schema":{"@context":"https:\/\/schema.org","@graph":[{"@type":"WebPage","@id":"https:\/\/apellismedicalhub.ca\/fr\/congress-manuscripts\/manuscripts\/","url":"https:\/\/apellismedicalhub.ca\/fr\/congress-manuscripts\/manuscripts\/","name":"Manuscripts - Apellis Medical Hub Canada","isPartOf":{"@id":"https:\/\/apellismedicalhub.ca\/fr\/#website"},"datePublished":"2022-12-27T22:18:44+00:00","dateModified":"2024-01-16T21:03:25+00:00","breadcrumb":{"@id":"https:\/\/apellismedicalhub.ca\/fr\/congress-manuscripts\/manuscripts\/#breadcrumb"},"inLanguage":"fr-FR","potentialAction":[{"@type":"ReadAction","target":["https:\/\/apellismedicalhub.ca\/fr\/congress-manuscripts\/manuscripts\/"]}]},{"@type":"BreadcrumbList","@id":"https:\/\/apellismedicalhub.ca\/fr\/congress-manuscripts\/manuscripts\/#breadcrumb","itemListElement":[{"@type":"ListItem","position":1,"name":"Home","item":"https:\/\/apellismedicalhub.ca\/fr\/home\/"},{"@type":"ListItem","position":2,"name":"Congress Manuscripts","item":"https:\/\/apellismedicalhub.ca\/fr\/congress-manuscripts\/"},{"@type":"ListItem","position":3,"name":"Manuscripts"}]},{"@type":"WebSite","@id":"https:\/\/apellismedicalhub.ca\/fr\/#website","url":"https:\/\/apellismedicalhub.ca\/fr\/","name":"Apellis Medical Hub Canada","description":"","potentialAction":[{"@type":"SearchAction","target":{"@type":"EntryPoint","urlTemplate":"https:\/\/apellismedicalhub.ca\/fr\/?s={search_term_string}"},"query-input":{"@type":"PropertyValueSpecification","valueRequired":true,"valueName":"search_term_string"}}],"inLanguage":"fr-FR"}]}},"_links":{"self":[{"href":"https:\/\/apellismedicalhub.ca\/fr\/wp-json\/wp\/v2\/pages\/111","targetHints":{"allow":["GET"]}}],"collection":[{"href":"https:\/\/apellismedicalhub.ca\/fr\/wp-json\/wp\/v2\/pages"}],"about":[{"href":"https:\/\/apellismedicalhub.ca\/fr\/wp-json\/wp\/v2\/types\/page"}],"author":[{"embeddable":true,"href":"https:\/\/apellismedicalhub.ca\/fr\/wp-json\/wp\/v2\/users\/3"}],"replies":[{"embeddable":true,"href":"https:\/\/apellismedicalhub.ca\/fr\/wp-json\/wp\/v2\/comments?post=111"}],"version-history":[{"count":0,"href":"https:\/\/apellismedicalhub.ca\/fr\/wp-json\/wp\/v2\/pages\/111\/revisions"}],"up":[{"embeddable":true,"href":"https:\/\/apellismedicalhub.ca\/fr\/wp-json\/wp\/v2\/pages\/114"}],"wp:attachment":[{"href":"https:\/\/apellismedicalhub.ca\/fr\/wp-json\/wp\/v2\/media?parent=111"}],"curies":[{"name":"wp","href":"https:\/\/api.w.org\/{rel}","templated":true}]}}