{"id":1374,"date":"2023-02-07T04:03:46","date_gmt":"2023-02-07T04:03:46","guid":{"rendered":"https:\/\/apellismedicalhub.ca\/fr\/?page_id=1374"},"modified":"2023-03-27T04:54:25","modified_gmt":"2023-03-27T04:54:25","slug":"medical-writing-grants","status":"publish","type":"page","link":"https:\/\/apellismedicalhub.ca\/fr\/medical-research\/medical-writing-grants\/","title":{"rendered":"Medical Writing Grants"},"content":{"rendered":"<div id='av_section_1'  class='avia-section av-23gw5h-a46d8b25d36d875e11eb5425ead5d355 main_color avia-section-no-padding avia-no-border-styling  avia-builder-el-0  el_before_av_section  avia-builder-el-first  header-img avia-bg-style-scroll container_wrap fullsize'  ><div class='container av-section-cont-open' ><main  role=\"main\" itemprop=\"mainContentOfPage\"  class='template-page content  av-content-full alpha units'><div class='post-entry post-entry-type-page post-entry-1374'><div class='entry-content-wrapper clearfix'>\n\n\n<\/div><\/div><\/main><!-- close content main element --><\/div><\/div><div id='av_section_2'  class='avia-section av-1wki0t-67bcbad3aaaab99fc7969b771df604d6 main_color avia-section-large avia-no-border-styling  avia-builder-el-2  el_after_av_section  avia-builder-el-last  science-template avia-bg-style-scroll container_wrap fullsize'  ><div class='container av-section-cont-open' ><div class='template-page content  av-content-full alpha units'><div class='post-entry post-entry-type-page post-entry-1374'><div class='entry-content-wrapper clearfix'>\n\n<style type=\"text\/css\" data-created_by=\"avia_inline_auto\" id=\"style-css-av-lcrx4a0p-53fcc0dec37e5a2a8e090f49d4475ad9\">\n#top .av-special-heading.av-lcrx4a0p-53fcc0dec37e5a2a8e090f49d4475ad9{\npadding-bottom:30px;\n}\nbody .av-special-heading.av-lcrx4a0p-53fcc0dec37e5a2a8e090f49d4475ad9 .av-special-heading-tag .heading-char{\nfont-size:25px;\n}\n.av-special-heading.av-lcrx4a0p-53fcc0dec37e5a2a8e090f49d4475ad9 .av-subheading{\nfont-size:15px;\n}\n<\/style>\n<div  class='av-special-heading av-lcrx4a0p-53fcc0dec37e5a2a8e090f49d4475ad9 av-special-heading-h1 blockquote modern-quote  avia-builder-el-3  el_before_av_textblock  avia-builder-el-first '><h1 class='av-special-heading-tag'  itemprop=\"headline\"  >Subventions pour la r\u00e9daction de textes m\u00e9dicaux<\/h1><div class=\"special-heading-border\"><div class=\"special-heading-inner-border\"><\/div><\/div><\/div>\n<section  class='av_textblock_section av-lcrx4la0-d0c20918884b56dff5e0bd306a678f31 '   itemscope=\"itemscope\" itemtype=\"https:\/\/schema.org\/CreativeWork\" ><div class='avia_textblock'  itemprop=\"text\" ><p>Apellis s\u2019engage \u00e0 am\u00e9liorer la vie des patients en renfor\u00e7ant la compr\u00e9hension et l\u2019\u00e9ducation m\u00e9dicales et scientifiques dans les domaines de recherche et th\u00e9rapeutiques d\u2019int\u00e9r\u00eat.<\/p>\n<p>Apellis accorde des subventions aux auteurs pour le soutien \u00e0 la r\u00e9daction m\u00e9dicale par des agences de r\u00e9daction m\u00e9dicale ind\u00e9pendantes afin de soutenir la publication de recherches, y compris des \u00e9tudes ou des s\u00e9ries de cas, lorsque le b\u00e9n\u00e9ficiaire de la subvention est seul responsable de l\u2019\u00e9laboration et de la gestion du contenu. Toutes les demandes de subvention doivent \u00eatre ind\u00e9pendantes et non sollicit\u00e9es.<\/p>\n<p>Le comit\u00e9 d\u2019examen des subventions se r\u00e9unit r\u00e9guli\u00e8rement pour examiner toutes les demandes et attribuer le financement en fonction du m\u00e9rite m\u00e9dical ou scientifique, des besoins m\u00e9dicaux non satisfaits et de la disponibilit\u00e9 des fonds. Apellis peut approuver ou refuser une demande \u00e0 sa seule discr\u00e9tion.<\/p>\n<p>Pour en savoir plus sur nos <a href=\"https:\/\/apellismedicalhub.ca\/fr\/medical-research\/scientific-focus\/\"><strong>domaines d\u2019int\u00e9r\u00eat scientifique<\/strong><\/a>, visitez Notre orientation scientifique.<\/p>\n<\/div><\/section>\n\n<style type=\"text\/css\" data-created_by=\"avia_inline_auto\" id=\"style-css-av-ldtppir2-7ecac6f5fea6cc5d474bd4de76e454a5\">\n#top .av-special-heading.av-ldtppir2-7ecac6f5fea6cc5d474bd4de76e454a5{\npadding-bottom:30px;\n}\nbody .av-special-heading.av-ldtppir2-7ecac6f5fea6cc5d474bd4de76e454a5 .av-special-heading-tag .heading-char{\nfont-size:25px;\n}\n.av-special-heading.av-ldtppir2-7ecac6f5fea6cc5d474bd4de76e454a5 .av-subheading{\nfont-size:15px;\n}\n<\/style>\n<div  class='av-special-heading av-ldtppir2-7ecac6f5fea6cc5d474bd4de76e454a5 av-special-heading-h1 blockquote modern-quote  avia-builder-el-5  el_after_av_textblock  el_before_av_textblock '><h1 class='av-special-heading-tag'  itemprop=\"headline\"  >Processus de soumission<\/h1><div class=\"special-heading-border\"><div class=\"special-heading-inner-border\"><\/div><\/div><\/div>\n<section  class='av_textblock_section av-ldtpuqj4-6fd4c31b50c7897f4f5caaf223f3272b '   itemscope=\"itemscope\" itemtype=\"https:\/\/schema.org\/CreativeWork\" ><div class='avia_textblock'  itemprop=\"text\" ><p>\u00cates-vous pr\u00eat \u00e0 envoyer votre demande de subvention pour la r\u00e9daction de textes m\u00e9dicaux?<\/p>\n<p><strong>Exigences relatives aux demandes<\/strong><\/p>\n<p>Les demandes de subvention pour la r\u00e9daction de textes m\u00e9dicaux doivent \u00eatre envoy\u00e9es par l\u2019entremise du portail en ligne d\u2019Apellis.<\/p>\n<p>Les renseignements suivants sont requis pour l\u2019envoi d\u2019une demande de subvention pour la r\u00e9daction de textes m\u00e9dicaux\u00a0:<\/p>\n<ul>\n<li>Description de la publication<\/li>\n<li>Description du soutien financier demand\u00e9 (budget\/frais)<\/li>\n<li>Reconnaissance des exigences relatives \u00e0 la paternit\u00e9 d\u2019une \u0153uvre<\/li>\n<li>Remarque : Apellis respecte les lois applicables r\u00e9gissant la divulgation et la d\u00e9claration des transferts de valeur aux professionnels.les de la sant\u00e9 et aux \u00e9tablissements de soins de sant\u00e9<\/li>\n<\/ul>\n<p><strong>Processus d\u2019examen<\/strong><\/p>\n<p>Les d\u00e9cisions relatives au financement de demandes de subvention pour la r\u00e9daction de textes m\u00e9dicaux sont prises au moyen d\u2019un processus officiel et centralis\u00e9 d\u2019examen et de prise de d\u00e9cisions. Le comit\u00e9 d\u2019examen des demandes de subvention d\u2019Apellis \u00e9value les demandes en fonction du financement disponible, du volume de demandes et de l\u2019harmonisation avec les domaines d\u2019int\u00e9r\u00eat scientifique et m\u00e9dical d\u2019Apellis, ainsi que de la possibilit\u00e9 d\u2019am\u00e9liorer les soins aux patients et les r\u00e9sultats.\u00a0Le comit\u00e9 d\u2019examen des demandes de subvention d\u2019Apellis peut r\u00e9clamer des renseignements suppl\u00e9mentaires ou des pr\u00e9cisions sur la description de l\u2019activit\u00e9 de subvention pour la r\u00e9daction de textes m\u00e9dicaux ou le budget propos\u00e9, ou d\u2019autres \u00e9l\u00e9ments, avant de rendre la d\u00e9cision finale relative au financement.<\/p>\n<p style=\"font-weight: 400;\"><strong>Lettre d\u2019entente<\/strong><\/p>\n<p style=\"font-weight: 400;\">Les subventions et le soutien fourni par Apellis seront clairement reconnus et document\u00e9s dans une entente \u00e9crite entre Apellis et l\u2019organisation.<\/p>\n<\/div><\/section>\n<div  class='hr av-3jjpzi-232971cdb0b9c1547de962be6ea9721d hr-default  avia-builder-el-7  el_after_av_textblock  el_before_av_textblock '><span class='hr-inner '><span class=\"hr-inner-style\"><\/span><\/span><\/div>\n<section  class='av_textblock_section av-ldtpvl78-14ab3d7aa0f0a660cb54b1cae9febb61 '   itemscope=\"itemscope\" itemtype=\"https:\/\/schema.org\/CreativeWork\" ><div class='avia_textblock'  itemprop=\"text\" ><h4>Apellis re\u00e7oit de nombreuses demandes qualifi\u00e9es et regrette de ne pas pouvoir toutes les financer. Nous encourageons les organisations \u00e0 pr\u00e9senter une nouvelle demande pour de futurs programmes et initiatives.<\/h4>\n<\/div><\/section>\n<div  class='hr av-305uj2-5b28b1dfc3b86be0a730faa2da9559be hr-default  avia-builder-el-9  el_after_av_textblock  el_before_av_button '><span class='hr-inner '><span class=\"hr-inner-style\"><\/span><\/span><\/div>\n<div  class='avia-button-wrap av-l460t-a91fa9a3eafb0d55148550057f5ea78c-wrap avia-button-center  avia-builder-el-10  el_after_av_hr  avia-builder-el-last '><a href='https:\/\/app.smartsheet.com\/b\/form\/49bf01db3b9a41a383230177a8ac1729' class='avia-button av-l460t-a91fa9a3eafb0d55148550057f5ea78c avia-icon_select-no avia-size-small avia-position-center avia-color-theme-color' target=\"_blank\" rel=\"noopener noreferrer\"><span class='avia_iconbox_title' >SOUMETTRE VOTRE DEMANDE DE SUBVENTION POUR LA R\u00c9DACTION DE TEXTES M\u00c9DICAUX<\/span><\/a><\/div>\n\n","protected":false},"excerpt":{"rendered":"","protected":false},"author":2,"featured_media":0,"parent":312,"menu_order":0,"comment_status":"closed","ping_status":"closed","template":"","meta":{"footnotes":""},"class_list":["post-1374","page","type-page","status-publish","hentry"],"yoast_head":"<!-- This site is optimized with the Yoast SEO plugin v27.3 - https:\/\/yoast.com\/product\/yoast-seo-wordpress\/ -->\n<title>Medical Writing Grants - Apellis Medical Hub Canada<\/title>\n<meta name=\"robots\" content=\"index, follow, max-snippet:-1, max-image-preview:large, max-video-preview:-1\" \/>\n<link rel=\"canonical\" href=\"https:\/\/apellismedicalhub.ca\/fr\/medical-research\/medical-writing-grants\/\" \/>\n<meta property=\"og:locale\" content=\"fr_FR\" \/>\n<meta property=\"og:type\" content=\"article\" \/>\n<meta property=\"og:title\" content=\"Medical Writing Grants - Apellis Medical Hub Canada\" \/>\n<meta property=\"og:url\" content=\"https:\/\/apellismedicalhub.ca\/fr\/medical-research\/medical-writing-grants\/\" \/>\n<meta property=\"og:site_name\" content=\"Apellis Medical Hub Canada\" \/>\n<meta property=\"article:modified_time\" content=\"2023-03-27T04:54:25+00:00\" \/>\n<meta name=\"twitter:card\" content=\"summary_large_image\" \/>\n<meta name=\"twitter:label1\" content=\"Dur\u00e9e de lecture estim\u00e9e\" \/>\n\t<meta name=\"twitter:data1\" content=\"5 minutes\" \/>\n<script type=\"application\/ld+json\" class=\"yoast-schema-graph\">{\"@context\":\"https:\\\/\\\/schema.org\",\"@graph\":[{\"@type\":\"WebPage\",\"@id\":\"https:\\\/\\\/apellismedicalhub.ca\\\/fr\\\/medical-research\\\/medical-writing-grants\\\/\",\"url\":\"https:\\\/\\\/apellismedicalhub.ca\\\/fr\\\/medical-research\\\/medical-writing-grants\\\/\",\"name\":\"Medical Writing Grants - Apellis Medical Hub Canada\",\"isPartOf\":{\"@id\":\"https:\\\/\\\/apellismedicalhub.ca\\\/fr\\\/#website\"},\"datePublished\":\"2023-02-07T04:03:46+00:00\",\"dateModified\":\"2023-03-27T04:54:25+00:00\",\"breadcrumb\":{\"@id\":\"https:\\\/\\\/apellismedicalhub.ca\\\/fr\\\/medical-research\\\/medical-writing-grants\\\/#breadcrumb\"},\"inLanguage\":\"fr-FR\",\"potentialAction\":[{\"@type\":\"ReadAction\",\"target\":[\"https:\\\/\\\/apellismedicalhub.ca\\\/fr\\\/medical-research\\\/medical-writing-grants\\\/\"]}]},{\"@type\":\"BreadcrumbList\",\"@id\":\"https:\\\/\\\/apellismedicalhub.ca\\\/fr\\\/medical-research\\\/medical-writing-grants\\\/#breadcrumb\",\"itemListElement\":[{\"@type\":\"ListItem\",\"position\":1,\"name\":\"Home\",\"item\":\"https:\\\/\\\/apellismedicalhub.ca\\\/fr\\\/home\\\/\"},{\"@type\":\"ListItem\",\"position\":2,\"name\":\"Medical Research\",\"item\":\"https:\\\/\\\/apellismedicalhub.ca\\\/fr\\\/medical-research\\\/\"},{\"@type\":\"ListItem\",\"position\":3,\"name\":\"Medical Writing Grants\"}]},{\"@type\":\"WebSite\",\"@id\":\"https:\\\/\\\/apellismedicalhub.ca\\\/fr\\\/#website\",\"url\":\"https:\\\/\\\/apellismedicalhub.ca\\\/fr\\\/\",\"name\":\"Apellis Medical Hub Canada\",\"description\":\"\",\"potentialAction\":[{\"@type\":\"SearchAction\",\"target\":{\"@type\":\"EntryPoint\",\"urlTemplate\":\"https:\\\/\\\/apellismedicalhub.ca\\\/fr\\\/?s={search_term_string}\"},\"query-input\":{\"@type\":\"PropertyValueSpecification\",\"valueRequired\":true,\"valueName\":\"search_term_string\"}}],\"inLanguage\":\"fr-FR\"}]}<\/script>\n<!-- \/ Yoast SEO plugin. -->","yoast_head_json":{"title":"Medical Writing Grants - Apellis Medical Hub Canada","robots":{"index":"index","follow":"follow","max-snippet":"max-snippet:-1","max-image-preview":"max-image-preview:large","max-video-preview":"max-video-preview:-1"},"canonical":"https:\/\/apellismedicalhub.ca\/fr\/medical-research\/medical-writing-grants\/","og_locale":"fr_FR","og_type":"article","og_title":"Medical Writing Grants - Apellis Medical Hub Canada","og_url":"https:\/\/apellismedicalhub.ca\/fr\/medical-research\/medical-writing-grants\/","og_site_name":"Apellis Medical Hub Canada","article_modified_time":"2023-03-27T04:54:25+00:00","twitter_card":"summary_large_image","twitter_misc":{"Dur\u00e9e de lecture estim\u00e9e":"5 minutes"},"schema":{"@context":"https:\/\/schema.org","@graph":[{"@type":"WebPage","@id":"https:\/\/apellismedicalhub.ca\/fr\/medical-research\/medical-writing-grants\/","url":"https:\/\/apellismedicalhub.ca\/fr\/medical-research\/medical-writing-grants\/","name":"Medical Writing Grants - Apellis Medical Hub Canada","isPartOf":{"@id":"https:\/\/apellismedicalhub.ca\/fr\/#website"},"datePublished":"2023-02-07T04:03:46+00:00","dateModified":"2023-03-27T04:54:25+00:00","breadcrumb":{"@id":"https:\/\/apellismedicalhub.ca\/fr\/medical-research\/medical-writing-grants\/#breadcrumb"},"inLanguage":"fr-FR","potentialAction":[{"@type":"ReadAction","target":["https:\/\/apellismedicalhub.ca\/fr\/medical-research\/medical-writing-grants\/"]}]},{"@type":"BreadcrumbList","@id":"https:\/\/apellismedicalhub.ca\/fr\/medical-research\/medical-writing-grants\/#breadcrumb","itemListElement":[{"@type":"ListItem","position":1,"name":"Home","item":"https:\/\/apellismedicalhub.ca\/fr\/home\/"},{"@type":"ListItem","position":2,"name":"Medical Research","item":"https:\/\/apellismedicalhub.ca\/fr\/medical-research\/"},{"@type":"ListItem","position":3,"name":"Medical Writing Grants"}]},{"@type":"WebSite","@id":"https:\/\/apellismedicalhub.ca\/fr\/#website","url":"https:\/\/apellismedicalhub.ca\/fr\/","name":"Apellis Medical Hub Canada","description":"","potentialAction":[{"@type":"SearchAction","target":{"@type":"EntryPoint","urlTemplate":"https:\/\/apellismedicalhub.ca\/fr\/?s={search_term_string}"},"query-input":{"@type":"PropertyValueSpecification","valueRequired":true,"valueName":"search_term_string"}}],"inLanguage":"fr-FR"}]}},"_links":{"self":[{"href":"https:\/\/apellismedicalhub.ca\/fr\/wp-json\/wp\/v2\/pages\/1374","targetHints":{"allow":["GET"]}}],"collection":[{"href":"https:\/\/apellismedicalhub.ca\/fr\/wp-json\/wp\/v2\/pages"}],"about":[{"href":"https:\/\/apellismedicalhub.ca\/fr\/wp-json\/wp\/v2\/types\/page"}],"author":[{"embeddable":true,"href":"https:\/\/apellismedicalhub.ca\/fr\/wp-json\/wp\/v2\/users\/2"}],"replies":[{"embeddable":true,"href":"https:\/\/apellismedicalhub.ca\/fr\/wp-json\/wp\/v2\/comments?post=1374"}],"version-history":[{"count":0,"href":"https:\/\/apellismedicalhub.ca\/fr\/wp-json\/wp\/v2\/pages\/1374\/revisions"}],"up":[{"embeddable":true,"href":"https:\/\/apellismedicalhub.ca\/fr\/wp-json\/wp\/v2\/pages\/312"}],"wp:attachment":[{"href":"https:\/\/apellismedicalhub.ca\/fr\/wp-json\/wp\/v2\/media?parent=1374"}],"curies":[{"name":"wp","href":"https:\/\/api.w.org\/{rel}","templated":true}]}}