{"id":17,"date":"2022-12-05T17:33:12","date_gmt":"2022-12-05T17:33:12","guid":{"rendered":"https:\/\/apellismedicalhub.ca\/fr\/?page_id=17"},"modified":"2024-11-26T06:55:49","modified_gmt":"2024-11-26T06:55:49","slug":"home","status":"publish","type":"page","link":"https:\/\/apellismedicalhub.ca\/fr\/","title":{"rendered":"Apellis Medical Hub Canada"},"content":{"rendered":"\n<style type=\"text\/css\" data-created_by=\"avia_inline_auto\" id=\"style-css-av-d82wh-3061605cc45fe3f1f94200b0a906186e\">\n.avia-section.av-d82wh-3061605cc45fe3f1f94200b0a906186e{\nbackground-color:#e34c27;\nbackground-image:unset;\n}\n<\/style>\n<div id='av_section_1'  class='avia-section av-d82wh-3061605cc45fe3f1f94200b0a906186e main_color avia-section-no-padding avia-no-border-styling  avia-builder-el-0  el_before_av_section  avia-builder-el-first  welcome-txt avia-bg-style-scroll container_wrap fullsize'  ><div class='container av-section-cont-open' ><main  role=\"main\" itemprop=\"mainContentOfPage\"  class='template-page content  av-content-full alpha units'><div class='post-entry post-entry-type-page post-entry-17'><div class='entry-content-wrapper clearfix'>\n<div class='flex_column_table av-cyctp-0531f15b15f5fb03bef79068301dc7ae sc-av_one_half av-equal-height-column-flextable'>\n<style type=\"text\/css\" data-created_by=\"avia_inline_auto\" id=\"style-css-av-cyctp-0531f15b15f5fb03bef79068301dc7ae\">\n.flex_column.av-cyctp-0531f15b15f5fb03bef79068301dc7ae{\nwidth:48.5%;\nmargin-left:0;\npadding:50px 50px 50px 50px;\n}\n#top .flex_column_table.av-equal-height-column-flextable.av-cyctp-0531f15b15f5fb03bef79068301dc7ae .av-flex-placeholder{\nwidth:3%;\n}\n<\/style>\n<div  class='flex_column av-cyctp-0531f15b15f5fb03bef79068301dc7ae av_one_half  avia-builder-el-1  el_before_av_one_half  avia-builder-el-first  first flex_column_table_cell av-equal-height-column av-align-top  '     ><p>\n<style type=\"text\/css\" data-created_by=\"avia_inline_auto\" id=\"style-css-av-17wkh-20963f107d585e060b1c125a9635ff28\">\n#top .av-special-heading.av-17wkh-20963f107d585e060b1c125a9635ff28{\npadding-bottom:10px;\ncolor:#ffffff;\n}\nbody .av-special-heading.av-17wkh-20963f107d585e060b1c125a9635ff28 .av-special-heading-tag .heading-char{\nfont-size:25px;\n}\n.av-special-heading.av-17wkh-20963f107d585e060b1c125a9635ff28 .special-heading-inner-border{\nborder-color:#ffffff;\n}\n.av-special-heading.av-17wkh-20963f107d585e060b1c125a9635ff28 .av-subheading{\nfont-size:15px;\n}\n<\/style>\n<div  class='av-special-heading av-17wkh-20963f107d585e060b1c125a9635ff28 av-special-heading-h1 custom-color-heading blockquote modern-quote  avia-builder-el-2  el_before_av_textblock  avia-builder-el-first '><h1 class='av-special-heading-tag'  itemprop=\"headline\"  >Bienvenue au p\u00f4le m\u00e9dical d\u2019Apellis<\/h1><div class=\"special-heading-border\"><div class=\"special-heading-inner-border\"><\/div><\/div><\/div><br \/>\n\n<style type=\"text\/css\" data-created_by=\"avia_inline_auto\" id=\"style-css-av-bt5kh-385cda07b1d33591fe2d14fc185cc366\">\n#top .av_textblock_section.av-bt5kh-385cda07b1d33591fe2d14fc185cc366 .avia_textblock{\ncolor:#ffffff;\n}\n<\/style>\n<section  class='av_textblock_section av-bt5kh-385cda07b1d33591fe2d14fc185cc366 '   itemscope=\"itemscope\" itemtype=\"https:\/\/schema.org\/CreativeWork\" ><div class='avia_textblock av_inherit_color'  itemprop=\"text\" ><p>Chez Apellis, nous nous engageons \u00e0 mettre au point des traitements transformateurs pour les personnes vivant avec un large \u00e9ventail de maladies d\u00e9bilitantes en contr\u00f4lant le compl\u00e9ment, qui fait partie du syst\u00e8me immunitaire de l\u2019organisme. Notre travail est fond\u00e9 principalement sur la prot\u00e9ine C3, qui est la seule cible de la cascade du compl\u00e9ment qui vise les trois voies qui peuvent entra\u00eener la maladie. Le ciblage de la prot\u00e9ine C3 offre un fort potentiel pour le traitement de nombreuses maladies pour lesquelles les patients ne disposent d\u2019aucune ou peu d\u2019options de traitement. Pour de plus amples renseignements sur Apellis Pharmaceuticals, veuillez consulter le site web de l\u2019entreprise \u00e0 l\u2019adresse suivante : <a href=\"https:\/\/apellis.ca\/\">www.apellis.ca<\/a><\/p>\n<\/div><\/section><\/p><\/div><div class='av-flex-placeholder'><\/div>\n<style type=\"text\/css\" data-created_by=\"avia_inline_auto\" id=\"style-css-av-azp2p-2c9ee347a249a6be5b3cd24cd30cca52\">\n.flex_column.av-azp2p-2c9ee347a249a6be5b3cd24cd30cca52{\nwidth:48.5%;\nmargin-left:0;\nbackground:url(https:\/\/apellismedicalhub.ca\/fr\/wp-content\/uploads\/2024\/11\/apellis-sign2-1.png) 0% 50% no-repeat scroll ;\n}\n#top .flex_column_table.av-equal-height-column-flextable.av-azp2p-2c9ee347a249a6be5b3cd24cd30cca52 .av-flex-placeholder{\nwidth:3%;\n}\n<\/style>\n<div  class='flex_column av-azp2p-2c9ee347a249a6be5b3cd24cd30cca52 av_one_half  avia-builder-el-4  el_after_av_one_half  avia-builder-el-last  flex_column_table_cell av-equal-height-column av-align-top avia-full-stretch  '     ><\/div><\/div><!--close column table wrapper. Autoclose: 1 -->\n\n<\/div><\/div><\/main><!-- close content main element --><\/div><\/div>\n<style type=\"text\/css\" data-created_by=\"avia_inline_auto\" id=\"style-css-av-ajqb1-ed359951452e4d84bb11338ec1033b8d\">\n.avia-section.av-ajqb1-ed359951452e4d84bb11338ec1033b8d{\nbackground-color:#d4d2c5;\nbackground-image:unset;\n}\n<\/style>\n<div id='av_section_2'  class='avia-section av-ajqb1-ed359951452e4d84bb11338ec1033b8d main_color avia-section-default avia-no-border-styling  avia-builder-el-5  el_after_av_section  avia-builder-el-last  ca-main-txt avia-bg-style-scroll container_wrap fullsize'  ><div class='container av-section-cont-open' ><div class='template-page content  av-content-full alpha units'><div class='post-entry post-entry-type-page post-entry-17'><div class='entry-content-wrapper clearfix'>\n<div  class='flex_column av-9w4uh-8f47a42db645a88d85e3a0010292c98e av_one_half  avia-builder-el-6  el_before_av_one_half  avia-builder-el-first  first flex_column_div  '     ><style type=\"text\/css\" data-created_by=\"avia_inline_auto\" id=\"style-css-av-9cu0l-e440f7e15d79cd98c0a305ffb6a65df6\">\n.avia-image-container.av-9cu0l-e440f7e15d79cd98c0a305ffb6a65df6 img.avia_image{\nbox-shadow:none;\n}\n.avia-image-container.av-9cu0l-e440f7e15d79cd98c0a305ffb6a65df6 .av-image-caption-overlay-center{\ncolor:#ffffff;\n}\n<\/style>\n<div  class='avia-image-container av-9cu0l-e440f7e15d79cd98c0a305ffb6a65df6 av-styling- av-hover-grow avia-align-center  avia-builder-el-7  avia-builder-el-no-sibling '   itemprop=\"image\" itemscope=\"itemscope\" itemtype=\"https:\/\/schema.org\/ImageObject\" ><div class=\"avia-image-container-inner\"><div class=\"avia-image-overlay-wrap\"><a href=\"https:\/\/apellismedicalhub.ca\/fr\/congress-manuscripts\/congress\/\" class='avia_image'  ><img decoding=\"async\" fetchpriority=\"high\" class='wp-image-3295 avia-img-lazy-loading-not-3295 avia_image ' src=\"https:\/\/apellismedicalhub.ca\/fr\/wp-content\/uploads\/2024\/11\/Article-Cover5-1.png\" alt='' title=''  height=\"1080\" width=\"1580\"  itemprop=\"thumbnailUrl\" srcset=\"https:\/\/apellismedicalhub.ca\/fr\/wp-content\/uploads\/2024\/11\/Article-Cover5-1.png 1580w, https:\/\/apellismedicalhub.ca\/fr\/wp-content\/uploads\/2024\/11\/Article-Cover5-1-300x205.png 300w, https:\/\/apellismedicalhub.ca\/fr\/wp-content\/uploads\/2024\/11\/Article-Cover5-1-1030x704.png 1030w, https:\/\/apellismedicalhub.ca\/fr\/wp-content\/uploads\/2024\/11\/Article-Cover5-1-768x525.png 768w, https:\/\/apellismedicalhub.ca\/fr\/wp-content\/uploads\/2024\/11\/Article-Cover5-1-1536x1050.png 1536w, https:\/\/apellismedicalhub.ca\/fr\/wp-content\/uploads\/2024\/11\/Article-Cover5-1-1500x1025.png 1500w, https:\/\/apellismedicalhub.ca\/fr\/wp-content\/uploads\/2024\/11\/Article-Cover5-1-705x482.png 705w\" sizes=\"(max-width: 1580px) 100vw, 1580px\" \/><\/a><\/div><\/div><\/div><\/div><div  class='flex_column av-8gcyh-ce68a3e2bd0e360f91de6e2df86ec0cd av_one_half  avia-builder-el-8  el_after_av_one_half  el_before_av_one_fourth  flex_column_div  '     ><style type=\"text\/css\" data-created_by=\"avia_inline_auto\" id=\"style-css-av-86nkp-3dfb38ab6c61fd2a68a2512f5876a665\">\n.avia-image-container.av-86nkp-3dfb38ab6c61fd2a68a2512f5876a665 img.avia_image{\nbox-shadow:none;\n}\n.avia-image-container.av-86nkp-3dfb38ab6c61fd2a68a2512f5876a665 .av-image-caption-overlay-center{\ncolor:#ffffff;\n}\n<\/style>\n<div  class='avia-image-container av-86nkp-3dfb38ab6c61fd2a68a2512f5876a665 av-styling- av-hover-grow avia-align-center  avia-builder-el-9  avia-builder-el-no-sibling '   itemprop=\"image\" itemscope=\"itemscope\" itemtype=\"https:\/\/schema.org\/ImageObject\" ><div class=\"avia-image-container-inner\"><div class=\"avia-image-overlay-wrap\"><a href=\"https:\/\/apellismedicalhub.ca\/fr\/congress-manuscripts\/manuscripts\/\" class='avia_image'  aria-label='Article Cover(6)'><img decoding=\"async\" fetchpriority=\"high\" class='wp-image-3296 avia-img-lazy-loading-not-3296 avia_image ' src=\"https:\/\/apellismedicalhub.ca\/fr\/wp-content\/uploads\/2024\/11\/Article-Cover6-1.png\" alt='' title='Article Cover(6)'  height=\"1080\" width=\"1580\"  itemprop=\"thumbnailUrl\" srcset=\"https:\/\/apellismedicalhub.ca\/fr\/wp-content\/uploads\/2024\/11\/Article-Cover6-1.png 1580w, https:\/\/apellismedicalhub.ca\/fr\/wp-content\/uploads\/2024\/11\/Article-Cover6-1-300x205.png 300w, https:\/\/apellismedicalhub.ca\/fr\/wp-content\/uploads\/2024\/11\/Article-Cover6-1-1030x704.png 1030w, https:\/\/apellismedicalhub.ca\/fr\/wp-content\/uploads\/2024\/11\/Article-Cover6-1-768x525.png 768w, https:\/\/apellismedicalhub.ca\/fr\/wp-content\/uploads\/2024\/11\/Article-Cover6-1-1536x1050.png 1536w, https:\/\/apellismedicalhub.ca\/fr\/wp-content\/uploads\/2024\/11\/Article-Cover6-1-1500x1025.png 1500w, https:\/\/apellismedicalhub.ca\/fr\/wp-content\/uploads\/2024\/11\/Article-Cover6-1-705x482.png 705w\" sizes=\"(max-width: 1580px) 100vw, 1580px\" \/><\/a><\/div><\/div><\/div><\/div><div class='flex_column_table av-qc8l-e4d56783ab093cc9b95955a5e15ec90f sc-av_one_fourth av-equal-height-column-flextable'><div  class='flex_column av-qc8l-e4d56783ab093cc9b95955a5e15ec90f av_one_fourth  avia-builder-el-10  el_after_av_one_half  el_before_av_three_fourth  first no_margin flex_column_table_cell av-equal-height-column av-align-middle  column-top-margin'     ><style type=\"text\/css\" data-created_by=\"avia_inline_auto\" id=\"style-css-av-6vchl-bddafeefdf92d2c737e92bd142a4a7d4\">\n.avia-image-container.av-6vchl-bddafeefdf92d2c737e92bd142a4a7d4 img.avia_image{\nbox-shadow:none;\n}\n.avia-image-container.av-6vchl-bddafeefdf92d2c737e92bd142a4a7d4 .av-image-caption-overlay-center{\ncolor:#ffffff;\n}\n<\/style>\n<div  class='avia-image-container av-6vchl-bddafeefdf92d2c737e92bd142a4a7d4 av-styling- avia-align-center  avia-builder-el-11  avia-builder-el-no-sibling '   itemprop=\"image\" itemscope=\"itemscope\" itemtype=\"https:\/\/schema.org\/ImageObject\" ><div class=\"avia-image-container-inner\"><div class=\"avia-image-overlay-wrap\"><img decoding=\"async\" fetchpriority=\"high\" class='wp-image-3297 avia-img-lazy-loading-not-3297 avia_image ' src=\"https:\/\/apellismedicalhub.ca\/fr\/wp-content\/uploads\/2024\/11\/carolyn.jpg\" alt='' title='carolyn'  height=\"769\" width=\"769\"  itemprop=\"thumbnailUrl\" srcset=\"https:\/\/apellismedicalhub.ca\/fr\/wp-content\/uploads\/2024\/11\/carolyn.jpg 769w, https:\/\/apellismedicalhub.ca\/fr\/wp-content\/uploads\/2024\/11\/carolyn-300x300.jpg 300w, https:\/\/apellismedicalhub.ca\/fr\/wp-content\/uploads\/2024\/11\/carolyn-80x80.jpg 80w, https:\/\/apellismedicalhub.ca\/fr\/wp-content\/uploads\/2024\/11\/carolyn-36x36.jpg 36w, https:\/\/apellismedicalhub.ca\/fr\/wp-content\/uploads\/2024\/11\/carolyn-180x180.jpg 180w, https:\/\/apellismedicalhub.ca\/fr\/wp-content\/uploads\/2024\/11\/carolyn-705x705.jpg 705w\" sizes=\"(max-width: 769px) 100vw, 769px\" \/><\/div><\/div><\/div><\/div>\n<style type=\"text\/css\" data-created_by=\"avia_inline_auto\" id=\"style-css-av-69uyd-3471e2720c1bb9a72712f021fd692d6d\">\n.flex_column.av-69uyd-3471e2720c1bb9a72712f021fd692d6d{\npadding:5% 5% 5% 5%;\nbackground-color:#ffffff;\n}\n<\/style>\n<div  class='flex_column av-69uyd-3471e2720c1bb9a72712f021fd692d6d av_three_fourth  avia-builder-el-12  el_after_av_one_fourth  el_before_av_hr  no_margin flex_column_table_cell av-equal-height-column av-align-middle  column-top-margin'     ><section  class='av_textblock_section av-5m2pd-1771f3099da3011eb2b790afcaa9de32 '   itemscope=\"itemscope\" itemtype=\"https:\/\/schema.org\/CreativeWork\" ><div class='avia_textblock'  itemprop=\"text\" ><p><strong>Atrophie g\u00e9ographique (AG)<\/strong><\/p>\n<p>L\u2019AG est une forme avanc\u00e9e de d\u00e9g\u00e9n\u00e9rescence maculaire li\u00e9e \u00e0 l\u2019\u00e2ge (DMLA) qui entra\u00eene une perte de vision progressive et irr\u00e9versible, touchant cinq millions de personnes dans le monde.<\/p>\n<p><a href=\"https:\/\/apellismedicalhub.ca\/fr\/science\/geographic-atrophy\/\">Apprendre encore plus &gt;&gt;<\/a><\/p>\n<\/div><\/section><\/div><\/div><!--close column table wrapper. Autoclose: 1 -->\n<style type=\"text\/css\" data-created_by=\"avia_inline_auto\" id=\"style-css-av-59l39-6b3184ed2a61ffe5cadb3e6c4ec04288\">\n#top .hr.hr-invisible.av-59l39-6b3184ed2a61ffe5cadb3e6c4ec04288{\nheight:50px;\n}\n<\/style>\n<div  class='hr av-59l39-6b3184ed2a61ffe5cadb3e6c4ec04288 hr-invisible  avia-builder-el-14  el_after_av_three_fourth  el_before_av_one_fifth '><span class='hr-inner '><span class=\"hr-inner-style\"><\/span><\/span><\/div>\n<div  class='flex_column av-4afkx-dba4c0126dc9eca36ebbaf99c0958b04 av_one_fifth  avia-builder-el-15  el_after_av_hr  el_before_av_three_fifth  desktop first flex_column_div  '     ><\/div><div  class='flex_column av-av_three_fifth-6cae3286d4b050c96f581c37245b12fc av_three_fifth  avia-builder-el-16  el_after_av_one_fifth  el_before_av_one_fifth  desktop flex_column_div  '     ><div  class='avia-video av-m3y3rd9a-4e62c22dabd03d4ce3d6df50f34b9e89 avia-video-16-9 av-no-preview-image avia-video-load-always av-lazyload-immediate av-lazyload-video-embed'  itemprop=\"video\" itemtype=\"https:\/\/schema.org\/VideoObject\"  data-original_url='https:\/\/vimeo.com\/1010849865\/97a7f8a4d8?share=copy'><script type='text\/html' class='av-video-tmpl'><div class='avia-iframe-wrap'><iframe loading=\"lazy\" src=\"https:\/\/player.vimeo.com\/video\/1010849865?h=97a7f8a4d8&amp;dnt=1&amp;app_id=122963&autoplay=0&loop=0&controls=1&muted=0\" width=\"1500\" height=\"844\" frameborder=\"0\" allow=\"autoplay; fullscreen; picture-in-picture; clipboard-write\"><\/iframe><\/div><\/script><div class='av-click-to-play-overlay'><div class=\"avia_playpause_icon\"><\/div><\/div><\/div><\/div><div  class='flex_column av-2o5qp-79d67feefc85430b4afd37e0793d3e36 av_one_fifth  avia-builder-el-18  el_after_av_three_fifth  avia-builder-el-last  desktop flex_column_div  '     ><\/div>\n","protected":false},"excerpt":{"rendered":"","protected":false},"author":3,"featured_media":0,"parent":0,"menu_order":0,"comment_status":"closed","ping_status":"closed","template":"","meta":{"footnotes":""},"class_list":["post-17","page","type-page","status-publish","hentry"],"yoast_head":"<!-- This site is optimized with the Yoast SEO plugin v27.3 - https:\/\/yoast.com\/product\/yoast-seo-wordpress\/ -->\n<title>Apellis Medical Hub Canada - Apellis Medical Hub Canada<\/title>\n<meta name=\"description\" content=\"Bienvenue au p\u00f4le m\u00e9dical d\u2019Apellis - Chez Apellis, nous nous engageons \u00e0 mettre au point des traitements transformateurs pour les personnes vivant avec un large \u00e9ventail de maladies d\u00e9bilitantes en contr\u00f4lant le compl\u00e9ment, qui fait partie du syst\u00e8me immunitaire de l\u2019organisme.\" \/>\n<meta name=\"robots\" content=\"index, follow, max-snippet:-1, max-image-preview:large, max-video-preview:-1\" \/>\n<link rel=\"canonical\" href=\"https:\/\/apellismedicalhub.ca\/fr\/home\/\" \/>\n<meta property=\"og:locale\" content=\"fr_FR\" \/>\n<meta property=\"og:type\" content=\"article\" \/>\n<meta property=\"og:title\" content=\"Apellis Medical Hub Canada - Apellis Medical Hub Canada\" \/>\n<meta property=\"og:description\" content=\"Bienvenue au p\u00f4le m\u00e9dical d\u2019Apellis - Chez Apellis, nous nous engageons \u00e0 mettre au point des traitements transformateurs pour les personnes vivant avec un large \u00e9ventail de maladies d\u00e9bilitantes en contr\u00f4lant le compl\u00e9ment, qui fait partie du syst\u00e8me immunitaire de l\u2019organisme.\" \/>\n<meta property=\"og:url\" content=\"https:\/\/apellismedicalhub.ca\/fr\/home\/\" \/>\n<meta property=\"og:site_name\" content=\"Apellis Medical Hub Canada\" \/>\n<meta property=\"article:modified_time\" content=\"2024-11-26T06:55:49+00:00\" \/>\n<meta name=\"twitter:card\" content=\"summary_large_image\" \/>\n<meta name=\"twitter:label1\" content=\"Dur\u00e9e de lecture estim\u00e9e\" \/>\n\t<meta name=\"twitter:data1\" content=\"2 minutes\" \/>\n<script type=\"application\/ld+json\" class=\"yoast-schema-graph\">{\"@context\":\"https:\\\/\\\/schema.org\",\"@graph\":[{\"@type\":\"WebPage\",\"@id\":\"https:\\\/\\\/apellismedicalhub.ca\\\/fr\\\/home\\\/\",\"url\":\"https:\\\/\\\/apellismedicalhub.ca\\\/fr\\\/home\\\/\",\"name\":\"Apellis Medical Hub Canada - Apellis Medical Hub Canada\",\"isPartOf\":{\"@id\":\"https:\\\/\\\/apellismedicalhub.ca\\\/fr\\\/#website\"},\"datePublished\":\"2022-12-05T17:33:12+00:00\",\"dateModified\":\"2024-11-26T06:55:49+00:00\",\"description\":\"Bienvenue au p\u00f4le m\u00e9dical d\u2019Apellis - Chez Apellis, nous nous engageons \u00e0 mettre au point des traitements transformateurs pour les personnes vivant avec un large \u00e9ventail de maladies d\u00e9bilitantes en contr\u00f4lant le compl\u00e9ment, qui fait partie du syst\u00e8me immunitaire de l\u2019organisme.\",\"breadcrumb\":{\"@id\":\"https:\\\/\\\/apellismedicalhub.ca\\\/fr\\\/home\\\/#breadcrumb\"},\"inLanguage\":\"fr-FR\",\"potentialAction\":[{\"@type\":\"ReadAction\",\"target\":[\"https:\\\/\\\/apellismedicalhub.ca\\\/fr\\\/home\\\/\"]}]},{\"@type\":\"BreadcrumbList\",\"@id\":\"https:\\\/\\\/apellismedicalhub.ca\\\/fr\\\/home\\\/#breadcrumb\",\"itemListElement\":[{\"@type\":\"ListItem\",\"position\":1,\"name\":\"Home\",\"item\":\"https:\\\/\\\/apellismedicalhub.ca\\\/fr\\\/home\\\/\"},{\"@type\":\"ListItem\",\"position\":2,\"name\":\"Apellis Medical Hub Canada\"}]},{\"@type\":\"WebSite\",\"@id\":\"https:\\\/\\\/apellismedicalhub.ca\\\/fr\\\/#website\",\"url\":\"https:\\\/\\\/apellismedicalhub.ca\\\/fr\\\/\",\"name\":\"Apellis Medical Hub Canada\",\"description\":\"\",\"potentialAction\":[{\"@type\":\"SearchAction\",\"target\":{\"@type\":\"EntryPoint\",\"urlTemplate\":\"https:\\\/\\\/apellismedicalhub.ca\\\/fr\\\/?s={search_term_string}\"},\"query-input\":{\"@type\":\"PropertyValueSpecification\",\"valueRequired\":true,\"valueName\":\"search_term_string\"}}],\"inLanguage\":\"fr-FR\"}]}<\/script>\n<!-- \/ Yoast SEO plugin. -->","yoast_head_json":{"title":"Apellis Medical Hub Canada - Apellis Medical Hub Canada","description":"Bienvenue au p\u00f4le m\u00e9dical d\u2019Apellis - Chez Apellis, nous nous engageons \u00e0 mettre au point des traitements transformateurs pour les personnes vivant avec un large \u00e9ventail de maladies d\u00e9bilitantes en contr\u00f4lant le compl\u00e9ment, qui fait partie du syst\u00e8me immunitaire de l\u2019organisme.","robots":{"index":"index","follow":"follow","max-snippet":"max-snippet:-1","max-image-preview":"max-image-preview:large","max-video-preview":"max-video-preview:-1"},"canonical":"https:\/\/apellismedicalhub.ca\/fr\/home\/","og_locale":"fr_FR","og_type":"article","og_title":"Apellis Medical Hub Canada - Apellis Medical Hub Canada","og_description":"Bienvenue au p\u00f4le m\u00e9dical d\u2019Apellis - Chez Apellis, nous nous engageons \u00e0 mettre au point des traitements transformateurs pour les personnes vivant avec un large \u00e9ventail de maladies d\u00e9bilitantes en contr\u00f4lant le compl\u00e9ment, qui fait partie du syst\u00e8me immunitaire de l\u2019organisme.","og_url":"https:\/\/apellismedicalhub.ca\/fr\/home\/","og_site_name":"Apellis Medical Hub Canada","article_modified_time":"2024-11-26T06:55:49+00:00","twitter_card":"summary_large_image","twitter_misc":{"Dur\u00e9e de lecture estim\u00e9e":"2 minutes"},"schema":{"@context":"https:\/\/schema.org","@graph":[{"@type":"WebPage","@id":"https:\/\/apellismedicalhub.ca\/fr\/home\/","url":"https:\/\/apellismedicalhub.ca\/fr\/home\/","name":"Apellis Medical Hub Canada - Apellis Medical Hub Canada","isPartOf":{"@id":"https:\/\/apellismedicalhub.ca\/fr\/#website"},"datePublished":"2022-12-05T17:33:12+00:00","dateModified":"2024-11-26T06:55:49+00:00","description":"Bienvenue au p\u00f4le m\u00e9dical d\u2019Apellis - Chez Apellis, nous nous engageons \u00e0 mettre au point des traitements transformateurs pour les personnes vivant avec un large \u00e9ventail de maladies d\u00e9bilitantes en contr\u00f4lant le compl\u00e9ment, qui fait partie du syst\u00e8me immunitaire de l\u2019organisme.","breadcrumb":{"@id":"https:\/\/apellismedicalhub.ca\/fr\/home\/#breadcrumb"},"inLanguage":"fr-FR","potentialAction":[{"@type":"ReadAction","target":["https:\/\/apellismedicalhub.ca\/fr\/home\/"]}]},{"@type":"BreadcrumbList","@id":"https:\/\/apellismedicalhub.ca\/fr\/home\/#breadcrumb","itemListElement":[{"@type":"ListItem","position":1,"name":"Home","item":"https:\/\/apellismedicalhub.ca\/fr\/home\/"},{"@type":"ListItem","position":2,"name":"Apellis Medical Hub Canada"}]},{"@type":"WebSite","@id":"https:\/\/apellismedicalhub.ca\/fr\/#website","url":"https:\/\/apellismedicalhub.ca\/fr\/","name":"Apellis Medical Hub Canada","description":"","potentialAction":[{"@type":"SearchAction","target":{"@type":"EntryPoint","urlTemplate":"https:\/\/apellismedicalhub.ca\/fr\/?s={search_term_string}"},"query-input":{"@type":"PropertyValueSpecification","valueRequired":true,"valueName":"search_term_string"}}],"inLanguage":"fr-FR"}]}},"_links":{"self":[{"href":"https:\/\/apellismedicalhub.ca\/fr\/wp-json\/wp\/v2\/pages\/17","targetHints":{"allow":["GET"]}}],"collection":[{"href":"https:\/\/apellismedicalhub.ca\/fr\/wp-json\/wp\/v2\/pages"}],"about":[{"href":"https:\/\/apellismedicalhub.ca\/fr\/wp-json\/wp\/v2\/types\/page"}],"author":[{"embeddable":true,"href":"https:\/\/apellismedicalhub.ca\/fr\/wp-json\/wp\/v2\/users\/3"}],"replies":[{"embeddable":true,"href":"https:\/\/apellismedicalhub.ca\/fr\/wp-json\/wp\/v2\/comments?post=17"}],"version-history":[{"count":0,"href":"https:\/\/apellismedicalhub.ca\/fr\/wp-json\/wp\/v2\/pages\/17\/revisions"}],"wp:attachment":[{"href":"https:\/\/apellismedicalhub.ca\/fr\/wp-json\/wp\/v2\/media?parent=17"}],"curies":[{"name":"wp","href":"https:\/\/api.w.org\/{rel}","templated":true}]}}