{"id":2772,"date":"2024-05-15T19:28:36","date_gmt":"2024-05-15T19:28:36","guid":{"rendered":"https:\/\/apellismedicalhub.ca\/fr\/?page_id=2772"},"modified":"2024-05-30T16:28:30","modified_gmt":"2024-05-30T16:28:30","slug":"geographic-atrophy-videos","status":"publish","type":"page","link":"https:\/\/apellismedicalhub.ca\/fr\/science\/geographic-atrophy\/geographic-atrophy-videos\/","title":{"rendered":"Geographic Atrophy &#8211; Videos"},"content":{"rendered":"<div id='av_section_1'  class='avia-section av-7dmk7-569f4c654ead79d786a0718e2ccc27d8 main_color avia-section-no-padding avia-no-border-styling  avia-builder-el-0  el_before_av_codeblock  avia-builder-el-first  header-img avia-bg-style-scroll container_wrap fullsize'  ><div class='container av-section-cont-open' ><main  role=\"main\" itemprop=\"mainContentOfPage\"  class='template-page content  av-content-full alpha units'><div class='post-entry post-entry-type-page post-entry-2772'><div class='entry-content-wrapper clearfix'>\n\n<style type=\"text\/css\" data-created_by=\"avia_inline_auto\" id=\"style-css-av-72xrf-afb60f767bd7eb42426b26ea73f99622\">\n.avia-image-container.av-72xrf-afb60f767bd7eb42426b26ea73f99622 img.avia_image{\nbox-shadow:none;\n}\n.avia-image-container.av-72xrf-afb60f767bd7eb42426b26ea73f99622 .av-image-caption-overlay-center{\ncolor:#ffffff;\n}\n<\/style>\n<div  class='avia-image-container av-72xrf-afb60f767bd7eb42426b26ea73f99622 av-styling-no-styling avia-align-center  avia-builder-el-1  avia-builder-el-no-sibling '   itemprop=\"image\" itemscope=\"itemscope\" itemtype=\"https:\/\/schema.org\/ImageObject\" ><div class=\"avia-image-container-inner\"><div class=\"avia-image-overlay-wrap\"><img decoding=\"async\" fetchpriority=\"high\" class='wp-image-2765 avia-img-lazy-loading-not-2765 avia_image ' src=\"https:\/\/apellismedicalhub.ca\/fr\/wp-content\/uploads\/2024\/04\/CAROLYN-GA.png\" alt='' title='CAROLYN GA'  height=\"810\" width=\"2326\"  itemprop=\"thumbnailUrl\" srcset=\"https:\/\/apellismedicalhub.ca\/fr\/wp-content\/uploads\/2024\/04\/CAROLYN-GA.png 2326w, https:\/\/apellismedicalhub.ca\/fr\/wp-content\/uploads\/2024\/04\/CAROLYN-GA-300x104.png 300w, https:\/\/apellismedicalhub.ca\/fr\/wp-content\/uploads\/2024\/04\/CAROLYN-GA-1030x359.png 1030w, https:\/\/apellismedicalhub.ca\/fr\/wp-content\/uploads\/2024\/04\/CAROLYN-GA-768x267.png 768w, https:\/\/apellismedicalhub.ca\/fr\/wp-content\/uploads\/2024\/04\/CAROLYN-GA-1536x535.png 1536w, https:\/\/apellismedicalhub.ca\/fr\/wp-content\/uploads\/2024\/04\/CAROLYN-GA-2048x713.png 2048w, https:\/\/apellismedicalhub.ca\/fr\/wp-content\/uploads\/2024\/04\/CAROLYN-GA-1500x522.png 1500w, https:\/\/apellismedicalhub.ca\/fr\/wp-content\/uploads\/2024\/04\/CAROLYN-GA-705x246.png 705w\" sizes=\"(max-width: 2326px) 100vw, 2326px\" \/><\/div><\/div><\/div>\n<\/div><\/div><\/main><!-- close content main element --><\/div><\/div><div id='after_section_1'  class='main_color av_default_container_wrap container_wrap fullsize'  ><div class='container av-section-cont-open' ><div class='template-page content  av-content-full alpha units'><div class='post-entry post-entry-type-page post-entry-2772'><div class='entry-content-wrapper clearfix'>\n\n<\/div><\/div><\/div><!-- close content main div --><\/div><\/div><div id='av_section_2'  class='avia-section av-6gog7-f9f8c4afb761bb9ed48bab6dcf83dbc4 main_color avia-section-large avia-no-border-styling  avia-builder-el-3  el_after_av_codeblock  avia-builder-el-last  science-template avia-bg-style-scroll container_wrap fullsize'  ><div class='container av-section-cont-open' ><div class='template-page content  av-content-full alpha units'><div class='post-entry post-entry-type-page post-entry-2772'><div class='entry-content-wrapper clearfix'>\n<div  class='flex_column av-xe7z-a47afebf5e382e963163a55843bf3720 av_one_full  avia-builder-el-4  el_before_av_one_full  avia-builder-el-first  first flex_column_div  '     ><style type=\"text\/css\" data-created_by=\"avia_inline_auto\" id=\"style-css-av-5oyx3-397ddcbd65e579a0bbed53b3216833b2\">\n#top .av-special-heading.av-5oyx3-397ddcbd65e579a0bbed53b3216833b2{\npadding-bottom:30px;\n}\nbody .av-special-heading.av-5oyx3-397ddcbd65e579a0bbed53b3216833b2 .av-special-heading-tag .heading-char{\nfont-size:25px;\n}\n.av-special-heading.av-5oyx3-397ddcbd65e579a0bbed53b3216833b2 .av-subheading{\nfont-size:15px;\n}\n<\/style>\n<div  class='av-special-heading av-5oyx3-397ddcbd65e579a0bbed53b3216833b2 av-special-heading-h1 blockquote modern-quote  avia-builder-el-5  avia-builder-el-no-sibling '><h1 class='av-special-heading-tag'  itemprop=\"headline\"  >Regardez pour en savoir plus sur l\u2019atrophie g\u00e9ographique<\/h1><div class=\"special-heading-border\"><div class=\"special-heading-inner-border\"><\/div><\/div><\/div><\/div><div  class='flex_column av-bkp4pw-30f154112f15304050c85d56836abb00 av_one_full  avia-builder-el-6  el_after_av_one_full  el_before_av_one_half  first flex_column_div  column-top-margin'     ><style type=\"text\/css\" data-created_by=\"avia_inline_auto\" id=\"style-css-av-lv2gd4ta-782eafec06fc9d3b170ffda3ae56a383\">\n#top .av-special-heading.av-lv2gd4ta-782eafec06fc9d3b170ffda3ae56a383{\npadding-bottom:30px;\n}\nbody .av-special-heading.av-lv2gd4ta-782eafec06fc9d3b170ffda3ae56a383 .av-special-heading-tag .heading-char{\nfont-size:25px;\n}\n.av-special-heading.av-lv2gd4ta-782eafec06fc9d3b170ffda3ae56a383 .av-subheading{\nfont-size:15px;\n}\n<\/style>\n<div  class='av-special-heading av-lv2gd4ta-782eafec06fc9d3b170ffda3ae56a383 av-special-heading-h3 blockquote modern-quote  avia-builder-el-7  avia-builder-el-no-sibling '><h3 class='av-special-heading-tag'  itemprop=\"headline\"  >Feuille de route pour l\u2019atrophie g\u00e9ographique (AG)<\/h3><div class=\"special-heading-border\"><div class=\"special-heading-inner-border\"><\/div><\/div><\/div><\/div><div  class='flex_column av-dj8zwk-7260d7abe322ab86a02c5dadea3532e5 av_one_half  avia-builder-el-8  el_after_av_one_full  el_before_av_one_half  first flex_column_div  column-top-margin'     ><section  class='av_textblock_section av-lv2gfw1u-4922daf3efc63f3742c1b483eee41fab '   itemscope=\"itemscope\" itemtype=\"https:\/\/schema.org\/CreativeWork\" ><div class='avia_textblock'  itemprop=\"text\" ><p id=\"tw-target-text\" class=\"tw-data-text tw-text-large tw-ta\" dir=\"ltr\" data-placeholder=\"Translation\" aria-label=\"Translated text\" data-ved=\"2ahUKEwi5gMrs7saFAxVlAHkGHTZ2BS0Q3ewLegQIBRAU\"><span class=\"Y2IQFc\" lang=\"fr\"><strong>Cartographie de l&rsquo;AG<\/strong> &#8211; Un aper\u00e7u de l&rsquo;\u00e9pid\u00e9miologie de l&rsquo;AG, des pr\u00e9dicteurs de progression et du fardeau des patients<\/span><\/p>\n<\/div><\/section><br \/>\n<div  class='avia-video av-99x0ro-8039086329c43360bdf7a4a34bb1a7ab avia-video-16-9 av-no-preview-image avia-video-load-always av-lazyload-immediate av-lazyload-video-embed'  itemprop=\"video\" itemtype=\"https:\/\/schema.org\/VideoObject\"  data-original_url='https:\/\/vimeo.com\/935052423\/ed7c6b5986?share=copy'><script type='text\/html' class='av-video-tmpl'><div class='avia-iframe-wrap'><iframe loading=\"lazy\" src=\"https:\/\/player.vimeo.com\/video\/935052423?h=ed7c6b5986&amp;dnt=1&amp;app_id=122963&autoplay=0&loop=0&controls=1&muted=0\" width=\"1500\" height=\"844\" frameborder=\"0\" allow=\"autoplay; fullscreen; picture-in-picture; clipboard-write\"><\/iframe><\/div><\/script><div class='av-click-to-play-overlay'><div class=\"avia_playpause_icon\"><\/div><\/div><\/div><\/p><\/div><div  class='flex_column av-13j8pg-c8c4755a2c04858dfc70286bfc72ac08 av_one_half  avia-builder-el-11  el_after_av_one_half  el_before_av_one_half  flex_column_div  column-top-margin'     ><section  class='av_textblock_section av-lv2ggbvm-49e27064ee3b4d2235b027c3e5dbc642 '   itemscope=\"itemscope\" itemtype=\"https:\/\/schema.org\/CreativeWork\" ><div class='avia_textblock'  itemprop=\"text\" ><p id=\"tw-target-text\" class=\"tw-data-text tw-text-large tw-ta\" dir=\"ltr\" data-placeholder=\"Translation\" aria-label=\"Translated text\" data-ved=\"2ahUKEwi5gMrs7saFAxVlAHkGHTZ2BS0Q3ewLegQIBRAU\"><strong>Techniques d&rsquo;imagerie \u00e0 l&rsquo;\u00e8re th\u00e9rapeutique de l&rsquo;AG<\/strong>\u00a0&#8211; Explorer de nouvelles directions en imagerie pour le diagnostic et la surveillance de l&rsquo;AG<\/p>\n<\/div><\/section><br \/>\n<div  class='avia-video av-7nnyxw-788fcd6d679194a4516976c094fddcb7 avia-video-16-9 av-no-preview-image avia-video-load-always av-lazyload-immediate av-lazyload-video-embed'  itemprop=\"video\" itemtype=\"https:\/\/schema.org\/VideoObject\"  data-original_url='https:\/\/vimeo.com\/935051310\/7c795506b3?share=copy'><script type='text\/html' class='av-video-tmpl'><div class='avia-iframe-wrap'><iframe loading=\"lazy\" src=\"https:\/\/player.vimeo.com\/video\/935051310?h=7c795506b3&amp;dnt=1&amp;app_id=122963&autoplay=0&loop=0&controls=1&muted=0\" width=\"1500\" height=\"844\" frameborder=\"0\" allow=\"autoplay; fullscreen; picture-in-picture; clipboard-write\"><\/iframe><\/div><\/script><div class='av-click-to-play-overlay'><div class=\"avia_playpause_icon\"><\/div><\/div><\/div><\/p><\/div><div  class='flex_column av-92p8x0-cf6d50a849e2cb103e8f022ea822c311 av_one_half  avia-builder-el-14  el_after_av_one_half  el_before_av_one_half  first flex_column_div  column-top-margin'     ><section  class='av_textblock_section av-lv2gh5vo-08deabef19f23278e4e8dde2125d9293 '   itemscope=\"itemscope\" itemtype=\"https:\/\/schema.org\/CreativeWork\" ><div class='avia_textblock'  itemprop=\"text\" ><p id=\"tw-target-text\" class=\"tw-data-text tw-text-large tw-ta\" dir=\"ltr\" data-placeholder=\"Translation\" aria-label=\"Translated text\" data-ved=\"2ahUKEwi5gMrs7saFAxVlAHkGHTZ2BS0Q3ewLegQIBRAU\"><strong>Comment mesurer au mieux la fonction visuelle en AG<\/strong>\u00a0&#8211; La microp\u00e9rim\u00e9trie comme biomarqueur fonctionnel \u00e9mergent<\/p>\n<\/div><\/section><br \/>\n<div  class='avia-video av-5kxut0-32ec9d8b4097d8e907220facd0c8c70b avia-video-16-9 av-no-preview-image avia-video-load-always av-lazyload-immediate av-lazyload-video-embed'  itemprop=\"video\" itemtype=\"https:\/\/schema.org\/VideoObject\"  data-original_url='https:\/\/vimeo.com\/935052037\/4065d06f86?share=copy'><script type='text\/html' class='av-video-tmpl'><div class='avia-iframe-wrap'><iframe loading=\"lazy\" src=\"https:\/\/player.vimeo.com\/video\/935052037?h=4065d06f86&amp;dnt=1&amp;app_id=122963&autoplay=0&loop=0&controls=1&muted=0\" width=\"1500\" height=\"844\" frameborder=\"0\" allow=\"autoplay; fullscreen; picture-in-picture; clipboard-write\"><\/iframe><\/div><\/script><div class='av-click-to-play-overlay'><div class=\"avia_playpause_icon\"><\/div><\/div><\/div><\/p><\/div><div  class='flex_column av-48h65w-17549fd04a1cc7a8f86cca6c1056429e av_one_half  avia-builder-el-17  el_after_av_one_half  el_before_av_hr  flex_column_div  column-top-margin'     ><section  class='av_textblock_section av-lv2ghp46-df8f86828308bd73d2d0a78f85758255 '   itemscope=\"itemscope\" itemtype=\"https:\/\/schema.org\/CreativeWork\" ><div class='avia_textblock'  itemprop=\"text\" ><p id=\"tw-target-text\" class=\"tw-data-text tw-text-large tw-ta\" dir=\"ltr\" data-placeholder=\"Translation\" aria-label=\"Translated text\" data-ved=\"2ahUKEwi5gMrs7saFAxVlAHkGHTZ2BS0Q3ewLegQIBRAU\"><strong>Quels patients devrais-je consid\u00e9rer pour les th\u00e9rapies de l&rsquo;AG<\/strong>\u00a0&#8211; Le parcours d&rsquo;un patient mettant en \u00e9vidence les facteurs qui guident les d\u00e9cisions de traitement<\/p>\n<\/div><\/section><br \/>\n<div  class='avia-video av-4e2n90-3b59b23f853a9ed954dd2f0cf8f70129 avia-video-16-9 av-no-preview-image avia-video-load-always av-lazyload-immediate av-lazyload-video-embed'  itemprop=\"video\" itemtype=\"https:\/\/schema.org\/VideoObject\"  data-original_url='https:\/\/vimeo.com\/935051141\/97bb11e715?share=copy'><script type='text\/html' class='av-video-tmpl'><div class='avia-iframe-wrap'><iframe loading=\"lazy\" src=\"https:\/\/player.vimeo.com\/video\/935051141?h=97bb11e715&amp;dnt=1&amp;app_id=122963&autoplay=0&loop=0&controls=1&muted=0\" width=\"1500\" height=\"844\" frameborder=\"0\" allow=\"autoplay; fullscreen; picture-in-picture; clipboard-write\"><\/iframe><\/div><\/script><div class='av-click-to-play-overlay'><div class=\"avia_playpause_icon\"><\/div><\/div><\/div><\/p><\/div><div  class='hr av-2eewvo-a746b7dd28d39ec78c8f581f3adf2304 hr-default  avia-builder-el-20  el_after_av_one_half  el_before_av_one_full '><span class='hr-inner '><span class=\"hr-inner-style\"><\/span><\/span><\/div>\n<div  class='flex_column av-238lus-ded3709dae4678a82ce77242dadc59db av_one_full  avia-builder-el-21  el_after_av_hr  el_before_av_video  first flex_column_div  '     ><style type=\"text\/css\" data-created_by=\"avia_inline_auto\" id=\"style-css-av-lv2gemla-14930c1a7920d98172fbfb3dc182bfe8\">\n#top .av-special-heading.av-lv2gemla-14930c1a7920d98172fbfb3dc182bfe8{\npadding-bottom:30px;\n}\nbody .av-special-heading.av-lv2gemla-14930c1a7920d98172fbfb3dc182bfe8 .av-special-heading-tag .heading-char{\nfont-size:25px;\n}\n.av-special-heading.av-lv2gemla-14930c1a7920d98172fbfb3dc182bfe8 .av-subheading{\nfont-size:15px;\n}\n<\/style>\n<div  class='av-special-heading av-lv2gemla-14930c1a7920d98172fbfb3dc182bfe8 av-special-heading-h3 blockquote modern-quote  avia-builder-el-22  avia-builder-el-no-sibling '><h3 class='av-special-heading-tag'  itemprop=\"headline\"  >M\u00e9canisme de la maladie<\/h3><div class=\"special-heading-border\"><div class=\"special-heading-inner-border\"><\/div><\/div><\/div><\/div><div  class='avia-video av-lv2g5yer-9fa70f20a974cd7a9b3755770871aec6 avia-video-16-9 av-no-preview-image avia-video-load-always avia-video-html5'  itemprop=\"video\" itemtype=\"https:\/\/schema.org\/VideoObject\"  data-original_url='\/wp-content\/uploads\/2023\/01\/ga-mod.mp4'><video class='avia_video'    preload=\"auto\"  controls id='player_2772_249775611_159973720'><source src='\/wp-content\/uploads\/2023\/01\/ga-mod.mp4' type='video\/mp4' \/><\/video><\/div>\n<div  class='hr av-39rllg-7a9b09034599e327f34fa654d9c5bbfc hr-default  avia-builder-el-24  el_after_av_video  el_before_av_one_half '><span class='hr-inner '><span class=\"hr-inner-style\"><\/span><\/span><\/div>\n\n<style type=\"text\/css\" data-created_by=\"avia_inline_auto\" id=\"style-css-av-59zn7-5e5c566e783bc05974a25799fc5769e4\">\n.flex_column.av-59zn7-5e5c566e783bc05974a25799fc5769e4{\nwidth:48.5%;\n}\n<\/style>\n<div  class='flex_column av-59zn7-5e5c566e783bc05974a25799fc5769e4 av_one_half  avia-builder-el-25  el_after_av_hr  el_before_av_one_half  first flex_column_div  '     ><style type=\"text\/css\" data-created_by=\"avia_inline_auto\" id=\"style-css-av-4aufz-94eae6a0b300be7cec17990cb5b879fe\">\n.avia-image-container.av-4aufz-94eae6a0b300be7cec17990cb5b879fe img.avia_image{\nbox-shadow:none;\n}\n.avia-image-container.av-4aufz-94eae6a0b300be7cec17990cb5b879fe .av-caption-image-overlay-bg{\nopacity:0.4;\nbackground-color:#005d83;\n}\n.avia-image-container.av-4aufz-94eae6a0b300be7cec17990cb5b879fe .av-image-caption-overlay-center{\ncolor:#ffffff;\n}\n<\/style>\n<div  class='avia-image-container av-4aufz-94eae6a0b300be7cec17990cb5b879fe av-styling-no-styling av-hover-grow av-hide-overflow avia-align-center  avia-builder-el-26  avia-builder-el-no-sibling  noHover av-overlay-hover-deactivate'   itemprop=\"image\" itemscope=\"itemscope\" itemtype=\"https:\/\/schema.org\/ImageObject\" ><div class=\"avia-image-container-inner\"><div class=\"avia-image-overlay-wrap\"><a href=\"https:\/\/apellismedicalhub.ca\/fr\/geographic-atrophy-ga\/\" class='avia_image'  target=\"_blank\"  rel=\"noopener noreferrer\" aria-label='tile-congress-presos'><div class=\"av-image-caption-overlay\"><div class=\"av-caption-image-overlay-bg\"><\/div><div class=\"av-image-caption-overlay-position\"><div class=\"av-image-caption-overlay-center\"><p>Pr\u00e9sentations lors de congr\u00e8s<\/p>\n<\/div><\/div><\/div><img decoding=\"async\" fetchpriority=\"high\" class='wp-image-51 avia-img-lazy-loading-not-51 avia_image ' src=\"https:\/\/apellismedicalhub.ca\/fr\/wp-content\/uploads\/2022\/12\/tile-congress-presos.jpg\" alt='' title='tile-congress-presos'  height=\"350\" width=\"750\"  itemprop=\"thumbnailUrl\" srcset=\"https:\/\/apellismedicalhub.ca\/fr\/wp-content\/uploads\/2022\/12\/tile-congress-presos.jpg 750w, https:\/\/apellismedicalhub.ca\/fr\/wp-content\/uploads\/2022\/12\/tile-congress-presos-300x140.jpg 300w, https:\/\/apellismedicalhub.ca\/fr\/wp-content\/uploads\/2022\/12\/tile-congress-presos-705x329.jpg 705w\" sizes=\"(max-width: 750px) 100vw, 750px\" \/><\/a><\/div><\/div><\/div><\/div>\n<style type=\"text\/css\" data-created_by=\"avia_inline_auto\" id=\"style-css-av-3quov-2ae4e115b4bf1db9bd300204122c16f3\">\n.flex_column.av-3quov-2ae4e115b4bf1db9bd300204122c16f3{\nwidth:48.5%;\nmargin-left:3%;\n}\n<\/style>\n<div  class='flex_column av-3quov-2ae4e115b4bf1db9bd300204122c16f3 av_one_half  avia-builder-el-27  el_after_av_one_half  avia-builder-el-last  flex_column_div  '     ><style type=\"text\/css\" data-created_by=\"avia_inline_auto\" id=\"style-css-av-3ir3n-510e79cec52a547ad9edef75923bcf02\">\n.avia-image-container.av-3ir3n-510e79cec52a547ad9edef75923bcf02 img.avia_image{\nbox-shadow:none;\n}\n.avia-image-container.av-3ir3n-510e79cec52a547ad9edef75923bcf02 .av-caption-image-overlay-bg{\nopacity:0.4;\nbackground-color:#005d83;\n}\n.avia-image-container.av-3ir3n-510e79cec52a547ad9edef75923bcf02 .av-image-caption-overlay-center{\ncolor:#ffffff;\n}\n<\/style>\n<div  class='avia-image-container av-3ir3n-510e79cec52a547ad9edef75923bcf02 av-styling-no-styling av-hover-grow av-hide-overflow avia-align-center  avia-builder-el-28  avia-builder-el-no-sibling  noHover av-overlay-hover-deactivate'   itemprop=\"image\" itemscope=\"itemscope\" itemtype=\"https:\/\/schema.org\/ImageObject\" ><div class=\"avia-image-container-inner\"><div class=\"avia-image-overlay-wrap\"><a href=\"https:\/\/apellismedicalhub.ca\/fr\/medical-research\/scientific-focus\/\" class='avia_image'  aria-label='tile-medical-research'><div class=\"av-image-caption-overlay\"><div class=\"av-caption-image-overlay-bg\"><\/div><div class=\"av-image-caption-overlay-position\"><div class=\"av-image-caption-overlay-center\"><p>Recherche m\u00e9dicale<\/p>\n<\/div><\/div><\/div><img decoding=\"async\" fetchpriority=\"high\" class='wp-image-75 avia-img-lazy-loading-not-75 avia_image ' src=\"https:\/\/apellismedicalhub.ca\/fr\/wp-content\/uploads\/2022\/12\/tile-medical-research.jpg\" alt='' title='tile-medical-research'  height=\"350\" width=\"750\"  itemprop=\"thumbnailUrl\" srcset=\"https:\/\/apellismedicalhub.ca\/fr\/wp-content\/uploads\/2022\/12\/tile-medical-research.jpg 750w, https:\/\/apellismedicalhub.ca\/fr\/wp-content\/uploads\/2022\/12\/tile-medical-research-300x140.jpg 300w, https:\/\/apellismedicalhub.ca\/fr\/wp-content\/uploads\/2022\/12\/tile-medical-research-705x329.jpg 705w\" sizes=\"(max-width: 750px) 100vw, 750px\" \/><\/a><\/div><\/div><\/div><\/div>\n\n","protected":false},"excerpt":{"rendered":"","protected":false},"author":5,"featured_media":0,"parent":79,"menu_order":0,"comment_status":"closed","ping_status":"closed","template":"","meta":{"footnotes":""},"class_list":["post-2772","page","type-page","status-publish","hentry"],"yoast_head":"<!-- This site is optimized with the Yoast SEO plugin v27.3 - https:\/\/yoast.com\/product\/yoast-seo-wordpress\/ -->\n<title>Geographic Atrophy - Videos - Apellis Medical Hub Canada<\/title>\n<meta name=\"robots\" content=\"index, follow, max-snippet:-1, max-image-preview:large, max-video-preview:-1\" \/>\n<link rel=\"canonical\" href=\"https:\/\/apellismedicalhub.ca\/fr\/science\/geographic-atrophy\/geographic-atrophy-videos\/\" \/>\n<meta property=\"og:locale\" content=\"fr_FR\" \/>\n<meta property=\"og:type\" content=\"article\" \/>\n<meta property=\"og:title\" content=\"Geographic Atrophy - Videos - Apellis Medical Hub Canada\" \/>\n<meta property=\"og:url\" content=\"https:\/\/apellismedicalhub.ca\/fr\/science\/geographic-atrophy\/geographic-atrophy-videos\/\" \/>\n<meta property=\"og:site_name\" content=\"Apellis Medical Hub Canada\" \/>\n<meta property=\"article:modified_time\" content=\"2024-05-30T16:28:30+00:00\" \/>\n<meta name=\"twitter:card\" content=\"summary_large_image\" \/>\n<meta name=\"twitter:label1\" content=\"Dur\u00e9e de lecture estim\u00e9e\" \/>\n\t<meta name=\"twitter:data1\" content=\"2 minutes\" \/>\n<script type=\"application\/ld+json\" class=\"yoast-schema-graph\">{\"@context\":\"https:\\\/\\\/schema.org\",\"@graph\":[{\"@type\":\"WebPage\",\"@id\":\"https:\\\/\\\/apellismedicalhub.ca\\\/fr\\\/science\\\/geographic-atrophy\\\/geographic-atrophy-videos\\\/\",\"url\":\"https:\\\/\\\/apellismedicalhub.ca\\\/fr\\\/science\\\/geographic-atrophy\\\/geographic-atrophy-videos\\\/\",\"name\":\"Geographic Atrophy - Videos - Apellis Medical Hub Canada\",\"isPartOf\":{\"@id\":\"https:\\\/\\\/apellismedicalhub.ca\\\/fr\\\/#website\"},\"datePublished\":\"2024-05-15T19:28:36+00:00\",\"dateModified\":\"2024-05-30T16:28:30+00:00\",\"breadcrumb\":{\"@id\":\"https:\\\/\\\/apellismedicalhub.ca\\\/fr\\\/science\\\/geographic-atrophy\\\/geographic-atrophy-videos\\\/#breadcrumb\"},\"inLanguage\":\"fr-FR\",\"potentialAction\":[{\"@type\":\"ReadAction\",\"target\":[\"https:\\\/\\\/apellismedicalhub.ca\\\/fr\\\/science\\\/geographic-atrophy\\\/geographic-atrophy-videos\\\/\"]}]},{\"@type\":\"BreadcrumbList\",\"@id\":\"https:\\\/\\\/apellismedicalhub.ca\\\/fr\\\/science\\\/geographic-atrophy\\\/geographic-atrophy-videos\\\/#breadcrumb\",\"itemListElement\":[{\"@type\":\"ListItem\",\"position\":1,\"name\":\"Home\",\"item\":\"https:\\\/\\\/apellismedicalhub.ca\\\/fr\\\/home\\\/\"},{\"@type\":\"ListItem\",\"position\":2,\"name\":\"Science\",\"item\":\"https:\\\/\\\/apellismedicalhub.ca\\\/fr\\\/science\\\/\"},{\"@type\":\"ListItem\",\"position\":3,\"name\":\"Geographic Atrophy\",\"item\":\"https:\\\/\\\/apellismedicalhub.ca\\\/fr\\\/science\\\/geographic-atrophy\\\/\"},{\"@type\":\"ListItem\",\"position\":4,\"name\":\"Geographic Atrophy &#8211; Videos\"}]},{\"@type\":\"WebSite\",\"@id\":\"https:\\\/\\\/apellismedicalhub.ca\\\/fr\\\/#website\",\"url\":\"https:\\\/\\\/apellismedicalhub.ca\\\/fr\\\/\",\"name\":\"Apellis Medical Hub Canada\",\"description\":\"\",\"potentialAction\":[{\"@type\":\"SearchAction\",\"target\":{\"@type\":\"EntryPoint\",\"urlTemplate\":\"https:\\\/\\\/apellismedicalhub.ca\\\/fr\\\/?s={search_term_string}\"},\"query-input\":{\"@type\":\"PropertyValueSpecification\",\"valueRequired\":true,\"valueName\":\"search_term_string\"}}],\"inLanguage\":\"fr-FR\"}]}<\/script>\n<!-- \/ Yoast SEO plugin. -->","yoast_head_json":{"title":"Geographic Atrophy - Videos - Apellis Medical Hub Canada","robots":{"index":"index","follow":"follow","max-snippet":"max-snippet:-1","max-image-preview":"max-image-preview:large","max-video-preview":"max-video-preview:-1"},"canonical":"https:\/\/apellismedicalhub.ca\/fr\/science\/geographic-atrophy\/geographic-atrophy-videos\/","og_locale":"fr_FR","og_type":"article","og_title":"Geographic Atrophy - Videos - Apellis Medical Hub Canada","og_url":"https:\/\/apellismedicalhub.ca\/fr\/science\/geographic-atrophy\/geographic-atrophy-videos\/","og_site_name":"Apellis Medical Hub Canada","article_modified_time":"2024-05-30T16:28:30+00:00","twitter_card":"summary_large_image","twitter_misc":{"Dur\u00e9e de lecture estim\u00e9e":"2 minutes"},"schema":{"@context":"https:\/\/schema.org","@graph":[{"@type":"WebPage","@id":"https:\/\/apellismedicalhub.ca\/fr\/science\/geographic-atrophy\/geographic-atrophy-videos\/","url":"https:\/\/apellismedicalhub.ca\/fr\/science\/geographic-atrophy\/geographic-atrophy-videos\/","name":"Geographic Atrophy - Videos - Apellis Medical Hub Canada","isPartOf":{"@id":"https:\/\/apellismedicalhub.ca\/fr\/#website"},"datePublished":"2024-05-15T19:28:36+00:00","dateModified":"2024-05-30T16:28:30+00:00","breadcrumb":{"@id":"https:\/\/apellismedicalhub.ca\/fr\/science\/geographic-atrophy\/geographic-atrophy-videos\/#breadcrumb"},"inLanguage":"fr-FR","potentialAction":[{"@type":"ReadAction","target":["https:\/\/apellismedicalhub.ca\/fr\/science\/geographic-atrophy\/geographic-atrophy-videos\/"]}]},{"@type":"BreadcrumbList","@id":"https:\/\/apellismedicalhub.ca\/fr\/science\/geographic-atrophy\/geographic-atrophy-videos\/#breadcrumb","itemListElement":[{"@type":"ListItem","position":1,"name":"Home","item":"https:\/\/apellismedicalhub.ca\/fr\/home\/"},{"@type":"ListItem","position":2,"name":"Science","item":"https:\/\/apellismedicalhub.ca\/fr\/science\/"},{"@type":"ListItem","position":3,"name":"Geographic Atrophy","item":"https:\/\/apellismedicalhub.ca\/fr\/science\/geographic-atrophy\/"},{"@type":"ListItem","position":4,"name":"Geographic Atrophy &#8211; Videos"}]},{"@type":"WebSite","@id":"https:\/\/apellismedicalhub.ca\/fr\/#website","url":"https:\/\/apellismedicalhub.ca\/fr\/","name":"Apellis Medical Hub Canada","description":"","potentialAction":[{"@type":"SearchAction","target":{"@type":"EntryPoint","urlTemplate":"https:\/\/apellismedicalhub.ca\/fr\/?s={search_term_string}"},"query-input":{"@type":"PropertyValueSpecification","valueRequired":true,"valueName":"search_term_string"}}],"inLanguage":"fr-FR"}]}},"_links":{"self":[{"href":"https:\/\/apellismedicalhub.ca\/fr\/wp-json\/wp\/v2\/pages\/2772","targetHints":{"allow":["GET"]}}],"collection":[{"href":"https:\/\/apellismedicalhub.ca\/fr\/wp-json\/wp\/v2\/pages"}],"about":[{"href":"https:\/\/apellismedicalhub.ca\/fr\/wp-json\/wp\/v2\/types\/page"}],"author":[{"embeddable":true,"href":"https:\/\/apellismedicalhub.ca\/fr\/wp-json\/wp\/v2\/users\/5"}],"replies":[{"embeddable":true,"href":"https:\/\/apellismedicalhub.ca\/fr\/wp-json\/wp\/v2\/comments?post=2772"}],"version-history":[{"count":0,"href":"https:\/\/apellismedicalhub.ca\/fr\/wp-json\/wp\/v2\/pages\/2772\/revisions"}],"up":[{"embeddable":true,"href":"https:\/\/apellismedicalhub.ca\/fr\/wp-json\/wp\/v2\/pages\/79"}],"wp:attachment":[{"href":"https:\/\/apellismedicalhub.ca\/fr\/wp-json\/wp\/v2\/media?parent=2772"}],"curies":[{"name":"wp","href":"https:\/\/api.w.org\/{rel}","templated":true}]}}