{"id":315,"date":"2023-01-11T11:22:55","date_gmt":"2023-01-11T11:22:55","guid":{"rendered":"https:\/\/apellismedicalhub.ca\/fr\/?page_id=315"},"modified":"2024-08-14T13:23:11","modified_gmt":"2024-08-14T13:23:11","slug":"scientific-focus","status":"publish","type":"page","link":"https:\/\/apellismedicalhub.ca\/fr\/medical-research\/scientific-focus\/","title":{"rendered":"Scientific Focus"},"content":{"rendered":"<div id='av_section_1'  class='avia-section av-24r58j-ce9fe9389ac88f78721ef95577fa3c8e main_color avia-section-no-padding avia-no-border-styling  avia-builder-el-0  el_before_av_section  avia-builder-el-first  header-img avia-bg-style-scroll container_wrap fullsize'  ><div class='container av-section-cont-open' ><main  role=\"main\" itemprop=\"mainContentOfPage\"  class='template-page content  av-content-full alpha units'><div class='post-entry post-entry-type-page post-entry-315'><div class='entry-content-wrapper clearfix'>\n\n<style type=\"text\/css\" data-created_by=\"avia_inline_auto\" id=\"style-css-av-1yxydf-010582ee295a40729da7197eae30d1e2\">\n.avia-image-container.av-1yxydf-010582ee295a40729da7197eae30d1e2 img.avia_image{\nbox-shadow:none;\n}\n.avia-image-container.av-1yxydf-010582ee295a40729da7197eae30d1e2 .av-image-caption-overlay-center{\ncolor:#ffffff;\n}\n<\/style>\n<div  class='avia-image-container av-1yxydf-010582ee295a40729da7197eae30d1e2 av-styling-no-styling avia-align-center  avia-builder-el-1  avia-builder-el-no-sibling '   itemprop=\"image\" itemscope=\"itemscope\" itemtype=\"https:\/\/schema.org\/ImageObject\" ><div class=\"avia-image-container-inner\"><div class=\"avia-image-overlay-wrap\"><img decoding=\"async\" fetchpriority=\"high\" class='wp-image-318 avia-img-lazy-loading-not-318 avia_image ' src=\"https:\/\/apellismedicalhub.ca\/fr\/wp-content\/uploads\/2023\/01\/hero-l-our-scientific-focus.jpeg\" alt='' title=''  height=\"500\" width=\"1440\"  itemprop=\"thumbnailUrl\" srcset=\"https:\/\/apellismedicalhub.ca\/fr\/wp-content\/uploads\/2023\/01\/hero-l-our-scientific-focus.jpeg 1440w, https:\/\/apellismedicalhub.ca\/fr\/wp-content\/uploads\/2023\/01\/hero-l-our-scientific-focus-300x104.jpeg 300w, https:\/\/apellismedicalhub.ca\/fr\/wp-content\/uploads\/2023\/01\/hero-l-our-scientific-focus-1030x358.jpeg 1030w, https:\/\/apellismedicalhub.ca\/fr\/wp-content\/uploads\/2023\/01\/hero-l-our-scientific-focus-768x267.jpeg 768w, https:\/\/apellismedicalhub.ca\/fr\/wp-content\/uploads\/2023\/01\/hero-l-our-scientific-focus-705x245.jpeg 705w\" sizes=\"(max-width: 1440px) 100vw, 1440px\" \/><\/div><\/div><\/div>\n\n<\/div><\/div><\/main><!-- close content main element --><\/div><\/div><div id='av_section_2'  class='avia-section av-1rnbwb-9d7b8f15a63d73d9ecb25c54e60ab257 main_color avia-section-large avia-no-border-styling  avia-builder-el-2  el_after_av_section  el_before_av_section  science-template avia-bg-style-scroll container_wrap fullsize'  ><div class='container av-section-cont-open' ><div class='template-page content  av-content-full alpha units'><div class='post-entry post-entry-type-page post-entry-315'><div class='entry-content-wrapper clearfix'>\n\n<style type=\"text\/css\" data-created_by=\"avia_inline_auto\" id=\"style-css-av-1n24d7-ff65918f12498097f48347809c1598fe\">\n#top .av-special-heading.av-1n24d7-ff65918f12498097f48347809c1598fe{\npadding-bottom:30px;\n}\nbody .av-special-heading.av-1n24d7-ff65918f12498097f48347809c1598fe .av-special-heading-tag .heading-char{\nfont-size:25px;\n}\n.av-special-heading.av-1n24d7-ff65918f12498097f48347809c1598fe .av-subheading{\nfont-size:15px;\n}\n<\/style>\n<div  class='av-special-heading av-1n24d7-ff65918f12498097f48347809c1598fe av-special-heading-h1 blockquote modern-quote  avia-builder-el-3  el_before_av_textblock  avia-builder-el-first '><h1 class='av-special-heading-tag'  itemprop=\"headline\"  >Notre orientation scientifique<\/h1><div class=\"special-heading-border\"><div class=\"special-heading-inner-border\"><\/div><\/div><\/div>\n<section  class='av_textblock_section av-kl9ff-39122c8e78d3e5e5c1a0987eaba632ea '   itemscope=\"itemscope\" itemtype=\"https:\/\/schema.org\/CreativeWork\" ><div class='avia_textblock'  itemprop=\"text\" ><p>Apellis se consacre \u00e0 l\u2019am\u00e9lioration de la vie des personnes vivant avec une maladie grave, provoqu\u00e9e par le compl\u00e9ment, et soutient la recherche m\u00e9dicale et scientifique qui d\u00e9montre le plus haut niveau de curiosit\u00e9, d\u2019inclusion et d\u2019int\u00e9grit\u00e9 scientifiques.<\/p>\n<\/div><\/section>\n\n<\/div><\/div><\/div><!-- close content main div --><\/div><\/div><div id='av_section_3'  class='avia-section av-l3zt7-a2a53fdb2f507a4885e70687903af8f5 main_color avia-section-no-padding avia-no-border-styling  avia-builder-el-5  el_after_av_section  avia-builder-el-last  science-template avia-bg-style-scroll container_wrap fullsize'  ><div class='container av-section-cont-open' ><div class='template-page content  av-content-full alpha units'><div class='post-entry post-entry-type-page post-entry-315'><div class='entry-content-wrapper clearfix'>\n<div  class='flex_column av-ggmcj-d0b96eee593ab7c34b409a500faf387b av_one_fifth  avia-builder-el-6  el_before_av_four_fifth  avia-builder-el-first  first flex_column_div  '     ><style type=\"text\/css\" data-created_by=\"avia_inline_auto\" id=\"style-css-av-lcrmqbxz-bce4817734254fe07f4817aa3d07634c\">\n.avia-image-container.av-lcrmqbxz-bce4817734254fe07f4817aa3d07634c img.avia_image{\nbox-shadow:none;\n}\n.avia-image-container.av-lcrmqbxz-bce4817734254fe07f4817aa3d07634c .av-image-caption-overlay-center{\ncolor:#ffffff;\n}\n<\/style>\n<div  class='avia-image-container av-lcrmqbxz-bce4817734254fe07f4817aa3d07634c av-styling-no-styling avia-align-left  avia-builder-el-7  avia-builder-el-no-sibling '   itemprop=\"image\" itemscope=\"itemscope\" itemtype=\"https:\/\/schema.org\/ImageObject\" ><div class=\"avia-image-container-inner\"><div class=\"avia-image-overlay-wrap\"><img decoding=\"async\" fetchpriority=\"high\" class='wp-image-331 avia-img-lazy-loading-not-331 avia_image ' src=\"https:\/\/apellismedicalhub.ca\/fr\/wp-content\/uploads\/2023\/01\/icon-ophthalmology.png\" alt='' title=''  height=\"94\" width=\"170\"  itemprop=\"thumbnailUrl\"  \/><\/div><\/div><\/div><\/div><div  class='flex_column av-8ka8j-84261ebac1086630c376804941b3fd6d av_four_fifth  avia-builder-el-8  el_after_av_one_fifth  el_before_av_hr  flex_column_div  '     ><section  class='av_textblock_section av-lcrmquuw-b3406d7046c7103f194cf4d4335379b9 '   itemscope=\"itemscope\" itemtype=\"https:\/\/schema.org\/CreativeWork\" ><div class='avia_textblock focus-txt'  itemprop=\"text\" ><p><strong>Ophtalmologie-atrophie g\u00e9ographique (AG)<\/strong><\/p>\n<ul>\n<li>Mise au point de tests et \u00e9tudes pour \u00e9valuer la fonction visuelle chez les patients atteints d\u2019AG \u00e0 cause de la DMLA<\/li>\n<li>Meilleure comprehension de la relation entre l\u2019AG et la DMLA n\u00e9ovasculaire<\/li>\n<\/ul>\n<\/div><\/section><\/div>\n<style type=\"text\/css\" data-created_by=\"avia_inline_auto\" id=\"style-css-av-lcrms4zq-e2f3b4a96e100a30faf16eb17cf763a8\">\n#top .hr.hr-invisible.av-lcrms4zq-e2f3b4a96e100a30faf16eb17cf763a8{\nheight:50px;\n}\n<\/style>\n<div  class='hr av-lcrms4zq-e2f3b4a96e100a30faf16eb17cf763a8 hr-invisible  avia-builder-el-10  el_after_av_four_fifth  avia-builder-el-last '><span class='hr-inner '><span class=\"hr-inner-style\"><\/span><\/span><\/div>\n\n","protected":false},"excerpt":{"rendered":"","protected":false},"author":3,"featured_media":0,"parent":312,"menu_order":0,"comment_status":"closed","ping_status":"closed","template":"","meta":{"footnotes":""},"class_list":["post-315","page","type-page","status-publish","hentry"],"yoast_head":"<!-- This site is optimized with the Yoast SEO plugin v27.3 - https:\/\/yoast.com\/product\/yoast-seo-wordpress\/ -->\n<title>Scientific Focus - Apellis Medical Hub Canada<\/title>\n<meta name=\"robots\" content=\"index, follow, max-snippet:-1, max-image-preview:large, max-video-preview:-1\" \/>\n<link rel=\"canonical\" href=\"https:\/\/apellismedicalhub.ca\/fr\/medical-research\/scientific-focus\/\" \/>\n<meta property=\"og:locale\" content=\"fr_FR\" \/>\n<meta property=\"og:type\" content=\"article\" \/>\n<meta property=\"og:title\" content=\"Scientific Focus - Apellis Medical Hub Canada\" \/>\n<meta property=\"og:url\" content=\"https:\/\/apellismedicalhub.ca\/fr\/medical-research\/scientific-focus\/\" \/>\n<meta property=\"og:site_name\" content=\"Apellis Medical Hub Canada\" \/>\n<meta property=\"article:modified_time\" content=\"2024-08-14T13:23:11+00:00\" \/>\n<meta name=\"twitter:card\" content=\"summary_large_image\" \/>\n<meta name=\"twitter:label1\" content=\"Dur\u00e9e de lecture estim\u00e9e\" \/>\n\t<meta name=\"twitter:data1\" content=\"1 minute\" \/>\n<script type=\"application\/ld+json\" class=\"yoast-schema-graph\">{\"@context\":\"https:\\\/\\\/schema.org\",\"@graph\":[{\"@type\":\"WebPage\",\"@id\":\"https:\\\/\\\/apellismedicalhub.ca\\\/fr\\\/medical-research\\\/scientific-focus\\\/\",\"url\":\"https:\\\/\\\/apellismedicalhub.ca\\\/fr\\\/medical-research\\\/scientific-focus\\\/\",\"name\":\"Scientific Focus - Apellis Medical Hub Canada\",\"isPartOf\":{\"@id\":\"https:\\\/\\\/apellismedicalhub.ca\\\/fr\\\/#website\"},\"datePublished\":\"2023-01-11T11:22:55+00:00\",\"dateModified\":\"2024-08-14T13:23:11+00:00\",\"breadcrumb\":{\"@id\":\"https:\\\/\\\/apellismedicalhub.ca\\\/fr\\\/medical-research\\\/scientific-focus\\\/#breadcrumb\"},\"inLanguage\":\"fr-FR\",\"potentialAction\":[{\"@type\":\"ReadAction\",\"target\":[\"https:\\\/\\\/apellismedicalhub.ca\\\/fr\\\/medical-research\\\/scientific-focus\\\/\"]}]},{\"@type\":\"BreadcrumbList\",\"@id\":\"https:\\\/\\\/apellismedicalhub.ca\\\/fr\\\/medical-research\\\/scientific-focus\\\/#breadcrumb\",\"itemListElement\":[{\"@type\":\"ListItem\",\"position\":1,\"name\":\"Home\",\"item\":\"https:\\\/\\\/apellismedicalhub.ca\\\/fr\\\/home\\\/\"},{\"@type\":\"ListItem\",\"position\":2,\"name\":\"Medical Research\",\"item\":\"https:\\\/\\\/apellismedicalhub.ca\\\/fr\\\/medical-research\\\/\"},{\"@type\":\"ListItem\",\"position\":3,\"name\":\"Scientific Focus\"}]},{\"@type\":\"WebSite\",\"@id\":\"https:\\\/\\\/apellismedicalhub.ca\\\/fr\\\/#website\",\"url\":\"https:\\\/\\\/apellismedicalhub.ca\\\/fr\\\/\",\"name\":\"Apellis Medical Hub Canada\",\"description\":\"\",\"potentialAction\":[{\"@type\":\"SearchAction\",\"target\":{\"@type\":\"EntryPoint\",\"urlTemplate\":\"https:\\\/\\\/apellismedicalhub.ca\\\/fr\\\/?s={search_term_string}\"},\"query-input\":{\"@type\":\"PropertyValueSpecification\",\"valueRequired\":true,\"valueName\":\"search_term_string\"}}],\"inLanguage\":\"fr-FR\"}]}<\/script>\n<!-- \/ Yoast SEO plugin. -->","yoast_head_json":{"title":"Scientific Focus - Apellis Medical Hub Canada","robots":{"index":"index","follow":"follow","max-snippet":"max-snippet:-1","max-image-preview":"max-image-preview:large","max-video-preview":"max-video-preview:-1"},"canonical":"https:\/\/apellismedicalhub.ca\/fr\/medical-research\/scientific-focus\/","og_locale":"fr_FR","og_type":"article","og_title":"Scientific Focus - Apellis Medical Hub Canada","og_url":"https:\/\/apellismedicalhub.ca\/fr\/medical-research\/scientific-focus\/","og_site_name":"Apellis Medical Hub Canada","article_modified_time":"2024-08-14T13:23:11+00:00","twitter_card":"summary_large_image","twitter_misc":{"Dur\u00e9e de lecture estim\u00e9e":"1 minute"},"schema":{"@context":"https:\/\/schema.org","@graph":[{"@type":"WebPage","@id":"https:\/\/apellismedicalhub.ca\/fr\/medical-research\/scientific-focus\/","url":"https:\/\/apellismedicalhub.ca\/fr\/medical-research\/scientific-focus\/","name":"Scientific Focus - Apellis Medical Hub Canada","isPartOf":{"@id":"https:\/\/apellismedicalhub.ca\/fr\/#website"},"datePublished":"2023-01-11T11:22:55+00:00","dateModified":"2024-08-14T13:23:11+00:00","breadcrumb":{"@id":"https:\/\/apellismedicalhub.ca\/fr\/medical-research\/scientific-focus\/#breadcrumb"},"inLanguage":"fr-FR","potentialAction":[{"@type":"ReadAction","target":["https:\/\/apellismedicalhub.ca\/fr\/medical-research\/scientific-focus\/"]}]},{"@type":"BreadcrumbList","@id":"https:\/\/apellismedicalhub.ca\/fr\/medical-research\/scientific-focus\/#breadcrumb","itemListElement":[{"@type":"ListItem","position":1,"name":"Home","item":"https:\/\/apellismedicalhub.ca\/fr\/home\/"},{"@type":"ListItem","position":2,"name":"Medical Research","item":"https:\/\/apellismedicalhub.ca\/fr\/medical-research\/"},{"@type":"ListItem","position":3,"name":"Scientific Focus"}]},{"@type":"WebSite","@id":"https:\/\/apellismedicalhub.ca\/fr\/#website","url":"https:\/\/apellismedicalhub.ca\/fr\/","name":"Apellis Medical Hub Canada","description":"","potentialAction":[{"@type":"SearchAction","target":{"@type":"EntryPoint","urlTemplate":"https:\/\/apellismedicalhub.ca\/fr\/?s={search_term_string}"},"query-input":{"@type":"PropertyValueSpecification","valueRequired":true,"valueName":"search_term_string"}}],"inLanguage":"fr-FR"}]}},"_links":{"self":[{"href":"https:\/\/apellismedicalhub.ca\/fr\/wp-json\/wp\/v2\/pages\/315","targetHints":{"allow":["GET"]}}],"collection":[{"href":"https:\/\/apellismedicalhub.ca\/fr\/wp-json\/wp\/v2\/pages"}],"about":[{"href":"https:\/\/apellismedicalhub.ca\/fr\/wp-json\/wp\/v2\/types\/page"}],"author":[{"embeddable":true,"href":"https:\/\/apellismedicalhub.ca\/fr\/wp-json\/wp\/v2\/users\/3"}],"replies":[{"embeddable":true,"href":"https:\/\/apellismedicalhub.ca\/fr\/wp-json\/wp\/v2\/comments?post=315"}],"version-history":[{"count":0,"href":"https:\/\/apellismedicalhub.ca\/fr\/wp-json\/wp\/v2\/pages\/315\/revisions"}],"up":[{"embeddable":true,"href":"https:\/\/apellismedicalhub.ca\/fr\/wp-json\/wp\/v2\/pages\/312"}],"wp:attachment":[{"href":"https:\/\/apellismedicalhub.ca\/fr\/wp-json\/wp\/v2\/media?parent=315"}],"curies":[{"name":"wp","href":"https:\/\/api.w.org\/{rel}","templated":true}]}}