{"id":365,"date":"2023-01-11T17:11:08","date_gmt":"2023-01-11T17:11:08","guid":{"rendered":"https:\/\/apellismedicalhub.ca\/fr\/?page_id=365"},"modified":"2023-03-16T23:21:57","modified_gmt":"2023-03-16T23:21:57","slug":"collaborative-research","status":"publish","type":"page","link":"https:\/\/apellismedicalhub.ca\/fr\/medical-research\/collaborative-research\/","title":{"rendered":"Collaborative Research"},"content":{"rendered":"<div id='av_section_1'  class='avia-section av-23gw5h-a46d8b25d36d875e11eb5425ead5d355 main_color avia-section-no-padding avia-no-border-styling  avia-builder-el-0  el_before_av_section  avia-builder-el-first  header-img avia-bg-style-scroll container_wrap fullsize'  ><div class='container av-section-cont-open' ><main  role=\"main\" itemprop=\"mainContentOfPage\"  class='template-page content  av-content-full alpha units'><div class='post-entry post-entry-type-page post-entry-365'><div class='entry-content-wrapper clearfix'>\n\n<style type=\"text\/css\" data-created_by=\"avia_inline_auto\" id=\"style-css-av-lcrwzxi2-95be1739b1c270f3e74d3a3696849fbb\">\n.avia-image-container.av-lcrwzxi2-95be1739b1c270f3e74d3a3696849fbb img.avia_image{\nbox-shadow:none;\n}\n.avia-image-container.av-lcrwzxi2-95be1739b1c270f3e74d3a3696849fbb .av-image-caption-overlay-center{\ncolor:#ffffff;\n}\n<\/style>\n<div  class='avia-image-container av-lcrwzxi2-95be1739b1c270f3e74d3a3696849fbb av-styling-no-styling avia-align-center  avia-builder-el-1  avia-builder-el-no-sibling '   itemprop=\"image\" itemscope=\"itemscope\" itemtype=\"https:\/\/schema.org\/ImageObject\" ><div class=\"avia-image-container-inner\"><div class=\"avia-image-overlay-wrap\"><img decoding=\"async\" fetchpriority=\"high\" class='wp-image-366 avia-img-lazy-loading-not-366 avia_image ' src=\"https:\/\/apellismedicalhub.ca\/fr\/wp-content\/uploads\/2023\/01\/hero-l-collaborative-research.jpeg\" alt='' title='hero-l-collaborative-research'  height=\"500\" width=\"1440\"  itemprop=\"thumbnailUrl\" srcset=\"https:\/\/apellismedicalhub.ca\/fr\/wp-content\/uploads\/2023\/01\/hero-l-collaborative-research.jpeg 1440w, https:\/\/apellismedicalhub.ca\/fr\/wp-content\/uploads\/2023\/01\/hero-l-collaborative-research-300x104.jpeg 300w, https:\/\/apellismedicalhub.ca\/fr\/wp-content\/uploads\/2023\/01\/hero-l-collaborative-research-1030x358.jpeg 1030w, https:\/\/apellismedicalhub.ca\/fr\/wp-content\/uploads\/2023\/01\/hero-l-collaborative-research-768x267.jpeg 768w, https:\/\/apellismedicalhub.ca\/fr\/wp-content\/uploads\/2023\/01\/hero-l-collaborative-research-705x245.jpeg 705w\" sizes=\"(max-width: 1440px) 100vw, 1440px\" \/><\/div><\/div><\/div>\n\n<\/div><\/div><\/main><!-- close content main element --><\/div><\/div><div id='av_section_2'  class='avia-section av-1wki0t-67bcbad3aaaab99fc7969b771df604d6 main_color avia-section-large avia-no-border-styling  avia-builder-el-2  el_after_av_section  el_before_av_section  science-template avia-bg-style-scroll container_wrap fullsize'  ><div class='container av-section-cont-open' ><div class='template-page content  av-content-full alpha units'><div class='post-entry post-entry-type-page post-entry-365'><div class='entry-content-wrapper clearfix'>\n\n<style type=\"text\/css\" data-created_by=\"avia_inline_auto\" id=\"style-css-av-lcrx4a0p-9e453e49077ef1b3084e19f0fb5205d7\">\n#top .av-special-heading.av-lcrx4a0p-9e453e49077ef1b3084e19f0fb5205d7{\npadding-bottom:30px;\n}\nbody .av-special-heading.av-lcrx4a0p-9e453e49077ef1b3084e19f0fb5205d7 .av-special-heading-tag .heading-char{\nfont-size:25px;\n}\n.av-special-heading.av-lcrx4a0p-9e453e49077ef1b3084e19f0fb5205d7 .av-subheading{\nfont-size:15px;\n}\n<\/style>\n<div  class='av-special-heading av-lcrx4a0p-9e453e49077ef1b3084e19f0fb5205d7 av-special-heading-h1 blockquote modern-quote  avia-builder-el-3  el_before_av_textblock  avia-builder-el-first '><h1 class='av-special-heading-tag'  itemprop=\"headline\"  >Recherche collaborative<\/h1><div class=\"special-heading-border\"><div class=\"special-heading-inner-border\"><\/div><\/div><\/div>\n<section  class='av_textblock_section av-lcrx4la0-d0c20918884b56dff5e0bd306a678f31 '   itemscope=\"itemscope\" itemtype=\"https:\/\/schema.org\/CreativeWork\" ><div class='avia_textblock'  itemprop=\"text\" ><p>Un projet de recherche collaborative\u00a0(PRC) est une collaboration entre Apellis et un chercheur sur une proposition de recherche. Apellis et le chercheur contribuent \u00e0 la conception et \u00e0 l\u2019interpr\u00e9tation des r\u00e9sultats. Apellis peut soutenir la recherche au-del\u00e0 du financement, du produit commercial, de la substance pharmaceutique pure ou des donn\u00e9es appartenant \u00e0 Apellis.<\/p>\n<p>La <strong>recherche clinique<\/strong>\u00a0est un essai dans le cadre duquel un ou plusieurs sujets humains sont affect\u00e9s \u00e0 une ou plusieurs interventions pour \u00e9valuer les effets de ces interventions sur les r\u00e9sultats li\u00e9s \u00e0 la sant\u00e9, biom\u00e9dicaux ou comportementaux. Cette cat\u00e9gorie de recherche comprend la recherche translationnelle, qui implique des sujets humains et vise \u00e0 caract\u00e9riser les processus pathologiques, \u00e0 g\u00e9n\u00e9rer de nouvelles hypoth\u00e8ses biologiques ou \u00e0 identifier des biomarqueurs de r\u00e9ponse\/r\u00e9sistance \u00e0 un m\u00e9dicament.<\/p>\n<p>La <strong>recherche non clinique<\/strong>\u00a0fait r\u00e9f\u00e9rence \u00e0 des \u00e9chantillons biologiques <em>in\u00a0vitro<\/em>, <em>ex\u00a0vivo<\/em>, animaux ou humains ou \u00e0 des \u00e9tudes <em>in\u00a0vivo<\/em> sur des mod\u00e8les animaux, conform\u00e9ment aux lignes directrices r\u00e9glementaires applicables. Cette cat\u00e9gorie de recherche comprend la recherche diagnostique, qui se rapporte au diagnostic de la maladie ou d\u2019autres conditions, y compris une d\u00e9termination de l\u2019\u00e9tat de sant\u00e9.<\/p>\n<p>Apellis pourrait envisager de fournir le soutien suivant pour les PRC\u00a0:<\/p>\n<p>M\u00e9dicament\u00a0: Produit commercial ou substance pharmaceutique pure.<\/p>\n<ul>\n<li>Financement de l\u2019\u00e9tude\u00a0: Co\u00fbts directs, c.-\u00e0-d. intervention et personnel, ainsi que co\u00fbts indirects (p.\u00a0ex. frais g\u00e9n\u00e9raux), publications, examen par le comit\u00e9 d\u2019\u00e9thique \u00e0 la recherche (CER), frais de l\u2019organisme de recherche sous contrat\/du fournisseur, etc. Apellis peut financer les services raisonnables et habituels fournis pour atteindre les objectifs de recherche et tous les co\u00fbts sont assujettis \u00e0 une \u00e9valuation de la juste valeur marchande. Apellis n\u2019appuie pas les demandes de biens d\u2019\u00e9quipement.<\/li>\n<li>Acc\u00e8s aux donn\u00e9es et aux \u00e9chantillons\u00a0: Acc\u00e8s aux ensembles de donn\u00e9es\u00a0Apellis, p.\u00a0ex. \u00e9chantillons de sang\/plasma mis en banque, ou images.<\/li>\n<li>R\u00e9daction m\u00e9dicale\u00a0: Aide \u00e0 la r\u00e9daction de manuscrits, d\u2019affiches, etc.<\/li>\n<li>Gestion des donn\u00e9es\u00a0: Aide pour le stockage, l\u2019examen, la manipulation et le nettoyage des donn\u00e9es.<\/li>\n<li>Analyses statistiques\u00a0: Aide \u00e0 l\u2019\u00e9laboration du calcul de justification de la taille de l\u2019\u00e9chantillon et\/ou du plan d\u2019analyse statistique.<\/li>\n<li>Gestion de projet\/fournisseur\u00a0: Aide \u00e0 la s\u00e9lection, \u00e0 la passation de contrats et \u00e0 la gestion des fournisseurs requis pour r\u00e9aliser votre projet.<\/li>\n<\/ul>\n<p>Pour en savoir plus sur nos domaines d\u2019int\u00e9r\u00eat scientifique, visitez <a href=\"https:\/\/apellismedicalhub.ca\/fr\/medical-research\/scientific-focus\/\">Notre orientation scientifique.<\/a><\/p>\n<\/div><\/section>\n<\/div><\/div><\/div><!-- close content main div --><\/div><\/div>\n<style type=\"text\/css\" data-created_by=\"avia_inline_auto\" id=\"style-css-av-1pk88d-fbeaba1ba0ebadba1859eca87c710b96\">\n.avia-section.av-1pk88d-fbeaba1ba0ebadba1859eca87c710b96{\nbackground-color:#005d83;\nbackground-image:unset;\n}\n<\/style>\n<div id='av_section_3'  class='avia-section av-1pk88d-fbeaba1ba0ebadba1859eca87c710b96 main_color avia-section-large avia-no-border-styling  avia-builder-el-5  el_after_av_section  avia-builder-el-last  avia-bg-style-scroll container_wrap fullsize'  ><div class='container av-section-cont-open' ><div class='template-page content  av-content-full alpha units'><div class='post-entry post-entry-type-page post-entry-365'><div class='entry-content-wrapper clearfix'>\n\n<style type=\"text\/css\" data-created_by=\"avia_inline_auto\" id=\"style-css-av-1jnlwt-764810005e8349e2c28abfd83d830f51\">\n#top .av-special-heading.av-1jnlwt-764810005e8349e2c28abfd83d830f51{\npadding-bottom:10px;\ncolor:#ffffff;\n}\nbody .av-special-heading.av-1jnlwt-764810005e8349e2c28abfd83d830f51 .av-special-heading-tag .heading-char{\nfont-size:25px;\n}\n.av-special-heading.av-1jnlwt-764810005e8349e2c28abfd83d830f51 .special-heading-inner-border{\nborder-color:#ffffff;\n}\n.av-special-heading.av-1jnlwt-764810005e8349e2c28abfd83d830f51 .av-subheading{\nfont-size:15px;\n}\n<\/style>\n<div  class='av-special-heading av-1jnlwt-764810005e8349e2c28abfd83d830f51 av-special-heading-h3 custom-color-heading blockquote modern-quote modern-centered  avia-builder-el-6  el_before_av_textblock  avia-builder-el-first  questions-title'><h3 class='av-special-heading-tag'  itemprop=\"headline\"  >Processus de soumission<\/h3><div class=\"special-heading-border\"><div class=\"special-heading-inner-border\"><\/div><\/div><\/div>\n\n<style type=\"text\/css\" data-created_by=\"avia_inline_auto\" id=\"style-css-av-1dslgl-b50ced848aeb337ea36e8b64d004ebd5\">\n#top .av_textblock_section.av-1dslgl-b50ced848aeb337ea36e8b64d004ebd5 .avia_textblock{\nfont-size:19px;\ncolor:#ffffff;\n}\n<\/style>\n<section  class='av_textblock_section av-1dslgl-b50ced848aeb337ea36e8b64d004ebd5 '   itemscope=\"itemscope\" itemtype=\"https:\/\/schema.org\/CreativeWork\" ><div class='avia_textblock av_inherit_color'  itemprop=\"text\" ><p style=\"text-align: center;\">\u00cates-vous pr\u00eat \u00e0 soumettre votre proposition de <strong>recherche m\u00e9dicale<\/strong>? Les propositions de recherche m\u00e9dicale sont soumises \u00e0 Apellis par l\u2019entremise de notre portail en ligne<\/p>\n<\/div><\/section>\n\n<style type=\"text\/css\" data-created_by=\"avia_inline_auto\" id=\"style-css-av-180o4d-d7d02264c348e3743313a3bd5b7da4f6\">\n#top .togglecontainer.av-180o4d-d7d02264c348e3743313a3bd5b7da4f6 p.toggler{\ncolor:#ffffff;\nbackground-color:#005d83;\n}\n#top .togglecontainer.av-180o4d-d7d02264c348e3743313a3bd5b7da4f6 p.toggler .toggle_icon{\ncolor:#ff681d;\nborder-color:#ff681d;\n}\n#top .togglecontainer.av-180o4d-d7d02264c348e3743313a3bd5b7da4f6 p.toggler .toggle_icon > span{\ncolor:#ff681d;\nborder-color:#ff681d;\n}\n#top .togglecontainer.av-180o4d-d7d02264c348e3743313a3bd5b7da4f6 .toggle_wrap .toggle_content{\ncolor:#ffffff;\nbackground-color:#005d83;\n}\n<\/style>\n<div  id=\"common-questions\"  class='togglecontainer av-180o4d-d7d02264c348e3743313a3bd5b7da4f6 av-elegant-toggle  avia-builder-el-8  el_after_av_textblock  el_before_av_button  toggle_close_all' >\n<section class='av_toggle_section av-119ulx-fecd794a751fae6d5565a47d667eb572'  itemscope=\"itemscope\" itemtype=\"https:\/\/schema.org\/CreativeWork\" ><div role=\"tablist\" class=\"single_toggle\" data-tags=\"{Tout} \"  ><p data-fake-id='#toggle-id-1' class='toggler   '  itemprop=\"headline\"  role='tab' tabindex='0' aria-controls='toggle-id-1'>Qualifications des chercheurs<span class=\"toggle_icon\"><span class=\"vert_icon\"><\/span><span class=\"hor_icon\"><\/span><\/span><\/p><div id='toggle-id-1' class='toggle_wrap  '  ><div class='toggle_content invers-color '  itemprop=\"text\" ><p>Les qualifications suivantes sont requises pour qu\u2019Apellis \u00e9value et envisage de soutenir la recherche propos\u00e9e.<\/p>\n<ul>\n<li>Le ou les chercheurs sont des m\u00e9decins ou des chercheurs qualifi\u00e9s par leur formation et leur exp\u00e9rience pour entreprendre la recherche propos\u00e9e.<\/li>\n<li>Si la recherche est clinique ou implique des patients, le permis de pratique du ou des chercheurs doit \u00eatre \u00e0 jour et peut \u00eatre v\u00e9rifi\u00e9.<\/li>\n<li>Le ou les chercheurs ne font pas l\u2019objet d\u2019une exclusion, d\u2019une interdiction ou d\u2019une suspension et ne sont pas autrement inadmissibles dans le cadre des programmes de soins de sant\u00e9.<\/li>\n<li>Le ou les chercheurs ne sont pas des employ\u00e9s d\u2019Apellis ou de ses entit\u00e9s affili\u00e9es.<\/li>\n<li>Dans le cas des essais amorc\u00e9s par un chercheur, la proposition de recherche est \u00e9labor\u00e9e ind\u00e9pendamment d\u2019Apellis et la conception\/le protocole de l\u2019essai sont r\u00e9dig\u00e9s par le ou les chercheurs sans la contribution d\u2019Apellis. Le soutien \u00e0 la recherche m\u00e9dicale est accord\u00e9 strictement en fonction des crit\u00e8res de m\u00e9rite de la recherche.<\/li>\n<\/ul>\n<p>Le soutien \u00e0 la recherche m\u00e9dicale n\u2019implique en aucune fa\u00e7on une obligation envers la recommandation de prescription de produits\u00a0Apellis ou n\u2019est li\u00e9 \u00e0 celle-ci.<\/p>\n<p>Apellis s\u2019engage \u00e0 faire preuve de transparence dans ses interactions avec les professionnels de la sant\u00e9 et les organismes\/\u00e9tablissements de soins de sant\u00e9. Conform\u00e9ment aux lois pertinentes et\/ou aux codes de pratique applicables \u00e0 l\u2019industrie pharmaceutique, certains renseignements li\u00e9s au projet (y compris, mais sans s\u2019y limiter, le nom des parties et le montant du financement) peuvent \u00eatre signal\u00e9s \u00e0 toute autorit\u00e9\/institution concern\u00e9e et\/ou divulgu\u00e9s publiquement par Apellis et\/ou par ses soci\u00e9t\u00e9s affili\u00e9es.<\/p>\n<\/div><\/div><\/div><\/section>\n<section class='av_toggle_section av-vui79-ba384d2bf5a6f7946c20d88a15ecb01b'  itemscope=\"itemscope\" itemtype=\"https:\/\/schema.org\/CreativeWork\" ><div role=\"tablist\" class=\"single_toggle\" data-tags=\"{Tout} \"  ><p data-fake-id='#toggle-id-2' class='toggler   '  itemprop=\"headline\"  role='tab' tabindex='0' aria-controls='toggle-id-2'>Admissibilit\u00e9 des organismes<span class=\"toggle_icon\"><span class=\"vert_icon\"><\/span><span class=\"hor_icon\"><\/span><\/span><\/p><div id='toggle-id-2' class='toggle_wrap  '  ><div class='toggle_content invers-color '  itemprop=\"text\" ><p>Les types d\u2019organismes de recherche m\u00e9dicale admissibles comprennent notamment les suivants:<\/p>\n<ul>\n<li>H\u00f4pitaux<\/li>\n<li>Centres m\u00e9dicaux universitaires<\/li>\n<li>\u00c9coles de soins infirmiers ou de pharmacie<\/li>\n<li>Soci\u00e9t\u00e9s et associations professionnelles<\/li>\n<li>Autres \u00e9tablissements sp\u00e9cialis\u00e9s dans des disciplines li\u00e9es aux soins de sant\u00e9 (p.\u00a0ex. sant\u00e9 publique, am\u00e9lioration de la qualit\u00e9)<\/li>\n<\/ul>\n<\/div><\/div><\/div><\/section>\n<section class='av_toggle_section av-q491p-c3ea04be39d89f497205c27fea4b17f0'  itemscope=\"itemscope\" itemtype=\"https:\/\/schema.org\/CreativeWork\" ><div role=\"tablist\" class=\"single_toggle\" data-tags=\"{Tout} \"  ><p data-fake-id='#toggle-id-3' class='toggler   '  itemprop=\"headline\"  role='tab' tabindex='0' aria-controls='toggle-id-3'>Processus d\u2019examen<span class=\"toggle_icon\"><span class=\"vert_icon\"><\/span><span class=\"hor_icon\"><\/span><\/span><\/p><div id='toggle-id-3' class='toggle_wrap  '  ><div class='toggle_content invers-color '  itemprop=\"text\" ><p>Les propositions de recherche m\u00e9dicale sont examin\u00e9es sur une base continue et les d\u00e9cisions sont habituellement rendues chaque trimestre. Les d\u00e9lais d\u2019examen et les d\u00e9cisions peuvent varier en fonction de plusieurs facteurs, notamment l\u2019ampleur et la complexit\u00e9 de la proposition de recherche, l\u2019emplacement des centres et la disponibilit\u00e9 des ressources demand\u00e9es.<\/p>\n<\/div><\/div><\/div><\/section>\n<\/div>\n<div  class='avia-button-wrap av-l460t-b347159a2e727bbed1457fe0dff9c675-wrap avia-button-center  avia-builder-el-9  el_after_av_toggle_container  el_before_av_hr '><a href='https:\/\/apellis.envisionpharma.com\/ienv_apellis\/visiontracker\/portal\/login.xhtml?pgm=ISR&amp;windowId=78c'  class='avia-button av-l460t-b347159a2e727bbed1457fe0dff9c675 avia-icon_select-no avia-size-small avia-position-center avia-color-theme-color'  ><span class='avia_iconbox_title' >SOUMETTRE VOTRE PROPOSITION DE RECHERCHE<\/span><\/a><\/div>\n\n<style type=\"text\/css\" data-created_by=\"avia_inline_auto\" id=\"style-css-av-f7xl9-e2f23b6d021fab695e8838d5a2ffb729\">\n#top .hr.hr-invisible.av-f7xl9-e2f23b6d021fab695e8838d5a2ffb729{\nheight:20px;\n}\n<\/style>\n<div  class='hr av-f7xl9-e2f23b6d021fab695e8838d5a2ffb729 hr-invisible  avia-builder-el-10  el_after_av_button  el_before_av_textblock '><span class='hr-inner '><span class=\"hr-inner-style\"><\/span><\/span><\/div>\n\n<style type=\"text\/css\" data-created_by=\"avia_inline_auto\" id=\"style-css-av-96hnp-d030b9e4e8d0e80bc2cc1e2438261b19\">\n#top .av_textblock_section.av-96hnp-d030b9e4e8d0e80bc2cc1e2438261b19 .avia_textblock{\ncolor:#ffffff;\n}\n<\/style>\n<section  class='av_textblock_section av-96hnp-d030b9e4e8d0e80bc2cc1e2438261b19 '   itemscope=\"itemscope\" itemtype=\"https:\/\/schema.org\/CreativeWork\" ><div class='avia_textblock av_inherit_color'  itemprop=\"text\" ><p style=\"text-align: center;\">Si vous avez des questions ou si vous souhaitez contacter la personne-ressource m\u00e9dicale de votre pays\/r\u00e9gion, veuillez nous envoyer un courriel \u00e0 <a href=\"mailto:MedicalResearch@apellis.com\">MedicalResearch@apellis.com<\/a>.<\/p>\n<p style=\"text-align: center;\">*Remarque \u00e0 l\u2019intention des candidats situ\u00e9s \u00e0 l\u2019ext\u00e9rieur des \u00c9tats-Unis\u00a0: Toutes les propositions de recherche sur le pegc\u00e9tacoplan \u00e0 action g\u00e9n\u00e9rale devant \u00eatre men\u00e9es \u00e0 l\u2019ext\u00e9rieur des \u00c9tats-Unis doivent \u00eatre soumises \u00e0 <a href=\"https:\/\/www.sobi.com\/\">Sobi<\/a>.<\/p>\n<p style=\"text-align: center;\">Apellis se r\u00e9serve le droit de modifier, de r\u00e9viser ou de supprimer les modalit\u00e9s de son programme de recherche m\u00e9dicale \u00e0 tout moment et sans pr\u00e9avis.<\/p>\n<\/div><\/section>\n<\/p>\n","protected":false},"excerpt":{"rendered":"","protected":false},"author":3,"featured_media":0,"parent":312,"menu_order":0,"comment_status":"closed","ping_status":"closed","template":"","meta":{"footnotes":""},"class_list":["post-365","page","type-page","status-publish","hentry"],"yoast_head":"<!-- This site is optimized with the Yoast SEO plugin v27.3 - https:\/\/yoast.com\/product\/yoast-seo-wordpress\/ -->\n<title>Collaborative Research - Apellis Medical Hub Canada<\/title>\n<meta name=\"robots\" content=\"index, follow, max-snippet:-1, max-image-preview:large, max-video-preview:-1\" \/>\n<link rel=\"canonical\" href=\"https:\/\/apellismedicalhub.ca\/fr\/medical-research\/collaborative-research\/\" \/>\n<meta property=\"og:locale\" content=\"fr_FR\" \/>\n<meta property=\"og:type\" content=\"article\" \/>\n<meta property=\"og:title\" content=\"Collaborative Research - Apellis Medical Hub Canada\" \/>\n<meta property=\"og:url\" content=\"https:\/\/apellismedicalhub.ca\/fr\/medical-research\/collaborative-research\/\" \/>\n<meta property=\"og:site_name\" content=\"Apellis Medical Hub Canada\" \/>\n<meta property=\"article:modified_time\" content=\"2023-03-16T23:21:57+00:00\" \/>\n<meta name=\"twitter:card\" content=\"summary_large_image\" \/>\n<meta name=\"twitter:label1\" content=\"Dur\u00e9e de lecture estim\u00e9e\" \/>\n\t<meta name=\"twitter:data1\" content=\"16 minutes\" \/>\n<script type=\"application\/ld+json\" class=\"yoast-schema-graph\">{\"@context\":\"https:\\\/\\\/schema.org\",\"@graph\":[{\"@type\":\"WebPage\",\"@id\":\"https:\\\/\\\/apellismedicalhub.ca\\\/fr\\\/medical-research\\\/collaborative-research\\\/\",\"url\":\"https:\\\/\\\/apellismedicalhub.ca\\\/fr\\\/medical-research\\\/collaborative-research\\\/\",\"name\":\"Collaborative Research - Apellis Medical Hub Canada\",\"isPartOf\":{\"@id\":\"https:\\\/\\\/apellismedicalhub.ca\\\/fr\\\/#website\"},\"datePublished\":\"2023-01-11T17:11:08+00:00\",\"dateModified\":\"2023-03-16T23:21:57+00:00\",\"breadcrumb\":{\"@id\":\"https:\\\/\\\/apellismedicalhub.ca\\\/fr\\\/medical-research\\\/collaborative-research\\\/#breadcrumb\"},\"inLanguage\":\"fr-FR\",\"potentialAction\":[{\"@type\":\"ReadAction\",\"target\":[\"https:\\\/\\\/apellismedicalhub.ca\\\/fr\\\/medical-research\\\/collaborative-research\\\/\"]}]},{\"@type\":\"BreadcrumbList\",\"@id\":\"https:\\\/\\\/apellismedicalhub.ca\\\/fr\\\/medical-research\\\/collaborative-research\\\/#breadcrumb\",\"itemListElement\":[{\"@type\":\"ListItem\",\"position\":1,\"name\":\"Home\",\"item\":\"https:\\\/\\\/apellismedicalhub.ca\\\/fr\\\/home\\\/\"},{\"@type\":\"ListItem\",\"position\":2,\"name\":\"Medical Research\",\"item\":\"https:\\\/\\\/apellismedicalhub.ca\\\/fr\\\/medical-research\\\/\"},{\"@type\":\"ListItem\",\"position\":3,\"name\":\"Collaborative Research\"}]},{\"@type\":\"WebSite\",\"@id\":\"https:\\\/\\\/apellismedicalhub.ca\\\/fr\\\/#website\",\"url\":\"https:\\\/\\\/apellismedicalhub.ca\\\/fr\\\/\",\"name\":\"Apellis Medical Hub Canada\",\"description\":\"\",\"potentialAction\":[{\"@type\":\"SearchAction\",\"target\":{\"@type\":\"EntryPoint\",\"urlTemplate\":\"https:\\\/\\\/apellismedicalhub.ca\\\/fr\\\/?s={search_term_string}\"},\"query-input\":{\"@type\":\"PropertyValueSpecification\",\"valueRequired\":true,\"valueName\":\"search_term_string\"}}],\"inLanguage\":\"fr-FR\"}]}<\/script>\n<!-- \/ Yoast SEO plugin. -->","yoast_head_json":{"title":"Collaborative Research - Apellis Medical Hub Canada","robots":{"index":"index","follow":"follow","max-snippet":"max-snippet:-1","max-image-preview":"max-image-preview:large","max-video-preview":"max-video-preview:-1"},"canonical":"https:\/\/apellismedicalhub.ca\/fr\/medical-research\/collaborative-research\/","og_locale":"fr_FR","og_type":"article","og_title":"Collaborative Research - Apellis Medical Hub Canada","og_url":"https:\/\/apellismedicalhub.ca\/fr\/medical-research\/collaborative-research\/","og_site_name":"Apellis Medical Hub Canada","article_modified_time":"2023-03-16T23:21:57+00:00","twitter_card":"summary_large_image","twitter_misc":{"Dur\u00e9e de lecture estim\u00e9e":"16 minutes"},"schema":{"@context":"https:\/\/schema.org","@graph":[{"@type":"WebPage","@id":"https:\/\/apellismedicalhub.ca\/fr\/medical-research\/collaborative-research\/","url":"https:\/\/apellismedicalhub.ca\/fr\/medical-research\/collaborative-research\/","name":"Collaborative Research - Apellis Medical Hub Canada","isPartOf":{"@id":"https:\/\/apellismedicalhub.ca\/fr\/#website"},"datePublished":"2023-01-11T17:11:08+00:00","dateModified":"2023-03-16T23:21:57+00:00","breadcrumb":{"@id":"https:\/\/apellismedicalhub.ca\/fr\/medical-research\/collaborative-research\/#breadcrumb"},"inLanguage":"fr-FR","potentialAction":[{"@type":"ReadAction","target":["https:\/\/apellismedicalhub.ca\/fr\/medical-research\/collaborative-research\/"]}]},{"@type":"BreadcrumbList","@id":"https:\/\/apellismedicalhub.ca\/fr\/medical-research\/collaborative-research\/#breadcrumb","itemListElement":[{"@type":"ListItem","position":1,"name":"Home","item":"https:\/\/apellismedicalhub.ca\/fr\/home\/"},{"@type":"ListItem","position":2,"name":"Medical Research","item":"https:\/\/apellismedicalhub.ca\/fr\/medical-research\/"},{"@type":"ListItem","position":3,"name":"Collaborative Research"}]},{"@type":"WebSite","@id":"https:\/\/apellismedicalhub.ca\/fr\/#website","url":"https:\/\/apellismedicalhub.ca\/fr\/","name":"Apellis Medical Hub Canada","description":"","potentialAction":[{"@type":"SearchAction","target":{"@type":"EntryPoint","urlTemplate":"https:\/\/apellismedicalhub.ca\/fr\/?s={search_term_string}"},"query-input":{"@type":"PropertyValueSpecification","valueRequired":true,"valueName":"search_term_string"}}],"inLanguage":"fr-FR"}]}},"_links":{"self":[{"href":"https:\/\/apellismedicalhub.ca\/fr\/wp-json\/wp\/v2\/pages\/365","targetHints":{"allow":["GET"]}}],"collection":[{"href":"https:\/\/apellismedicalhub.ca\/fr\/wp-json\/wp\/v2\/pages"}],"about":[{"href":"https:\/\/apellismedicalhub.ca\/fr\/wp-json\/wp\/v2\/types\/page"}],"author":[{"embeddable":true,"href":"https:\/\/apellismedicalhub.ca\/fr\/wp-json\/wp\/v2\/users\/3"}],"replies":[{"embeddable":true,"href":"https:\/\/apellismedicalhub.ca\/fr\/wp-json\/wp\/v2\/comments?post=365"}],"version-history":[{"count":0,"href":"https:\/\/apellismedicalhub.ca\/fr\/wp-json\/wp\/v2\/pages\/365\/revisions"}],"up":[{"embeddable":true,"href":"https:\/\/apellismedicalhub.ca\/fr\/wp-json\/wp\/v2\/pages\/312"}],"wp:attachment":[{"href":"https:\/\/apellismedicalhub.ca\/fr\/wp-json\/wp\/v2\/media?parent=365"}],"curies":[{"name":"wp","href":"https:\/\/api.w.org\/{rel}","templated":true}]}}