{"id":378,"date":"2023-01-11T20:01:36","date_gmt":"2023-01-11T20:01:36","guid":{"rendered":"https:\/\/apellismedicalhub.ca\/fr\/?page_id=378"},"modified":"2023-02-05T13:20:39","modified_gmt":"2023-02-05T13:20:39","slug":"medical-information","status":"publish","type":"page","link":"https:\/\/apellismedicalhub.ca\/fr\/resources\/medical-information\/","title":{"rendered":"Medical Information"},"content":{"rendered":"<div id='av_section_1'  class='avia-section av-22bla2-28ca8639e159d36daf54ef9857abfda9 main_color avia-section-no-padding avia-no-border-styling  avia-builder-el-0  el_before_av_section  avia-builder-el-first  header-img avia-bg-style-scroll container_wrap fullsize'  ><div class='container av-section-cont-open' ><main  role=\"main\" itemprop=\"mainContentOfPage\"  class='template-page content  av-content-full alpha units'><div class='post-entry post-entry-type-page post-entry-378'><div class='entry-content-wrapper clearfix'>\n\n<style type=\"text\/css\" data-created_by=\"avia_inline_auto\" id=\"style-css-av-1vqa2i-9fec345a7438e04123f2772d3681f861\">\n.avia-image-container.av-1vqa2i-9fec345a7438e04123f2772d3681f861 img.avia_image{\nbox-shadow:none;\n}\n.avia-image-container.av-1vqa2i-9fec345a7438e04123f2772d3681f861 .av-image-caption-overlay-center{\ncolor:#ffffff;\n}\n<\/style>\n<div  class='avia-image-container av-1vqa2i-9fec345a7438e04123f2772d3681f861 av-styling-no-styling avia-align-center  avia-builder-el-1  avia-builder-el-no-sibling '   itemprop=\"image\" itemscope=\"itemscope\" itemtype=\"https:\/\/schema.org\/ImageObject\" ><div class=\"avia-image-container-inner\"><div class=\"avia-image-overlay-wrap\"><img decoding=\"async\" fetchpriority=\"high\" class='wp-image-448 avia-img-lazy-loading-not-448 avia_image ' src=\"https:\/\/apellismedicalhub.ca\/fr\/wp-content\/uploads\/2023\/01\/hero-l-medical-information.jpeg\" alt='' title=''  height=\"500\" width=\"1440\"  itemprop=\"thumbnailUrl\" srcset=\"https:\/\/apellismedicalhub.ca\/fr\/wp-content\/uploads\/2023\/01\/hero-l-medical-information.jpeg 1440w, https:\/\/apellismedicalhub.ca\/fr\/wp-content\/uploads\/2023\/01\/hero-l-medical-information-300x104.jpeg 300w, https:\/\/apellismedicalhub.ca\/fr\/wp-content\/uploads\/2023\/01\/hero-l-medical-information-1030x358.jpeg 1030w, https:\/\/apellismedicalhub.ca\/fr\/wp-content\/uploads\/2023\/01\/hero-l-medical-information-768x267.jpeg 768w, https:\/\/apellismedicalhub.ca\/fr\/wp-content\/uploads\/2023\/01\/hero-l-medical-information-705x245.jpeg 705w\" sizes=\"(max-width: 1440px) 100vw, 1440px\" \/><\/div><\/div><\/div>\n\n<\/div><\/div><\/main><!-- close content main element --><\/div><\/div><div id='av_section_2'  class='avia-section av-1p6pcy-28b12e87cf33587747de83c4ee2615ef main_color avia-section-large avia-no-border-styling  avia-builder-el-2  el_after_av_section  avia-builder-el-last  science-template avia-bg-style-scroll container_wrap fullsize'  ><div class='container av-section-cont-open' ><div class='template-page content  av-content-full alpha units'><div class='post-entry post-entry-type-page post-entry-378'><div class='entry-content-wrapper clearfix'>\n\n<style type=\"text\/css\" data-created_by=\"avia_inline_auto\" id=\"style-css-av-1mt8yy-6515e1b6371161f57bcbc9b9d5c1980a\">\n#top .av-special-heading.av-1mt8yy-6515e1b6371161f57bcbc9b9d5c1980a{\npadding-bottom:30px;\n}\nbody .av-special-heading.av-1mt8yy-6515e1b6371161f57bcbc9b9d5c1980a .av-special-heading-tag .heading-char{\nfont-size:25px;\n}\n.av-special-heading.av-1mt8yy-6515e1b6371161f57bcbc9b9d5c1980a .av-subheading{\nfont-size:15px;\n}\n<\/style>\n<div  class='av-special-heading av-1mt8yy-6515e1b6371161f57bcbc9b9d5c1980a av-special-heading-h1 blockquote modern-quote  avia-builder-el-3  el_before_av_textblock  avia-builder-el-first '><h1 class='av-special-heading-tag'  itemprop=\"headline\"  >Information m\u00e9dicale \u00e0 Apellis<\/h1><div class=\"special-heading-border\"><div class=\"special-heading-inner-border\"><\/div><\/div><\/div>\n<section  class='av_textblock_section av-nmf9e-7a20904e6d9f7221e054ab01be80cc46 '   itemscope=\"itemscope\" itemtype=\"https:\/\/schema.org\/CreativeWork\" ><div class='avia_textblock'  itemprop=\"text\" ><p>Le service de l\u2019information m\u00e9dicale chez Apellis fournit des renseignements \u00e0 jour, exacts et opportuns en r\u00e9ponse \u00e0 des demandes de renseignements m\u00e9dicaux ou scientifiques non sollicit\u00e9s concernant nos produits commercialis\u00e9s ou exp\u00e9rimentaux. Le centre d\u2019appels du service de l\u2019information m\u00e9dicale d\u2019Apellis est disponible pour vous aider 24\u00a0heures sur\u00a024, 7\u00a0jours sur\u00a07. Cliquez sur le lien ci-dessous pour envoyer votre demande d\u2019information m\u00e9dicale.<\/p>\n<\/div><\/section>\n\n","protected":false},"excerpt":{"rendered":"","protected":false},"author":3,"featured_media":0,"parent":381,"menu_order":0,"comment_status":"closed","ping_status":"closed","template":"","meta":{"footnotes":""},"class_list":["post-378","page","type-page","status-publish","hentry"],"yoast_head":"<!-- This site is optimized with the Yoast SEO plugin v27.3 - https:\/\/yoast.com\/product\/yoast-seo-wordpress\/ -->\n<title>Medical Information - Apellis Medical Hub Canada<\/title>\n<meta name=\"robots\" content=\"index, follow, max-snippet:-1, max-image-preview:large, max-video-preview:-1\" \/>\n<link rel=\"canonical\" href=\"https:\/\/apellismedicalhub.ca\/fr\/resources\/medical-information\/\" \/>\n<meta property=\"og:locale\" content=\"fr_FR\" \/>\n<meta property=\"og:type\" content=\"article\" \/>\n<meta property=\"og:title\" content=\"Medical Information - Apellis Medical Hub Canada\" \/>\n<meta property=\"og:url\" content=\"https:\/\/apellismedicalhub.ca\/fr\/resources\/medical-information\/\" \/>\n<meta property=\"og:site_name\" content=\"Apellis Medical Hub Canada\" \/>\n<meta property=\"article:modified_time\" content=\"2023-02-05T13:20:39+00:00\" \/>\n<meta name=\"twitter:card\" content=\"summary_large_image\" \/>\n<meta name=\"twitter:label1\" content=\"Dur\u00e9e de lecture estim\u00e9e\" \/>\n\t<meta name=\"twitter:data1\" content=\"6 minutes\" \/>\n<script type=\"application\/ld+json\" class=\"yoast-schema-graph\">{\"@context\":\"https:\\\/\\\/schema.org\",\"@graph\":[{\"@type\":\"WebPage\",\"@id\":\"https:\\\/\\\/apellismedicalhub.ca\\\/fr\\\/resources\\\/medical-information\\\/\",\"url\":\"https:\\\/\\\/apellismedicalhub.ca\\\/fr\\\/resources\\\/medical-information\\\/\",\"name\":\"Medical Information - Apellis Medical Hub Canada\",\"isPartOf\":{\"@id\":\"https:\\\/\\\/apellismedicalhub.ca\\\/fr\\\/#website\"},\"datePublished\":\"2023-01-11T20:01:36+00:00\",\"dateModified\":\"2023-02-05T13:20:39+00:00\",\"breadcrumb\":{\"@id\":\"https:\\\/\\\/apellismedicalhub.ca\\\/fr\\\/resources\\\/medical-information\\\/#breadcrumb\"},\"inLanguage\":\"fr-FR\",\"potentialAction\":[{\"@type\":\"ReadAction\",\"target\":[\"https:\\\/\\\/apellismedicalhub.ca\\\/fr\\\/resources\\\/medical-information\\\/\"]}]},{\"@type\":\"BreadcrumbList\",\"@id\":\"https:\\\/\\\/apellismedicalhub.ca\\\/fr\\\/resources\\\/medical-information\\\/#breadcrumb\",\"itemListElement\":[{\"@type\":\"ListItem\",\"position\":1,\"name\":\"Home\",\"item\":\"https:\\\/\\\/apellismedicalhub.ca\\\/fr\\\/home\\\/\"},{\"@type\":\"ListItem\",\"position\":2,\"name\":\"Resources\",\"item\":\"https:\\\/\\\/apellismedicalhub.ca\\\/fr\\\/resources\\\/\"},{\"@type\":\"ListItem\",\"position\":3,\"name\":\"Medical Information\"}]},{\"@type\":\"WebSite\",\"@id\":\"https:\\\/\\\/apellismedicalhub.ca\\\/fr\\\/#website\",\"url\":\"https:\\\/\\\/apellismedicalhub.ca\\\/fr\\\/\",\"name\":\"Apellis Medical Hub Canada\",\"description\":\"\",\"potentialAction\":[{\"@type\":\"SearchAction\",\"target\":{\"@type\":\"EntryPoint\",\"urlTemplate\":\"https:\\\/\\\/apellismedicalhub.ca\\\/fr\\\/?s={search_term_string}\"},\"query-input\":{\"@type\":\"PropertyValueSpecification\",\"valueRequired\":true,\"valueName\":\"search_term_string\"}}],\"inLanguage\":\"fr-FR\"}]}<\/script>\n<!-- \/ Yoast SEO plugin. -->","yoast_head_json":{"title":"Medical Information - Apellis Medical Hub Canada","robots":{"index":"index","follow":"follow","max-snippet":"max-snippet:-1","max-image-preview":"max-image-preview:large","max-video-preview":"max-video-preview:-1"},"canonical":"https:\/\/apellismedicalhub.ca\/fr\/resources\/medical-information\/","og_locale":"fr_FR","og_type":"article","og_title":"Medical Information - Apellis Medical Hub Canada","og_url":"https:\/\/apellismedicalhub.ca\/fr\/resources\/medical-information\/","og_site_name":"Apellis Medical Hub Canada","article_modified_time":"2023-02-05T13:20:39+00:00","twitter_card":"summary_large_image","twitter_misc":{"Dur\u00e9e de lecture estim\u00e9e":"6 minutes"},"schema":{"@context":"https:\/\/schema.org","@graph":[{"@type":"WebPage","@id":"https:\/\/apellismedicalhub.ca\/fr\/resources\/medical-information\/","url":"https:\/\/apellismedicalhub.ca\/fr\/resources\/medical-information\/","name":"Medical Information - Apellis Medical Hub Canada","isPartOf":{"@id":"https:\/\/apellismedicalhub.ca\/fr\/#website"},"datePublished":"2023-01-11T20:01:36+00:00","dateModified":"2023-02-05T13:20:39+00:00","breadcrumb":{"@id":"https:\/\/apellismedicalhub.ca\/fr\/resources\/medical-information\/#breadcrumb"},"inLanguage":"fr-FR","potentialAction":[{"@type":"ReadAction","target":["https:\/\/apellismedicalhub.ca\/fr\/resources\/medical-information\/"]}]},{"@type":"BreadcrumbList","@id":"https:\/\/apellismedicalhub.ca\/fr\/resources\/medical-information\/#breadcrumb","itemListElement":[{"@type":"ListItem","position":1,"name":"Home","item":"https:\/\/apellismedicalhub.ca\/fr\/home\/"},{"@type":"ListItem","position":2,"name":"Resources","item":"https:\/\/apellismedicalhub.ca\/fr\/resources\/"},{"@type":"ListItem","position":3,"name":"Medical Information"}]},{"@type":"WebSite","@id":"https:\/\/apellismedicalhub.ca\/fr\/#website","url":"https:\/\/apellismedicalhub.ca\/fr\/","name":"Apellis Medical Hub Canada","description":"","potentialAction":[{"@type":"SearchAction","target":{"@type":"EntryPoint","urlTemplate":"https:\/\/apellismedicalhub.ca\/fr\/?s={search_term_string}"},"query-input":{"@type":"PropertyValueSpecification","valueRequired":true,"valueName":"search_term_string"}}],"inLanguage":"fr-FR"}]}},"_links":{"self":[{"href":"https:\/\/apellismedicalhub.ca\/fr\/wp-json\/wp\/v2\/pages\/378","targetHints":{"allow":["GET"]}}],"collection":[{"href":"https:\/\/apellismedicalhub.ca\/fr\/wp-json\/wp\/v2\/pages"}],"about":[{"href":"https:\/\/apellismedicalhub.ca\/fr\/wp-json\/wp\/v2\/types\/page"}],"author":[{"embeddable":true,"href":"https:\/\/apellismedicalhub.ca\/fr\/wp-json\/wp\/v2\/users\/3"}],"replies":[{"embeddable":true,"href":"https:\/\/apellismedicalhub.ca\/fr\/wp-json\/wp\/v2\/comments?post=378"}],"version-history":[{"count":0,"href":"https:\/\/apellismedicalhub.ca\/fr\/wp-json\/wp\/v2\/pages\/378\/revisions"}],"up":[{"embeddable":true,"href":"https:\/\/apellismedicalhub.ca\/fr\/wp-json\/wp\/v2\/pages\/381"}],"wp:attachment":[{"href":"https:\/\/apellismedicalhub.ca\/fr\/wp-json\/wp\/v2\/media?parent=378"}],"curies":[{"name":"wp","href":"https:\/\/api.w.org\/{rel}","templated":true}]}}