{"id":486,"date":"2023-01-11T22:21:36","date_gmt":"2023-01-11T22:21:36","guid":{"rendered":"https:\/\/apellismedicalhub.ca\/fr\/?page_id=486"},"modified":"2024-11-18T01:37:38","modified_gmt":"2024-11-18T01:37:38","slug":"congress","status":"publish","type":"page","link":"https:\/\/apellismedicalhub.ca\/fr\/congress-manuscripts\/congress\/","title":{"rendered":"Congress Presentations"},"content":{"rendered":"<div id='av_section_1'  class='avia-section av-27ywin-ebec317f49812d438cc92fae5a685cd1 main_color avia-section-no-padding avia-no-border-styling  avia-builder-el-0  el_before_av_section  avia-builder-el-first  header-img avia-bg-style-scroll container_wrap fullsize'  ><div class='container av-section-cont-open' ><main  role=\"main\" itemprop=\"mainContentOfPage\"  class='template-page content  av-content-full alpha units'><div class='post-entry post-entry-type-page post-entry-486'><div class='entry-content-wrapper clearfix'>\n\n<style type=\"text\/css\" data-created_by=\"avia_inline_auto\" id=\"style-css-av-lcs29f2w-e868986cbfed1a1de03a3290a8fe6820\">\n.avia-image-container.av-lcs29f2w-e868986cbfed1a1de03a3290a8fe6820 img.avia_image{\nbox-shadow:none;\n}\n.avia-image-container.av-lcs29f2w-e868986cbfed1a1de03a3290a8fe6820 .av-image-caption-overlay-center{\ncolor:#ffffff;\n}\n<\/style>\n<div  class='avia-image-container av-lcs29f2w-e868986cbfed1a1de03a3290a8fe6820 av-styling-no-styling avia-align-center  avia-builder-el-1  avia-builder-el-no-sibling '   itemprop=\"image\" itemscope=\"itemscope\" itemtype=\"https:\/\/schema.org\/ImageObject\" ><div class=\"avia-image-container-inner\"><div class=\"avia-image-overlay-wrap\"><img decoding=\"async\" fetchpriority=\"high\" class='wp-image-501 avia-img-lazy-loading-not-501 avia_image ' src=\"https:\/\/apellismedicalhub.ca\/fr\/wp-content\/uploads\/2023\/01\/hero-l-congress.jpeg\" alt='' title=''  height=\"500\" width=\"1440\"  itemprop=\"thumbnailUrl\" srcset=\"https:\/\/apellismedicalhub.ca\/fr\/wp-content\/uploads\/2023\/01\/hero-l-congress.jpeg 1440w, https:\/\/apellismedicalhub.ca\/fr\/wp-content\/uploads\/2023\/01\/hero-l-congress-300x104.jpeg 300w, https:\/\/apellismedicalhub.ca\/fr\/wp-content\/uploads\/2023\/01\/hero-l-congress-1030x358.jpeg 1030w, https:\/\/apellismedicalhub.ca\/fr\/wp-content\/uploads\/2023\/01\/hero-l-congress-768x267.jpeg 768w, https:\/\/apellismedicalhub.ca\/fr\/wp-content\/uploads\/2023\/01\/hero-l-congress-705x245.jpeg 705w\" sizes=\"(max-width: 1440px) 100vw, 1440px\" \/><\/div><\/div><\/div>\n\n<\/div><\/div><\/main><!-- close content main element --><\/div><\/div><div id='av_section_2'  class='avia-section av-21f6en-61e8833a841a00ed0d316f3e92f5de4d main_color avia-section-large avia-no-border-styling  avia-builder-el-2  el_after_av_section  avia-builder-el-last  science-template avia-bg-style-scroll container_wrap fullsize'  ><div class='container av-section-cont-open' ><div class='template-page content  av-content-full alpha units'><div class='post-entry post-entry-type-page post-entry-486'><div class='entry-content-wrapper clearfix'>\n\n<style type=\"text\/css\" data-created_by=\"avia_inline_auto\" id=\"style-css-av-lcs2a4dl-d21bdaf5cb27ed9acc6791a1787f4f34\">\n#top .av-special-heading.av-lcs2a4dl-d21bdaf5cb27ed9acc6791a1787f4f34{\npadding-bottom:0;\n}\nbody .av-special-heading.av-lcs2a4dl-d21bdaf5cb27ed9acc6791a1787f4f34 .av-special-heading-tag .heading-char{\nfont-size:25px;\n}\n.av-special-heading.av-lcs2a4dl-d21bdaf5cb27ed9acc6791a1787f4f34 .av-subheading{\nfont-size:15px;\n}\n<\/style>\n<div  class='av-special-heading av-lcs2a4dl-d21bdaf5cb27ed9acc6791a1787f4f34 av-special-heading-h1 blockquote modern-quote  avia-builder-el-3  el_before_av_hr  avia-builder-el-first '><h1 class='av-special-heading-tag'  itemprop=\"headline\"  >Pr\u00e9sentations lors de congr\u00e8s<\/h1><div class=\"special-heading-border\"><div class=\"special-heading-inner-border\"><\/div><\/div><\/div>\n\n<style type=\"text\/css\" data-created_by=\"avia_inline_auto\" id=\"style-css-av-lcs9s11v-1cafa80bf73af4a394d20e920049517c\">\n#top .hr.hr-invisible.av-lcs9s11v-1cafa80bf73af4a394d20e920049517c{\nheight:20px;\n}\n<\/style>\n<div  class='hr av-lcs9s11v-1cafa80bf73af4a394d20e920049517c hr-invisible  avia-builder-el-4  el_after_av_heading  el_before_av_textblock '><span class='hr-inner '><span class=\"hr-inner-style\"><\/span><\/span><\/div>\n<section  class='av_textblock_section av-lcs2agp4-7bf3be1d257c7f1990e35ac3d39d31ad '   itemscope=\"itemscope\" itemtype=\"https:\/\/schema.org\/CreativeWork\" ><div class='avia_textblock'  itemprop=\"text\" ><p><strong>Les renseignements suivants sont disponibles \u00e0 des fins \u00e9ducatives seulement. Les renseignements ne doivent pas \u00eatre r\u00e9affect\u00e9s ou r\u00e9utilis\u00e9s dans leur forme ou pr\u00e9sentation actuelle \u00e0 des fins personnelles ou professionnelles. Apellis se r\u00e9serve le droit de retirer, de modifier ou de changer les renseignements disponibles sur ce site Web \u00e0 tout moment.<\/strong><\/p>\n<\/div><\/section>\n\n<style type=\"text\/css\" data-created_by=\"avia_inline_auto\" id=\"style-css-av-h779q-f0cbdf6aa135353f3950a7b7935eca7b\">\n#top .hr.hr-invisible.av-h779q-f0cbdf6aa135353f3950a7b7935eca7b{\nheight:5px;\n}\n<\/style>\n<div  class='hr av-h779q-f0cbdf6aa135353f3950a7b7935eca7b hr-invisible  avia-builder-el-6  el_after_av_textblock  el_before_av_heading '><span class='hr-inner '><span class=\"hr-inner-style\"><\/span><\/span><\/div>\n\n<style type=\"text\/css\" data-created_by=\"avia_inline_auto\" id=\"style-css-av-apkry-e955e1327e977b20af4ef0a5f634cf23\">\n#top .av-special-heading.av-apkry-e955e1327e977b20af4ef0a5f634cf23{\npadding-bottom:10px;\n}\nbody .av-special-heading.av-apkry-e955e1327e977b20af4ef0a5f634cf23 .av-special-heading-tag .heading-char{\nfont-size:25px;\n}\n.av-special-heading.av-apkry-e955e1327e977b20af4ef0a5f634cf23 .av-subheading{\nfont-size:15px;\n}\n<\/style>\n<div  class='av-special-heading av-apkry-e955e1327e977b20af4ef0a5f634cf23 av-special-heading-h4 custom-color-heading blockquote modern-quote  avia-builder-el-7  el_after_av_hr  el_before_av_hr  questions-title'><h4 class='av-special-heading-tag'  itemprop=\"headline\"  >Pegc\u00e9tacoplan intravitr\u00e9en<\/h4><div class=\"special-heading-border\"><div class=\"special-heading-inner-border\"><\/div><\/div><\/div>\n\n<style type=\"text\/css\" data-created_by=\"avia_inline_auto\" id=\"style-css-av-6m44u-ecce9039c904b693353064a178d4170c\">\n#top .hr.hr-invisible.av-6m44u-ecce9039c904b693353064a178d4170c{\nheight:20px;\n}\n<\/style>\n<div  class='hr av-6m44u-ecce9039c904b693353064a178d4170c hr-invisible  avia-builder-el-8  el_after_av_heading  el_before_av_button_big  avia-builder-el-last '><span class='hr-inner '><span class=\"hr-inner-style\"><\/span><\/span><\/div>\n<div  class='avia-button-wrap avia-button-center  avia-builder-el-9  el_after_av_hr  el_before_av_hr  big-congress-btn'>\n<style type=\"text\/css\" data-created_by=\"avia_inline_auto\" id=\"style-css-av-lct2o5ze-37c588fbe49fa0d764f1e5d1ff009dd7\">\n#top #wrap_all .avia-button.av-lct2o5ze-37c588fbe49fa0d764f1e5d1ff009dd7{\nbackground-color:#ac0b3d;\nborder-color:#ac0b3d;\ntransition:all 0.4s ease-in-out;\n}\n#top #wrap_all .avia-button.av-lct2o5ze-37c588fbe49fa0d764f1e5d1ff009dd7:hover{\ncolor:white;\ntransition:all 0.4s ease-in-out;\n}\n<\/style>\n<a href='https:\/\/apellismedicalhub.ca\/fr\/geographic-atrophy-ga\/' class='avia-font-color-theme-color avia-button avia-button-fullwidth av-lct2o5ze-37c588fbe49fa0d764f1e5d1ff009dd7 avia-icon_select-yes-right-icon avia-color-custom'  ><span class='avia_iconbox_title' >Atrophie g\u00e9ographique (AG)<\/span><span class='avia_button_icon avia_button_icon_right' aria-hidden='true' data-av_icon='' data-av_iconfont='circlearrow'><\/span><span class='avia_button_background avia-button avia-button-fullwidth avia-color-theme-color-highlight'><\/span><\/a><\/div>\n\n<style type=\"text\/css\" data-created_by=\"avia_inline_auto\" id=\"style-css-av-82pni-910d461dccafd9e770d1ee7130a37c62\">\n#top .hr.hr-invisible.av-82pni-910d461dccafd9e770d1ee7130a37c62{\nheight:20px;\n}\n<\/style>\n<div  class='hr av-82pni-910d461dccafd9e770d1ee7130a37c62 hr-invisible  avia-builder-el-10  el_after_av_button_big  el_before_av_heading  avia-builder-el-first '><span class='hr-inner '><span class=\"hr-inner-style\"><\/span><\/span><\/div>\n\n<style type=\"text\/css\" data-created_by=\"avia_inline_auto\" id=\"style-css-av-gt0gu-f293832aa4a34d34f9aaa654bb7fe27e\">\n#top .av-special-heading.av-gt0gu-f293832aa4a34d34f9aaa654bb7fe27e{\npadding-bottom:10px;\n}\nbody .av-special-heading.av-gt0gu-f293832aa4a34d34f9aaa654bb7fe27e .av-special-heading-tag .heading-char{\nfont-size:25px;\n}\n.av-special-heading.av-gt0gu-f293832aa4a34d34f9aaa654bb7fe27e .av-subheading{\nfont-size:15px;\n}\n<\/style>\n<div  class='av-special-heading av-gt0gu-f293832aa4a34d34f9aaa654bb7fe27e av-special-heading-h4 custom-color-heading blockquote modern-quote  avia-builder-el-11  el_after_av_hr  el_before_av_image  questions-title'><h4 class='av-special-heading-tag'  itemprop=\"headline\"  >Programme d\u2019essais cliniques<\/h4><div class=\"special-heading-border\"><div class=\"special-heading-inner-border\"><\/div><\/div><\/div>\n\n<style type=\"text\/css\" data-created_by=\"avia_inline_auto\" id=\"style-css-av-m3mcurfr-eeb51602b67fca3927af1c8b68d94ae7\">\n.avia-image-container.av-m3mcurfr-eeb51602b67fca3927af1c8b68d94ae7 img.avia_image{\nbox-shadow:none;\n}\n.avia-image-container.av-m3mcurfr-eeb51602b67fca3927af1c8b68d94ae7 .av-image-caption-overlay-center{\ncolor:#ffffff;\n}\n<\/style>\n<div  class='avia-image-container av-m3mcurfr-eeb51602b67fca3927af1c8b68d94ae7 av-styling- avia-align-center  avia-builder-el-12  el_after_av_heading  el_before_av_textblock '   itemprop=\"image\" itemscope=\"itemscope\" itemtype=\"https:\/\/schema.org\/ImageObject\" ><div class=\"avia-image-container-inner\"><div class=\"avia-image-overlay-wrap\"><img decoding=\"async\" fetchpriority=\"high\" class='wp-image-3285 avia-img-lazy-loading-not-3285 avia_image ' src=\"https:\/\/apellismedicalhub.ca\/fr\/wp-content\/uploads\/2024\/11\/Pegcetacoplan-GA-Clinical-Trial-Program-postcard-Canada-FR-1-1030x796.png\" alt='' title='Pegcetacoplan GA Clinical Trial Program postcard - Canada FR (1)'  height=\"796\" width=\"1030\"  itemprop=\"thumbnailUrl\" srcset=\"https:\/\/apellismedicalhub.ca\/fr\/wp-content\/uploads\/2024\/11\/Pegcetacoplan-GA-Clinical-Trial-Program-postcard-Canada-FR-1-1030x796.png 1030w, https:\/\/apellismedicalhub.ca\/fr\/wp-content\/uploads\/2024\/11\/Pegcetacoplan-GA-Clinical-Trial-Program-postcard-Canada-FR-1-300x232.png 300w, https:\/\/apellismedicalhub.ca\/fr\/wp-content\/uploads\/2024\/11\/Pegcetacoplan-GA-Clinical-Trial-Program-postcard-Canada-FR-1-768x593.png 768w, https:\/\/apellismedicalhub.ca\/fr\/wp-content\/uploads\/2024\/11\/Pegcetacoplan-GA-Clinical-Trial-Program-postcard-Canada-FR-1-1536x1187.png 1536w, https:\/\/apellismedicalhub.ca\/fr\/wp-content\/uploads\/2024\/11\/Pegcetacoplan-GA-Clinical-Trial-Program-postcard-Canada-FR-1-2048x1583.png 2048w, https:\/\/apellismedicalhub.ca\/fr\/wp-content\/uploads\/2024\/11\/Pegcetacoplan-GA-Clinical-Trial-Program-postcard-Canada-FR-1-1500x1159.png 1500w, https:\/\/apellismedicalhub.ca\/fr\/wp-content\/uploads\/2024\/11\/Pegcetacoplan-GA-Clinical-Trial-Program-postcard-Canada-FR-1-705x545.png 705w\" sizes=\"(max-width: 1030px) 100vw, 1030px\" \/><\/div><\/div><\/div>\n<section  class='av_textblock_section av-8zfw6-3504389fcc0d11a0e24616cf2b6dfbc1 '   itemscope=\"itemscope\" itemtype=\"https:\/\/schema.org\/CreativeWork\" ><div class='avia_textblock'  itemprop=\"text\" ><p>Pour en savoir plus sur les essais cliniques d\u2019Apellis, consultez le site (en anglais seulement) : <a href=\"http:\/\/www.clinicaltrials.gov\">www.clinicaltrials.gov<\/a><\/p>\n<p><strong>L\u2019innocuit\u00e9 et l\u2019efficacit\u00e9 des agents pour les indications faisant l\u2019objet d\u2019\u00e9tudes n\u2019ont pas \u00e9t\u00e9 \u00e9tablies. Il n\u2019y a aucune garantie que les r\u00e9sultats de ces \u00e9tudes entra\u00eeneront l\u2019approbation d\u2019une autorit\u00e9 sanitaire.<\/strong><\/p>\n<\/div><\/section>\n\n","protected":false},"excerpt":{"rendered":"","protected":false},"author":3,"featured_media":0,"parent":114,"menu_order":0,"comment_status":"closed","ping_status":"closed","template":"","meta":{"footnotes":""},"class_list":["post-486","page","type-page","status-publish","hentry"],"yoast_head":"<!-- This site is optimized with the Yoast SEO plugin v27.3 - https:\/\/yoast.com\/product\/yoast-seo-wordpress\/ -->\n<title>Congress Presentations - Apellis Medical Hub Canada<\/title>\n<meta name=\"robots\" content=\"index, follow, max-snippet:-1, max-image-preview:large, max-video-preview:-1\" \/>\n<link rel=\"canonical\" href=\"https:\/\/apellismedicalhub.ca\/fr\/congress-manuscripts\/congress\/\" \/>\n<meta property=\"og:locale\" content=\"fr_FR\" \/>\n<meta property=\"og:type\" content=\"article\" \/>\n<meta property=\"og:title\" content=\"Congress Presentations - Apellis Medical Hub Canada\" \/>\n<meta property=\"og:url\" content=\"https:\/\/apellismedicalhub.ca\/fr\/congress-manuscripts\/congress\/\" \/>\n<meta property=\"og:site_name\" content=\"Apellis Medical Hub Canada\" \/>\n<meta property=\"article:modified_time\" content=\"2024-11-18T01:37:38+00:00\" \/>\n<meta name=\"twitter:card\" content=\"summary_large_image\" \/>\n<meta name=\"twitter:label1\" content=\"Dur\u00e9e de lecture estim\u00e9e\" \/>\n\t<meta name=\"twitter:data1\" content=\"1 minute\" \/>\n<script type=\"application\/ld+json\" class=\"yoast-schema-graph\">{\"@context\":\"https:\\\/\\\/schema.org\",\"@graph\":[{\"@type\":\"WebPage\",\"@id\":\"https:\\\/\\\/apellismedicalhub.ca\\\/fr\\\/congress-manuscripts\\\/congress\\\/\",\"url\":\"https:\\\/\\\/apellismedicalhub.ca\\\/fr\\\/congress-manuscripts\\\/congress\\\/\",\"name\":\"Congress Presentations - Apellis Medical Hub Canada\",\"isPartOf\":{\"@id\":\"https:\\\/\\\/apellismedicalhub.ca\\\/fr\\\/#website\"},\"datePublished\":\"2023-01-11T22:21:36+00:00\",\"dateModified\":\"2024-11-18T01:37:38+00:00\",\"breadcrumb\":{\"@id\":\"https:\\\/\\\/apellismedicalhub.ca\\\/fr\\\/congress-manuscripts\\\/congress\\\/#breadcrumb\"},\"inLanguage\":\"fr-FR\",\"potentialAction\":[{\"@type\":\"ReadAction\",\"target\":[\"https:\\\/\\\/apellismedicalhub.ca\\\/fr\\\/congress-manuscripts\\\/congress\\\/\"]}]},{\"@type\":\"BreadcrumbList\",\"@id\":\"https:\\\/\\\/apellismedicalhub.ca\\\/fr\\\/congress-manuscripts\\\/congress\\\/#breadcrumb\",\"itemListElement\":[{\"@type\":\"ListItem\",\"position\":1,\"name\":\"Home\",\"item\":\"https:\\\/\\\/apellismedicalhub.ca\\\/fr\\\/home\\\/\"},{\"@type\":\"ListItem\",\"position\":2,\"name\":\"Congress Manuscripts\",\"item\":\"https:\\\/\\\/apellismedicalhub.ca\\\/fr\\\/congress-manuscripts\\\/\"},{\"@type\":\"ListItem\",\"position\":3,\"name\":\"Congress Presentations\"}]},{\"@type\":\"WebSite\",\"@id\":\"https:\\\/\\\/apellismedicalhub.ca\\\/fr\\\/#website\",\"url\":\"https:\\\/\\\/apellismedicalhub.ca\\\/fr\\\/\",\"name\":\"Apellis Medical Hub Canada\",\"description\":\"\",\"potentialAction\":[{\"@type\":\"SearchAction\",\"target\":{\"@type\":\"EntryPoint\",\"urlTemplate\":\"https:\\\/\\\/apellismedicalhub.ca\\\/fr\\\/?s={search_term_string}\"},\"query-input\":{\"@type\":\"PropertyValueSpecification\",\"valueRequired\":true,\"valueName\":\"search_term_string\"}}],\"inLanguage\":\"fr-FR\"}]}<\/script>\n<!-- \/ Yoast SEO plugin. -->","yoast_head_json":{"title":"Congress Presentations - Apellis Medical Hub Canada","robots":{"index":"index","follow":"follow","max-snippet":"max-snippet:-1","max-image-preview":"max-image-preview:large","max-video-preview":"max-video-preview:-1"},"canonical":"https:\/\/apellismedicalhub.ca\/fr\/congress-manuscripts\/congress\/","og_locale":"fr_FR","og_type":"article","og_title":"Congress Presentations - Apellis Medical Hub Canada","og_url":"https:\/\/apellismedicalhub.ca\/fr\/congress-manuscripts\/congress\/","og_site_name":"Apellis Medical Hub Canada","article_modified_time":"2024-11-18T01:37:38+00:00","twitter_card":"summary_large_image","twitter_misc":{"Dur\u00e9e de lecture estim\u00e9e":"1 minute"},"schema":{"@context":"https:\/\/schema.org","@graph":[{"@type":"WebPage","@id":"https:\/\/apellismedicalhub.ca\/fr\/congress-manuscripts\/congress\/","url":"https:\/\/apellismedicalhub.ca\/fr\/congress-manuscripts\/congress\/","name":"Congress Presentations - Apellis Medical Hub Canada","isPartOf":{"@id":"https:\/\/apellismedicalhub.ca\/fr\/#website"},"datePublished":"2023-01-11T22:21:36+00:00","dateModified":"2024-11-18T01:37:38+00:00","breadcrumb":{"@id":"https:\/\/apellismedicalhub.ca\/fr\/congress-manuscripts\/congress\/#breadcrumb"},"inLanguage":"fr-FR","potentialAction":[{"@type":"ReadAction","target":["https:\/\/apellismedicalhub.ca\/fr\/congress-manuscripts\/congress\/"]}]},{"@type":"BreadcrumbList","@id":"https:\/\/apellismedicalhub.ca\/fr\/congress-manuscripts\/congress\/#breadcrumb","itemListElement":[{"@type":"ListItem","position":1,"name":"Home","item":"https:\/\/apellismedicalhub.ca\/fr\/home\/"},{"@type":"ListItem","position":2,"name":"Congress Manuscripts","item":"https:\/\/apellismedicalhub.ca\/fr\/congress-manuscripts\/"},{"@type":"ListItem","position":3,"name":"Congress Presentations"}]},{"@type":"WebSite","@id":"https:\/\/apellismedicalhub.ca\/fr\/#website","url":"https:\/\/apellismedicalhub.ca\/fr\/","name":"Apellis Medical Hub Canada","description":"","potentialAction":[{"@type":"SearchAction","target":{"@type":"EntryPoint","urlTemplate":"https:\/\/apellismedicalhub.ca\/fr\/?s={search_term_string}"},"query-input":{"@type":"PropertyValueSpecification","valueRequired":true,"valueName":"search_term_string"}}],"inLanguage":"fr-FR"}]}},"_links":{"self":[{"href":"https:\/\/apellismedicalhub.ca\/fr\/wp-json\/wp\/v2\/pages\/486","targetHints":{"allow":["GET"]}}],"collection":[{"href":"https:\/\/apellismedicalhub.ca\/fr\/wp-json\/wp\/v2\/pages"}],"about":[{"href":"https:\/\/apellismedicalhub.ca\/fr\/wp-json\/wp\/v2\/types\/page"}],"author":[{"embeddable":true,"href":"https:\/\/apellismedicalhub.ca\/fr\/wp-json\/wp\/v2\/users\/3"}],"replies":[{"embeddable":true,"href":"https:\/\/apellismedicalhub.ca\/fr\/wp-json\/wp\/v2\/comments?post=486"}],"version-history":[{"count":0,"href":"https:\/\/apellismedicalhub.ca\/fr\/wp-json\/wp\/v2\/pages\/486\/revisions"}],"up":[{"embeddable":true,"href":"https:\/\/apellismedicalhub.ca\/fr\/wp-json\/wp\/v2\/pages\/114"}],"wp:attachment":[{"href":"https:\/\/apellismedicalhub.ca\/fr\/wp-json\/wp\/v2\/media?parent=486"}],"curies":[{"name":"wp","href":"https:\/\/api.w.org\/{rel}","templated":true}]}}