{"id":647,"date":"2023-01-13T17:22:22","date_gmt":"2023-01-13T17:22:22","guid":{"rendered":"https:\/\/apellismedicalhub.ca\/fr\/?page_id=647"},"modified":"2024-01-16T22:21:55","modified_gmt":"2024-01-16T22:21:55","slug":"medical-information","status":"publish","type":"page","link":"https:\/\/apellismedicalhub.ca\/fr\/medical-information\/","title":{"rendered":"Medical information"},"content":{"rendered":"<div id='av_section_1'  class='avia-section av-tkeef-5e0fba85a14137845dceaf10beb0cc00 main_color avia-section-large avia-no-border-styling  avia-builder-el-0  avia-builder-el-no-sibling  science-template avia-bg-style-scroll container_wrap fullsize'  ><div class='container av-section-cont-open' ><main  role=\"main\" itemprop=\"mainContentOfPage\"  class='template-page content  av-content-full alpha units'><div class='post-entry post-entry-type-page post-entry-647'><div class='entry-content-wrapper clearfix'>\n\n\n<style type=\"text\/css\" data-created_by=\"avia_inline_auto\" id=\"style-css-av-lcusechs-10f7874b03c0e3d611d56b65d0dd338a\">\n#top .av-special-heading.av-lcusechs-10f7874b03c0e3d611d56b65d0dd338a{\npadding-bottom:30px;\n}\nbody .av-special-heading.av-lcusechs-10f7874b03c0e3d611d56b65d0dd338a .av-special-heading-tag .heading-char{\nfont-size:25px;\n}\n.av-special-heading.av-lcusechs-10f7874b03c0e3d611d56b65d0dd338a .av-subheading{\nfont-size:15px;\n}\n<\/style>\n<div  class='av-special-heading av-lcusechs-10f7874b03c0e3d611d56b65d0dd338a av-special-heading-h1 blockquote modern-quote  avia-builder-el-2  el_after_av_codeblock  el_before_av_textblock '><h1 class='av-special-heading-tag'  itemprop=\"headline\"  >Information m\u00e9dicale chez Apellis<\/h1><div class=\"special-heading-border\"><div class=\"special-heading-inner-border\"><\/div><\/div><\/div>\n<section  class='av_textblock_section av-lcuse2bj-938010c83e25ca670239c28c6ec21d71 '   itemscope=\"itemscope\" itemtype=\"https:\/\/schema.org\/CreativeWork\" ><div class='avia_textblock'  itemprop=\"text\" ><p>Le service de l\u2019information m\u00e9dicale chez Apellis fournit des renseignements \u00e0 jour, exacts et opportuns en r\u00e9ponse \u00e0 des demandes de renseignements m\u00e9dicaux ou scientifiques non sollicit\u00e9s concernant nos produits commercialis\u00e9s ou exp\u00e9rimentaux. Nous proposons diff\u00e9rents canaux pour discuter de vos questions. Que vous communiquiez avec Apellis par t\u00e9l\u00e9phone ou par courriel, le service de l\u2019information m\u00e9dicale est disponible pour vous aider 24\u00a0heures sur\u00a024, 7\u00a0jours sur\u00a07.<\/p>\n<\/div><\/section>\n\n<style type=\"text\/css\" data-created_by=\"avia_inline_auto\" id=\"style-css-av-lw4ev-e3da8922be24275570b6c7921a24f3f0\">\n#top .hr.av-lw4ev-e3da8922be24275570b6c7921a24f3f0{\nmargin-top:10px;\nmargin-bottom:30px;\n}\n.hr.av-lw4ev-e3da8922be24275570b6c7921a24f3f0 .hr-inner{\nwidth:100%;\n}\n<\/style>\n<div  class='hr av-lw4ev-e3da8922be24275570b6c7921a24f3f0 hr-custom  avia-builder-el-4  el_after_av_textblock  el_before_av_codeblock  hr-center hr-icon-no'><span class='hr-inner inner-border-av-border-fat'><span class=\"hr-inner-style\"><\/span><\/span><\/div>\n\n\n<style type=\"text\/css\" data-created_by=\"avia_inline_auto\" id=\"style-css-av-axwa7-6dc2e16b06031057662e7b76aca73f56\">\n#top .hr.av-axwa7-6dc2e16b06031057662e7b76aca73f56{\nmargin-top:10px;\nmargin-bottom:30px;\n}\n.hr.av-axwa7-6dc2e16b06031057662e7b76aca73f56 .hr-inner{\nwidth:100%;\n}\n<\/style>\n<div  class='hr av-axwa7-6dc2e16b06031057662e7b76aca73f56 hr-custom  avia-builder-el-6  el_after_av_codeblock  el_before_av_textblock  hr-center hr-icon-no'><span class='hr-inner inner-border-av-border-fat'><span class=\"hr-inner-style\"><\/span><\/span><\/div>\n<section  class='av_textblock_section av-lcusdpsz-761835183229eeacfb5de32df3b6e2f8 '   itemscope=\"itemscope\" itemtype=\"https:\/\/schema.org\/CreativeWork\" ><div class='avia_textblock'  itemprop=\"text\" ><p>Les informations que vous fournissez seront trait\u00e9es conform\u00e9ment \u00e0 la <a href=\"https:\/\/apellismedicalhub.ca\/fr\/privacy-policy\/\">politique de confidentialit\u00e9<\/a> d&rsquo;Apellis.<\/p>\n<p>Veuillez noter qu&rsquo;Apellis Pharmaceuticals Inc. (appel\u00e9e \u00ab\u00a0Apellis\u00a0\u00bb) utilisera les informations personnelles que vous avez fournies pour r\u00e9pondre \u00e0 votre demande d&rsquo;information m\u00e9dicale.<\/p>\n<p>Nous collectons et traitons actuellement votre nom et vos coordonn\u00e9es, ainsi que toute autre information sensible pertinente au rapport ou \u00e0 la demande que vous faites, afin de traiter ce rapport ou cette demande m\u00e9dicale et de nous conformer \u00e0 nos obligations l\u00e9gales et r\u00e9glementaires, y compris celles relatives \u00e0 fournir un service d&rsquo;information m\u00e9dicale et des rapports sur la s\u00e9curit\u00e9 et la qualit\u00e9.<\/p>\n<p>Vous pouvez en savoir plus sur pourquoi, comment nous traitons et avec qui nous partageons vos donn\u00e9es personnelles, ainsi que sur vos droits \u00e0 la vie priv\u00e9e et comment les exercer en consultant notre \u00e9nonc\u00e9 de confidentialit\u00e9.<\/p>\n<\/div><\/section>\n\n","protected":false},"excerpt":{"rendered":"","protected":false},"author":3,"featured_media":0,"parent":0,"menu_order":0,"comment_status":"closed","ping_status":"closed","template":"","meta":{"footnotes":""},"class_list":["post-647","page","type-page","status-publish","hentry"],"yoast_head":"<!-- This site is optimized with the Yoast SEO plugin v27.3 - https:\/\/yoast.com\/product\/yoast-seo-wordpress\/ -->\n<title>Medical information - Apellis Medical Hub Canada<\/title>\n<meta name=\"robots\" content=\"index, follow, max-snippet:-1, max-image-preview:large, max-video-preview:-1\" \/>\n<link rel=\"canonical\" href=\"https:\/\/apellismedicalhub.ca\/fr\/medical-information\/\" \/>\n<meta property=\"og:locale\" content=\"fr_FR\" \/>\n<meta property=\"og:type\" content=\"article\" \/>\n<meta property=\"og:title\" content=\"Medical information - Apellis Medical Hub Canada\" \/>\n<meta property=\"og:url\" content=\"https:\/\/apellismedicalhub.ca\/fr\/medical-information\/\" \/>\n<meta property=\"og:site_name\" content=\"Apellis Medical Hub Canada\" \/>\n<meta property=\"article:modified_time\" content=\"2024-01-16T22:21:55+00:00\" \/>\n<meta name=\"twitter:card\" content=\"summary_large_image\" \/>\n<meta name=\"twitter:label1\" content=\"Dur\u00e9e de lecture estim\u00e9e\" \/>\n\t<meta name=\"twitter:data1\" content=\"2 minutes\" \/>\n<script type=\"application\/ld+json\" class=\"yoast-schema-graph\">{\"@context\":\"https:\\\/\\\/schema.org\",\"@graph\":[{\"@type\":\"WebPage\",\"@id\":\"https:\\\/\\\/apellismedicalhub.ca\\\/fr\\\/medical-information\\\/\",\"url\":\"https:\\\/\\\/apellismedicalhub.ca\\\/fr\\\/medical-information\\\/\",\"name\":\"Medical information - Apellis Medical Hub Canada\",\"isPartOf\":{\"@id\":\"https:\\\/\\\/apellismedicalhub.ca\\\/fr\\\/#website\"},\"datePublished\":\"2023-01-13T17:22:22+00:00\",\"dateModified\":\"2024-01-16T22:21:55+00:00\",\"breadcrumb\":{\"@id\":\"https:\\\/\\\/apellismedicalhub.ca\\\/fr\\\/medical-information\\\/#breadcrumb\"},\"inLanguage\":\"fr-FR\",\"potentialAction\":[{\"@type\":\"ReadAction\",\"target\":[\"https:\\\/\\\/apellismedicalhub.ca\\\/fr\\\/medical-information\\\/\"]}]},{\"@type\":\"BreadcrumbList\",\"@id\":\"https:\\\/\\\/apellismedicalhub.ca\\\/fr\\\/medical-information\\\/#breadcrumb\",\"itemListElement\":[{\"@type\":\"ListItem\",\"position\":1,\"name\":\"Home\",\"item\":\"https:\\\/\\\/apellismedicalhub.ca\\\/fr\\\/home\\\/\"},{\"@type\":\"ListItem\",\"position\":2,\"name\":\"Medical information\"}]},{\"@type\":\"WebSite\",\"@id\":\"https:\\\/\\\/apellismedicalhub.ca\\\/fr\\\/#website\",\"url\":\"https:\\\/\\\/apellismedicalhub.ca\\\/fr\\\/\",\"name\":\"Apellis Medical Hub Canada\",\"description\":\"\",\"potentialAction\":[{\"@type\":\"SearchAction\",\"target\":{\"@type\":\"EntryPoint\",\"urlTemplate\":\"https:\\\/\\\/apellismedicalhub.ca\\\/fr\\\/?s={search_term_string}\"},\"query-input\":{\"@type\":\"PropertyValueSpecification\",\"valueRequired\":true,\"valueName\":\"search_term_string\"}}],\"inLanguage\":\"fr-FR\"}]}<\/script>\n<!-- \/ Yoast SEO plugin. -->","yoast_head_json":{"title":"Medical information - Apellis Medical Hub Canada","robots":{"index":"index","follow":"follow","max-snippet":"max-snippet:-1","max-image-preview":"max-image-preview:large","max-video-preview":"max-video-preview:-1"},"canonical":"https:\/\/apellismedicalhub.ca\/fr\/medical-information\/","og_locale":"fr_FR","og_type":"article","og_title":"Medical information - Apellis Medical Hub Canada","og_url":"https:\/\/apellismedicalhub.ca\/fr\/medical-information\/","og_site_name":"Apellis Medical Hub Canada","article_modified_time":"2024-01-16T22:21:55+00:00","twitter_card":"summary_large_image","twitter_misc":{"Dur\u00e9e de lecture estim\u00e9e":"2 minutes"},"schema":{"@context":"https:\/\/schema.org","@graph":[{"@type":"WebPage","@id":"https:\/\/apellismedicalhub.ca\/fr\/medical-information\/","url":"https:\/\/apellismedicalhub.ca\/fr\/medical-information\/","name":"Medical information - Apellis Medical Hub Canada","isPartOf":{"@id":"https:\/\/apellismedicalhub.ca\/fr\/#website"},"datePublished":"2023-01-13T17:22:22+00:00","dateModified":"2024-01-16T22:21:55+00:00","breadcrumb":{"@id":"https:\/\/apellismedicalhub.ca\/fr\/medical-information\/#breadcrumb"},"inLanguage":"fr-FR","potentialAction":[{"@type":"ReadAction","target":["https:\/\/apellismedicalhub.ca\/fr\/medical-information\/"]}]},{"@type":"BreadcrumbList","@id":"https:\/\/apellismedicalhub.ca\/fr\/medical-information\/#breadcrumb","itemListElement":[{"@type":"ListItem","position":1,"name":"Home","item":"https:\/\/apellismedicalhub.ca\/fr\/home\/"},{"@type":"ListItem","position":2,"name":"Medical information"}]},{"@type":"WebSite","@id":"https:\/\/apellismedicalhub.ca\/fr\/#website","url":"https:\/\/apellismedicalhub.ca\/fr\/","name":"Apellis Medical Hub Canada","description":"","potentialAction":[{"@type":"SearchAction","target":{"@type":"EntryPoint","urlTemplate":"https:\/\/apellismedicalhub.ca\/fr\/?s={search_term_string}"},"query-input":{"@type":"PropertyValueSpecification","valueRequired":true,"valueName":"search_term_string"}}],"inLanguage":"fr-FR"}]}},"_links":{"self":[{"href":"https:\/\/apellismedicalhub.ca\/fr\/wp-json\/wp\/v2\/pages\/647","targetHints":{"allow":["GET"]}}],"collection":[{"href":"https:\/\/apellismedicalhub.ca\/fr\/wp-json\/wp\/v2\/pages"}],"about":[{"href":"https:\/\/apellismedicalhub.ca\/fr\/wp-json\/wp\/v2\/types\/page"}],"author":[{"embeddable":true,"href":"https:\/\/apellismedicalhub.ca\/fr\/wp-json\/wp\/v2\/users\/3"}],"replies":[{"embeddable":true,"href":"https:\/\/apellismedicalhub.ca\/fr\/wp-json\/wp\/v2\/comments?post=647"}],"version-history":[{"count":0,"href":"https:\/\/apellismedicalhub.ca\/fr\/wp-json\/wp\/v2\/pages\/647\/revisions"}],"wp:attachment":[{"href":"https:\/\/apellismedicalhub.ca\/fr\/wp-json\/wp\/v2\/media?parent=647"}],"curies":[{"name":"wp","href":"https:\/\/api.w.org\/{rel}","templated":true}]}}