{"id":654,"date":"2023-01-13T17:37:47","date_gmt":"2023-01-13T17:37:47","guid":{"rendered":"https:\/\/apellismedicalhub.ca\/fr\/?page_id=654"},"modified":"2024-01-16T22:23:02","modified_gmt":"2024-01-16T22:23:02","slug":"connect-with-msl","status":"publish","type":"page","link":"https:\/\/apellismedicalhub.ca\/fr\/connect-with-msl\/","title":{"rendered":"Connect with an MSL"},"content":{"rendered":"<div id='av_section_1'  class='avia-section av-tkeef-5e0fba85a14137845dceaf10beb0cc00 main_color avia-section-large avia-no-border-styling  avia-builder-el-0  avia-builder-el-no-sibling  science-template avia-bg-style-scroll container_wrap fullsize'  ><div class='container av-section-cont-open' ><main  role=\"main\" itemprop=\"mainContentOfPage\"  class='template-page content  av-content-full alpha units'><div class='post-entry post-entry-type-page post-entry-654'><div class='entry-content-wrapper clearfix'>\n\n\n<style type=\"text\/css\" data-created_by=\"avia_inline_auto\" id=\"style-css-av-lcusechs-3e9b31ee510c43306fe60a7be5780d82\">\n#top .av-special-heading.av-lcusechs-3e9b31ee510c43306fe60a7be5780d82{\npadding-bottom:30px;\n}\nbody .av-special-heading.av-lcusechs-3e9b31ee510c43306fe60a7be5780d82 .av-special-heading-tag .heading-char{\nfont-size:25px;\n}\n.av-special-heading.av-lcusechs-3e9b31ee510c43306fe60a7be5780d82 .av-subheading{\nfont-size:15px;\n}\n<\/style>\n<div  class='av-special-heading av-lcusechs-3e9b31ee510c43306fe60a7be5780d82 av-special-heading-h1 blockquote modern-quote  avia-builder-el-2  el_after_av_codeblock  el_before_av_hr '><h1 class='av-special-heading-tag'  itemprop=\"headline\"  >Contacter un LSM<\/h1><div class=\"special-heading-border\"><div class=\"special-heading-inner-border\"><\/div><\/div><\/div>\n\n<style type=\"text\/css\" data-created_by=\"avia_inline_auto\" id=\"style-css-av-lw4ev-e3da8922be24275570b6c7921a24f3f0\">\n#top .hr.av-lw4ev-e3da8922be24275570b6c7921a24f3f0{\nmargin-top:10px;\nmargin-bottom:30px;\n}\n.hr.av-lw4ev-e3da8922be24275570b6c7921a24f3f0 .hr-inner{\nwidth:100%;\n}\n<\/style>\n<div  class='hr av-lw4ev-e3da8922be24275570b6c7921a24f3f0 hr-custom  avia-builder-el-3  el_after_av_heading  el_before_av_codeblock  hr-center hr-icon-no'><span class='hr-inner inner-border-av-border-fat'><span class=\"hr-inner-style\"><\/span><\/span><\/div>\n\n\n<style type=\"text\/css\" data-created_by=\"avia_inline_auto\" id=\"style-css-av-axwa7-6dc2e16b06031057662e7b76aca73f56\">\n#top .hr.av-axwa7-6dc2e16b06031057662e7b76aca73f56{\nmargin-top:10px;\nmargin-bottom:30px;\n}\n.hr.av-axwa7-6dc2e16b06031057662e7b76aca73f56 .hr-inner{\nwidth:100%;\n}\n<\/style>\n<div  class='hr av-axwa7-6dc2e16b06031057662e7b76aca73f56 hr-custom  avia-builder-el-5  el_after_av_codeblock  el_before_av_textblock  hr-center hr-icon-no'><span class='hr-inner inner-border-av-border-fat'><span class=\"hr-inner-style\"><\/span><\/span><\/div>\n<section  class='av_textblock_section av-lcusdpsz-761835183229eeacfb5de32df3b6e2f8 '   itemscope=\"itemscope\" itemtype=\"https:\/\/schema.org\/CreativeWork\" ><div class='avia_textblock'  itemprop=\"text\" ><p>En soumettant ce formulaire, je confirme que je suis un.e professionnel.le de la sant\u00e9 et j&rsquo;autorise Apellis Pharmaceuticals, Inc., ses soci\u00e9t\u00e9s affili\u00e9es et leurs repr\u00e9sentants, agents, sous-traitants et soci\u00e9t\u00e9s travaillant avec Apellis (collectivement, \u00ab\u00a0Apellis\u00a0\u00bb), \u00e0 communiquer avec moi par courrier, courriel, t\u00e9l\u00e9phone et message instantan\u00e9 pour me fournir des informations sur les produits, services et programmes d&rsquo;Apellis ou sur d&rsquo;autres sujets d&rsquo;int\u00e9r\u00eat. J&rsquo;ai lu et compris la <a href=\"https:\/\/apellismedicalhub.ca\/fr\/privacy-policy\/\">politique de confidentialit\u00e9<\/a>.<\/p>\n<\/div><\/section>\n\n","protected":false},"excerpt":{"rendered":"","protected":false},"author":3,"featured_media":0,"parent":0,"menu_order":0,"comment_status":"closed","ping_status":"closed","template":"","meta":{"footnotes":""},"class_list":["post-654","page","type-page","status-publish","hentry"],"yoast_head":"<!-- This site is optimized with the Yoast SEO plugin v27.3 - https:\/\/yoast.com\/product\/yoast-seo-wordpress\/ -->\n<title>Connect with an MSL - Apellis Medical Hub Canada<\/title>\n<meta name=\"robots\" content=\"index, follow, max-snippet:-1, max-image-preview:large, max-video-preview:-1\" \/>\n<link rel=\"canonical\" href=\"https:\/\/apellismedicalhub.ca\/fr\/connect-with-msl\/\" \/>\n<meta property=\"og:locale\" content=\"fr_FR\" \/>\n<meta property=\"og:type\" content=\"article\" \/>\n<meta property=\"og:title\" content=\"Connect with an MSL - Apellis Medical Hub Canada\" \/>\n<meta property=\"og:url\" content=\"https:\/\/apellismedicalhub.ca\/fr\/connect-with-msl\/\" \/>\n<meta property=\"og:site_name\" content=\"Apellis Medical Hub Canada\" \/>\n<meta property=\"article:modified_time\" content=\"2024-01-16T22:23:02+00:00\" \/>\n<meta name=\"twitter:card\" content=\"summary_large_image\" \/>\n<meta name=\"twitter:label1\" content=\"Dur\u00e9e de lecture estim\u00e9e\" \/>\n\t<meta name=\"twitter:data1\" content=\"1 minute\" \/>\n<script type=\"application\/ld+json\" class=\"yoast-schema-graph\">{\"@context\":\"https:\\\/\\\/schema.org\",\"@graph\":[{\"@type\":\"WebPage\",\"@id\":\"https:\\\/\\\/apellismedicalhub.ca\\\/fr\\\/connect-with-msl\\\/\",\"url\":\"https:\\\/\\\/apellismedicalhub.ca\\\/fr\\\/connect-with-msl\\\/\",\"name\":\"Connect with an MSL - Apellis Medical Hub Canada\",\"isPartOf\":{\"@id\":\"https:\\\/\\\/apellismedicalhub.ca\\\/fr\\\/#website\"},\"datePublished\":\"2023-01-13T17:37:47+00:00\",\"dateModified\":\"2024-01-16T22:23:02+00:00\",\"breadcrumb\":{\"@id\":\"https:\\\/\\\/apellismedicalhub.ca\\\/fr\\\/connect-with-msl\\\/#breadcrumb\"},\"inLanguage\":\"fr-FR\",\"potentialAction\":[{\"@type\":\"ReadAction\",\"target\":[\"https:\\\/\\\/apellismedicalhub.ca\\\/fr\\\/connect-with-msl\\\/\"]}]},{\"@type\":\"BreadcrumbList\",\"@id\":\"https:\\\/\\\/apellismedicalhub.ca\\\/fr\\\/connect-with-msl\\\/#breadcrumb\",\"itemListElement\":[{\"@type\":\"ListItem\",\"position\":1,\"name\":\"Home\",\"item\":\"https:\\\/\\\/apellismedicalhub.ca\\\/fr\\\/home\\\/\"},{\"@type\":\"ListItem\",\"position\":2,\"name\":\"Connect with an MSL\"}]},{\"@type\":\"WebSite\",\"@id\":\"https:\\\/\\\/apellismedicalhub.ca\\\/fr\\\/#website\",\"url\":\"https:\\\/\\\/apellismedicalhub.ca\\\/fr\\\/\",\"name\":\"Apellis Medical Hub Canada\",\"description\":\"\",\"potentialAction\":[{\"@type\":\"SearchAction\",\"target\":{\"@type\":\"EntryPoint\",\"urlTemplate\":\"https:\\\/\\\/apellismedicalhub.ca\\\/fr\\\/?s={search_term_string}\"},\"query-input\":{\"@type\":\"PropertyValueSpecification\",\"valueRequired\":true,\"valueName\":\"search_term_string\"}}],\"inLanguage\":\"fr-FR\"}]}<\/script>\n<!-- \/ Yoast SEO plugin. -->","yoast_head_json":{"title":"Connect with an MSL - Apellis Medical Hub Canada","robots":{"index":"index","follow":"follow","max-snippet":"max-snippet:-1","max-image-preview":"max-image-preview:large","max-video-preview":"max-video-preview:-1"},"canonical":"https:\/\/apellismedicalhub.ca\/fr\/connect-with-msl\/","og_locale":"fr_FR","og_type":"article","og_title":"Connect with an MSL - Apellis Medical Hub Canada","og_url":"https:\/\/apellismedicalhub.ca\/fr\/connect-with-msl\/","og_site_name":"Apellis Medical Hub Canada","article_modified_time":"2024-01-16T22:23:02+00:00","twitter_card":"summary_large_image","twitter_misc":{"Dur\u00e9e de lecture estim\u00e9e":"1 minute"},"schema":{"@context":"https:\/\/schema.org","@graph":[{"@type":"WebPage","@id":"https:\/\/apellismedicalhub.ca\/fr\/connect-with-msl\/","url":"https:\/\/apellismedicalhub.ca\/fr\/connect-with-msl\/","name":"Connect with an MSL - Apellis Medical Hub Canada","isPartOf":{"@id":"https:\/\/apellismedicalhub.ca\/fr\/#website"},"datePublished":"2023-01-13T17:37:47+00:00","dateModified":"2024-01-16T22:23:02+00:00","breadcrumb":{"@id":"https:\/\/apellismedicalhub.ca\/fr\/connect-with-msl\/#breadcrumb"},"inLanguage":"fr-FR","potentialAction":[{"@type":"ReadAction","target":["https:\/\/apellismedicalhub.ca\/fr\/connect-with-msl\/"]}]},{"@type":"BreadcrumbList","@id":"https:\/\/apellismedicalhub.ca\/fr\/connect-with-msl\/#breadcrumb","itemListElement":[{"@type":"ListItem","position":1,"name":"Home","item":"https:\/\/apellismedicalhub.ca\/fr\/home\/"},{"@type":"ListItem","position":2,"name":"Connect with an MSL"}]},{"@type":"WebSite","@id":"https:\/\/apellismedicalhub.ca\/fr\/#website","url":"https:\/\/apellismedicalhub.ca\/fr\/","name":"Apellis Medical Hub Canada","description":"","potentialAction":[{"@type":"SearchAction","target":{"@type":"EntryPoint","urlTemplate":"https:\/\/apellismedicalhub.ca\/fr\/?s={search_term_string}"},"query-input":{"@type":"PropertyValueSpecification","valueRequired":true,"valueName":"search_term_string"}}],"inLanguage":"fr-FR"}]}},"_links":{"self":[{"href":"https:\/\/apellismedicalhub.ca\/fr\/wp-json\/wp\/v2\/pages\/654","targetHints":{"allow":["GET"]}}],"collection":[{"href":"https:\/\/apellismedicalhub.ca\/fr\/wp-json\/wp\/v2\/pages"}],"about":[{"href":"https:\/\/apellismedicalhub.ca\/fr\/wp-json\/wp\/v2\/types\/page"}],"author":[{"embeddable":true,"href":"https:\/\/apellismedicalhub.ca\/fr\/wp-json\/wp\/v2\/users\/3"}],"replies":[{"embeddable":true,"href":"https:\/\/apellismedicalhub.ca\/fr\/wp-json\/wp\/v2\/comments?post=654"}],"version-history":[{"count":0,"href":"https:\/\/apellismedicalhub.ca\/fr\/wp-json\/wp\/v2\/pages\/654\/revisions"}],"wp:attachment":[{"href":"https:\/\/apellismedicalhub.ca\/fr\/wp-json\/wp\/v2\/media?parent=654"}],"curies":[{"name":"wp","href":"https:\/\/api.w.org\/{rel}","templated":true}]}}